{"id":110248,"date":"2025-05-18T20:54:57","date_gmt":"2025-05-18T20:54:57","guid":{"rendered":"https:\/\/staging2.stylingagenten.com\/fi\/produkt\/dkny-be-delicious-edp-30ml\/"},"modified":"2026-04-15T06:59:29","modified_gmt":"2026-04-15T06:59:29","slug":"dkny-be-delicious-edp-30ml","status":"publish","type":"product","link":"https:\/\/stylingagenten.com\/fi\/tuote\/dkny-be-delicious-edp-30ml\/","title":{"rendered":"DKNY Be Delicious Edp 30ml"},"content":{"rendered":"<p>DKNY Be Delicious For Women on raikas s\u00e4vy ja eksoottisten kukkien ja puiden s\u00e4vyt. Eritt\u00e4in suosittu tuoksu, joka on virkist\u00e4v\u00e4 kaikille naisille.<\/p>\n<p><strong>Tuoksutuoksu:&nbsp;<\/strong>&auml;omena, kurkku, greippi, magnolia, ruusu, kielo, orvokki, santelipuu; , puu&auml; &amp; keltainen.<\/p>\n","protected":false},"excerpt":{"rendered":"<p>DKNY Be Delicious For Women on raikas s\u00e4vy ja eksoottisten kukkien ja puiden s\u00e4vyt. Eritt\u00e4in suosittu tuoksu, joka on virkist\u00e4v\u00e4 kaikille naisille. Tuoksutuoksu:&nbsp;&auml;omena, kurkku, greippi, magnolia, ruusu, kielo, orvokki, santelipuu; , puu&auml; &amp; keltainen.<\/p>\n","protected":false},"featured_media":110247,"comment_status":"open","ping_status":"closed","template":"","meta":{"_trash_the_other_posts":false},"product_brand":[],"product_cat":[753,999,706,735],"product_tag":[2825],"berocket_brand":[1291],"class_list":{"0":"post-110248","1":"product","2":"type-product","3":"status-publish","4":"has-post-thumbnail","6":"product_cat-dkny-be-delicious","7":"product_cat-kampanjatarjous-naiselle","8":"product_cat-naisten-eau-de-parfum","9":"product_cat-kampanjamme","10":"product_tag-dkny-be-delicious-edp","11":"pa_brand-dkny","12":"pa_variantti-30ml","13":"berocket_brand-dkny","15":"first","16":"outofstock","17":"sale","18":"taxable","19":"shipping-taxable","20":"purchasable","21":"product-type-simple"},"_links":{"self":[{"href":"https:\/\/stylingagenten.com\/fi\/wp-json\/wp\/v2\/product\/110248","targetHints":{"allow":["GET"]}}],"collection":[{"href":"https:\/\/stylingagenten.com\/fi\/wp-json\/wp\/v2\/product"}],"about":[{"href":"https:\/\/stylingagenten.com\/fi\/wp-json\/wp\/v2\/types\/product"}],"replies":[{"embeddable":true,"href":"https:\/\/stylingagenten.com\/fi\/wp-json\/wp\/v2\/comments?post=110248"}],"version-history":[{"count":0,"href":"https:\/\/stylingagenten.com\/fi\/wp-json\/wp\/v2\/product\/110248\/revisions"}],"wp:featuredmedia":[{"embeddable":true,"href":"https:\/\/stylingagenten.com\/fi\/wp-json\/wp\/v2\/media\/110247"}],"wp:attachment":[{"href":"https:\/\/stylingagenten.com\/fi\/wp-json\/wp\/v2\/media?parent=110248"}],"wp:term":[{"taxonomy":"product_brand","embeddable":true,"href":"https:\/\/stylingagenten.com\/fi\/wp-json\/wp\/v2\/product_brand?post=110248"},{"taxonomy":"product_cat","embeddable":true,"href":"https:\/\/stylingagenten.com\/fi\/wp-json\/wp\/v2\/product_cat?post=110248"},{"taxonomy":"product_tag","embeddable":true,"href":"https:\/\/stylingagenten.com\/fi\/wp-json\/wp\/v2\/product_tag?post=110248"},{"taxonomy":"berocket_brand","embeddable":true,"href":"https:\/\/stylingagenten.com\/fi\/wp-json\/wp\/v2\/berocket_brand?post=110248"}],"curies":[{"name":"wp","href":"https:\/\/api.w.org\/{rel}","templated":true}]}}