{"id":110240,"date":"2025-05-18T20:54:56","date_gmt":"2025-05-18T20:54:56","guid":{"rendered":"https:\/\/staging2.stylingagenten.com\/fi\/produkt\/chloe-edp-50ml\/"},"modified":"2026-04-14T16:08:30","modified_gmt":"2026-04-14T16:08:30","slug":"chloe-edp-50ml","status":"publish","type":"product","link":"https:\/\/stylingagenten.com\/fi\/tuote\/chloe-edp-50ml\/","title":{"rendered":"Chlo\u00e9 Edp 50ml"},"content":{"rendered":"<p>Chlo&eacute; &nbsp;&auml;on l\u00e4mmin, vaarallinen ja riippuvuutta aiheuttava tuoksu. Tuoreet, vihre\u00e4t, ilmavat nuotit vahvistuvat ja aistillisempia paljastaen ruusunuun pehme\u00e4n sis\u00e4osan. Pohja koostuu l\u00e4mpim\u00e4st\u00e4 meripihkasta, hunajasta ja elegantista setripuusta; luoda pehme\u00e4 lopputulos.<\/p>\n<p><strong>Tuoksutuoksu:<\/strong> vaaleanpunainen pioni, freesia, litsi, magnolian kukka, kielo, ruusu, setripuu, ambra ja ambra; kulta.<\/p>\n","protected":false},"excerpt":{"rendered":"<p>Chlo&eacute; &nbsp;&auml;on l\u00e4mmin, vaarallinen ja riippuvuutta aiheuttava tuoksu. Tuoreet, vihre\u00e4t, ilmavat nuotit vahvistuvat ja aistillisempia paljastaen ruusunuun pehme\u00e4n sis\u00e4osan. Pohja koostuu l\u00e4mpim\u00e4st\u00e4 meripihkasta, hunajasta ja elegantista setripuusta; luoda pehme\u00e4 lopputulos. Tuoksutuoksu: vaaleanpunainen pioni, freesia, litsi, magnolian kukka, kielo, ruusu, setripuu, ambra ja ambra; kulta.<\/p>\n","protected":false},"featured_media":110237,"comment_status":"open","ping_status":"closed","template":"","meta":{"_trash_the_other_posts":false},"product_brand":[],"product_cat":[999,706,735],"product_tag":[2683],"berocket_brand":[1101],"class_list":{"0":"post-110240","1":"product","2":"type-product","3":"status-publish","4":"has-post-thumbnail","6":"product_cat-kampanjatarjous-naiselle","7":"product_cat-naisten-eau-de-parfum","8":"product_cat-kampanjamme","9":"product_tag-chloe-edp","10":"pa_brand-chloe","11":"pa_variantti-50ml","12":"berocket_brand-chloe","14":"first","15":"instock","16":"sale","17":"taxable","18":"shipping-taxable","19":"purchasable","20":"product-type-simple"},"_links":{"self":[{"href":"https:\/\/stylingagenten.com\/fi\/wp-json\/wp\/v2\/product\/110240","targetHints":{"allow":["GET"]}}],"collection":[{"href":"https:\/\/stylingagenten.com\/fi\/wp-json\/wp\/v2\/product"}],"about":[{"href":"https:\/\/stylingagenten.com\/fi\/wp-json\/wp\/v2\/types\/product"}],"replies":[{"embeddable":true,"href":"https:\/\/stylingagenten.com\/fi\/wp-json\/wp\/v2\/comments?post=110240"}],"version-history":[{"count":0,"href":"https:\/\/stylingagenten.com\/fi\/wp-json\/wp\/v2\/product\/110240\/revisions"}],"wp:featuredmedia":[{"embeddable":true,"href":"https:\/\/stylingagenten.com\/fi\/wp-json\/wp\/v2\/media\/110237"}],"wp:attachment":[{"href":"https:\/\/stylingagenten.com\/fi\/wp-json\/wp\/v2\/media?parent=110240"}],"wp:term":[{"taxonomy":"product_brand","embeddable":true,"href":"https:\/\/stylingagenten.com\/fi\/wp-json\/wp\/v2\/product_brand?post=110240"},{"taxonomy":"product_cat","embeddable":true,"href":"https:\/\/stylingagenten.com\/fi\/wp-json\/wp\/v2\/product_cat?post=110240"},{"taxonomy":"product_tag","embeddable":true,"href":"https:\/\/stylingagenten.com\/fi\/wp-json\/wp\/v2\/product_tag?post=110240"},{"taxonomy":"berocket_brand","embeddable":true,"href":"https:\/\/stylingagenten.com\/fi\/wp-json\/wp\/v2\/berocket_brand?post=110240"}],"curies":[{"name":"wp","href":"https:\/\/api.w.org\/{rel}","templated":true}]}}