{"id":110231,"date":"2025-05-18T20:54:55","date_gmt":"2025-05-18T20:54:55","guid":{"rendered":"https:\/\/staging2.stylingagenten.com\/fi\/produkt\/hugo-boss-boss-orange-woman-edt-50ml\/"},"modified":"2026-04-05T12:58:45","modified_gmt":"2026-04-05T12:58:45","slug":"hugo-boss-boss-orange-woman-edt-50ml","status":"publish","type":"product","link":"https:\/\/stylingagenten.com\/fi\/tuote\/hugo-boss-boss-orange-woman-edt-50ml\/","title":{"rendered":"Hugo Boss Boss Orange Woman Edt 50ml"},"content":{"rendered":"<p>Hugo Boss Orange Woman on raikas ja naisellinen tuoksu, joka on luotu huolettomalle, seksikk\u00e4\u00e4lle naiselle. Se on mausteinen ja l\u00e4mmin, ja siin\u00e4 on vivahteita it\u00e4maisesta puusta.<\/p>\n<p><strong>Tuoksutuoksu:&nbsp;<\/strong>&auml;omena, persikka, appelsiininkukka, jasmiini, luumu, kaneli, vanilja, santelipuu; &amp; oliivipuu.<\/p>\n","protected":false},"excerpt":{"rendered":"<p>Hugo Boss Orange Woman on raikas ja naisellinen tuoksu, joka on luotu huolettomalle, seksikk\u00e4\u00e4lle naiselle. Se on mausteinen ja l\u00e4mmin, ja siin\u00e4 on vivahteita it\u00e4maisesta puusta. Tuoksutuoksu:&nbsp;&auml;omena, persikka, appelsiininkukka, jasmiini, luumu, kaneli, vanilja, santelipuu; &amp; oliivipuu.<\/p>\n","protected":false},"featured_media":110227,"comment_status":"open","ping_status":"closed","template":"","meta":{"_trash_the_other_posts":false},"product_brand":[],"product_cat":[999,706,735],"product_tag":[2977],"berocket_brand":[1339],"class_list":{"0":"post-110231","1":"product","2":"type-product","3":"status-publish","4":"has-post-thumbnail","6":"product_cat-kampanjatarjous-naiselle","7":"product_cat-naisten-eau-de-parfum","8":"product_cat-kampanjamme","9":"product_tag-hugo-boss-boss-orange-woman-edt","10":"pa_brand-hugo-boss","11":"pa_variantti-50ml","12":"berocket_brand-hugo-boss","14":"first","15":"outofstock","16":"sale","17":"taxable","18":"shipping-taxable","19":"purchasable","20":"product-type-simple"},"_links":{"self":[{"href":"https:\/\/stylingagenten.com\/fi\/wp-json\/wp\/v2\/product\/110231","targetHints":{"allow":["GET"]}}],"collection":[{"href":"https:\/\/stylingagenten.com\/fi\/wp-json\/wp\/v2\/product"}],"about":[{"href":"https:\/\/stylingagenten.com\/fi\/wp-json\/wp\/v2\/types\/product"}],"replies":[{"embeddable":true,"href":"https:\/\/stylingagenten.com\/fi\/wp-json\/wp\/v2\/comments?post=110231"}],"version-history":[{"count":0,"href":"https:\/\/stylingagenten.com\/fi\/wp-json\/wp\/v2\/product\/110231\/revisions"}],"wp:featuredmedia":[{"embeddable":true,"href":"https:\/\/stylingagenten.com\/fi\/wp-json\/wp\/v2\/media\/110227"}],"wp:attachment":[{"href":"https:\/\/stylingagenten.com\/fi\/wp-json\/wp\/v2\/media?parent=110231"}],"wp:term":[{"taxonomy":"product_brand","embeddable":true,"href":"https:\/\/stylingagenten.com\/fi\/wp-json\/wp\/v2\/product_brand?post=110231"},{"taxonomy":"product_cat","embeddable":true,"href":"https:\/\/stylingagenten.com\/fi\/wp-json\/wp\/v2\/product_cat?post=110231"},{"taxonomy":"product_tag","embeddable":true,"href":"https:\/\/stylingagenten.com\/fi\/wp-json\/wp\/v2\/product_tag?post=110231"},{"taxonomy":"berocket_brand","embeddable":true,"href":"https:\/\/stylingagenten.com\/fi\/wp-json\/wp\/v2\/berocket_brand?post=110231"}],"curies":[{"name":"wp","href":"https:\/\/api.w.org\/{rel}","templated":true}]}}