{"id":110221,"date":"2025-05-18T20:54:53","date_gmt":"2025-05-18T20:54:53","guid":{"rendered":"https:\/\/staging2.stylingagenten.com\/fi\/produkt\/laura-biagiotti-laura-edt-75ml\/"},"modified":"2026-04-15T01:58:40","modified_gmt":"2026-04-15T01:58:40","slug":"laura-biagiotti-laura-edt-75ml","status":"publish","type":"product","link":"https:\/\/stylingagenten.com\/fi\/tuote\/laura-biagiotti-laura-edt-75ml\/","title":{"rendered":"Laura Biagiotti Laura Edt 75ml"},"content":{"rendered":"<p>Laura Biagiotti Laura lanseerattiin vuonna 1994 ja on hajuvesi, joka tuoksuu herkulliselta erilaisilta kukilta ja hedelmilt\u00e4. Laura on hajuvesi, joka sopii k\u00e4ytett\u00e4v\u00e4ksi sek\u00e4 p\u00e4iv\u00e4ll\u00e4 ett\u00e4 illalla.<\/p>\n<p><strong>Tuoksutuoksu:&nbsp;<\/strong>persikka, vesimeloni, bergamotti, sitruuna, appelsiininkukka, freesia, ruusut, jasmiini, vesi lilja, violetti, iiris, vetiveriapuu, setripuu; &amp; sammalta.<\/p>\n","protected":false},"excerpt":{"rendered":"<p>Laura Biagiotti Laura lanseerattiin vuonna 1994 ja on hajuvesi, joka tuoksuu herkulliselta erilaisilta kukilta ja hedelmilt\u00e4. Laura on hajuvesi, joka sopii k\u00e4ytett\u00e4v\u00e4ksi sek\u00e4 p\u00e4iv\u00e4ll\u00e4 ett\u00e4 illalla. Tuoksutuoksu:&nbsp;persikka, vesimeloni, bergamotti, sitruuna, appelsiininkukka, freesia, ruusut, jasmiini, vesi lilja, violetti, iiris, vetiveriapuu, setripuu; &amp; sammalta.<\/p>\n","protected":false},"featured_media":110220,"comment_status":"open","ping_status":"closed","template":"","meta":{"_trash_the_other_posts":false},"product_brand":[],"product_cat":[999,949,1003,707,735],"product_tag":[3210],"berocket_brand":[1112],"class_list":{"0":"post-110221","1":"product","2":"type-product","3":"status-publish","4":"has-post-thumbnail","6":"product_cat-kampanjatarjous-naiselle","7":"product_cat-laura-biagiotti-laura","8":"product_cat-myydyimmat","9":"product_cat-naisten-eau-de-toilette","10":"product_cat-kampanjamme","11":"product_tag-laura-biagiotti-laura-edt","12":"pa_brand-laura-biagiotti","13":"pa_variantti-75ml","14":"berocket_brand-laura-biagiotti","16":"first","17":"instock","18":"sale","19":"taxable","20":"shipping-taxable","21":"purchasable","22":"product-type-simple"},"_links":{"self":[{"href":"https:\/\/stylingagenten.com\/fi\/wp-json\/wp\/v2\/product\/110221","targetHints":{"allow":["GET"]}}],"collection":[{"href":"https:\/\/stylingagenten.com\/fi\/wp-json\/wp\/v2\/product"}],"about":[{"href":"https:\/\/stylingagenten.com\/fi\/wp-json\/wp\/v2\/types\/product"}],"replies":[{"embeddable":true,"href":"https:\/\/stylingagenten.com\/fi\/wp-json\/wp\/v2\/comments?post=110221"}],"version-history":[{"count":0,"href":"https:\/\/stylingagenten.com\/fi\/wp-json\/wp\/v2\/product\/110221\/revisions"}],"wp:featuredmedia":[{"embeddable":true,"href":"https:\/\/stylingagenten.com\/fi\/wp-json\/wp\/v2\/media\/110220"}],"wp:attachment":[{"href":"https:\/\/stylingagenten.com\/fi\/wp-json\/wp\/v2\/media?parent=110221"}],"wp:term":[{"taxonomy":"product_brand","embeddable":true,"href":"https:\/\/stylingagenten.com\/fi\/wp-json\/wp\/v2\/product_brand?post=110221"},{"taxonomy":"product_cat","embeddable":true,"href":"https:\/\/stylingagenten.com\/fi\/wp-json\/wp\/v2\/product_cat?post=110221"},{"taxonomy":"product_tag","embeddable":true,"href":"https:\/\/stylingagenten.com\/fi\/wp-json\/wp\/v2\/product_tag?post=110221"},{"taxonomy":"berocket_brand","embeddable":true,"href":"https:\/\/stylingagenten.com\/fi\/wp-json\/wp\/v2\/berocket_brand?post=110221"}],"curies":[{"name":"wp","href":"https:\/\/api.w.org\/{rel}","templated":true}]}}