{"id":110219,"date":"2025-05-18T20:54:52","date_gmt":"2025-05-18T20:54:52","guid":{"rendered":"https:\/\/staging2.stylingagenten.com\/fi\/produkt\/dolce-gabbana-light-blue-edt-50ml\/"},"modified":"2026-04-12T18:18:28","modified_gmt":"2026-04-12T18:18:28","slug":"dolce-gabbana-light-blue-edt-50ml","status":"publish","type":"product","link":"https:\/\/stylingagenten.com\/fi\/tuote\/dolce-gabbana-light-blue-edt-50ml\/","title":{"rendered":"Dolce &amp; Gabbana Light Blue Edt 50ml"},"content":{"rendered":"<p>Dolce &amp; Gabbana Light Blue on vastustamaton raikkaalla, kevyell\u00e4 sitrushedelmien, omenan ja jasmiinin s\u00e4vyll\u00e4. Hajuvesi, joka on todellinen bestseller maailmanlaajuisesti.<\/p>\n<p><strong>Tuoksutuoksu: <\/strong>sisilialainen sitruuna, granny smith -omena, jasmiini, bambu, freesia, valkoinen ruusu, setri, myski ja meripihka.<\/p>\n","protected":false},"excerpt":{"rendered":"<p>Dolce &amp; Gabbana Light Blue on vastustamaton raikkaalla, kevyell\u00e4 sitrushedelmien, omenan ja jasmiinin s\u00e4vyll\u00e4. Hajuvesi, joka on todellinen bestseller maailmanlaajuisesti. Tuoksutuoksu: sisilialainen sitruuna, granny smith -omena, jasmiini, bambu, freesia, valkoinen ruusu, setri, myski ja meripihka.<\/p>\n","protected":false},"featured_media":110217,"comment_status":"open","ping_status":"closed","template":"","meta":{"_trash_the_other_posts":false},"product_brand":[],"product_cat":[832,999,1003,707,735],"product_tag":[2831],"berocket_brand":[1292],"class_list":{"0":"post-110219","1":"product","2":"type-product","3":"status-publish","4":"has-post-thumbnail","6":"product_cat-dolce-gabbana-light-blue-women","7":"product_cat-kampanjatarjous-naiselle","8":"product_cat-myydyimmat","9":"product_cat-naisten-eau-de-toilette","10":"product_cat-kampanjamme","11":"product_tag-dolce-gabbana-light-blue-edt","12":"pa_brand-dolce-gabbana","13":"pa_variantti-50ml","14":"berocket_brand-dolce-gabbana","16":"first","17":"instock","18":"sale","19":"taxable","20":"shipping-taxable","21":"purchasable","22":"product-type-simple"},"_links":{"self":[{"href":"https:\/\/stylingagenten.com\/fi\/wp-json\/wp\/v2\/product\/110219","targetHints":{"allow":["GET"]}}],"collection":[{"href":"https:\/\/stylingagenten.com\/fi\/wp-json\/wp\/v2\/product"}],"about":[{"href":"https:\/\/stylingagenten.com\/fi\/wp-json\/wp\/v2\/types\/product"}],"replies":[{"embeddable":true,"href":"https:\/\/stylingagenten.com\/fi\/wp-json\/wp\/v2\/comments?post=110219"}],"version-history":[{"count":0,"href":"https:\/\/stylingagenten.com\/fi\/wp-json\/wp\/v2\/product\/110219\/revisions"}],"wp:featuredmedia":[{"embeddable":true,"href":"https:\/\/stylingagenten.com\/fi\/wp-json\/wp\/v2\/media\/110217"}],"wp:attachment":[{"href":"https:\/\/stylingagenten.com\/fi\/wp-json\/wp\/v2\/media?parent=110219"}],"wp:term":[{"taxonomy":"product_brand","embeddable":true,"href":"https:\/\/stylingagenten.com\/fi\/wp-json\/wp\/v2\/product_brand?post=110219"},{"taxonomy":"product_cat","embeddable":true,"href":"https:\/\/stylingagenten.com\/fi\/wp-json\/wp\/v2\/product_cat?post=110219"},{"taxonomy":"product_tag","embeddable":true,"href":"https:\/\/stylingagenten.com\/fi\/wp-json\/wp\/v2\/product_tag?post=110219"},{"taxonomy":"berocket_brand","embeddable":true,"href":"https:\/\/stylingagenten.com\/fi\/wp-json\/wp\/v2\/berocket_brand?post=110219"}],"curies":[{"name":"wp","href":"https:\/\/api.w.org\/{rel}","templated":true}]}}