{"id":110216,"date":"2025-05-18T20:54:52","date_gmt":"2025-05-18T20:54:52","guid":{"rendered":"https:\/\/staging2.stylingagenten.com\/fi\/produkt\/elizabeth-arden-beauty-edp-100ml\/"},"modified":"2026-04-03T09:58:47","modified_gmt":"2026-04-03T09:58:47","slug":"elizabeth-arden-beauty-edp-100ml","status":"publish","type":"product","link":"https:\/\/stylingagenten.com\/fi\/tuote\/elizabeth-arden-beauty-edp-100ml\/","title":{"rendered":"Elizabeth Arden Beauty Edp 100ml"},"content":{"rendered":"<p>Elizabeth Arden Beauty on raikas ja kukkainen tuoksu, jossa on l\u00e4mp\u00f6\u00e4 ja mausteisuutta. Hajuvesi on pehme\u00e4 ja miellytt\u00e4v\u00e4 ja sopii naiselle, joka haluaa tuntea olonsa romanttiseksi.<\/p>\n<p><strong>Tuoksutuoksu:&nbsp;<\/strong>riisinkukka, italialainen bergamotti, vihre\u00e4 harmonikka, bl&aring; lootuksenkukka, liljat, orkidea &amp; eacute;, intialainen santelipuu, valkoinen meripihka &amp; amp; myski.<\/p>\n","protected":false},"excerpt":{"rendered":"<p>Elizabeth Arden Beauty on raikas ja kukkainen tuoksu, jossa on l\u00e4mp\u00f6\u00e4 ja mausteisuutta. Hajuvesi on pehme\u00e4 ja miellytt\u00e4v\u00e4 ja sopii naiselle, joka haluaa tuntea olonsa romanttiseksi. Tuoksutuoksu:&nbsp;riisinkukka, italialainen bergamotti, vihre\u00e4 harmonikka, bl&aring; lootuksenkukka, liljat, orkidea &amp; eacute;, intialainen santelipuu, valkoinen meripihka &amp; amp; myski.<\/p>\n","protected":false},"featured_media":110213,"comment_status":"open","ping_status":"closed","template":"","meta":{"_trash_the_other_posts":false},"product_brand":[],"product_cat":[758,999,1003,706,735],"product_tag":[2864],"berocket_brand":[1303],"class_list":{"0":"post-110216","1":"product","2":"type-product","3":"status-publish","4":"has-post-thumbnail","6":"product_cat-elizabeth-arden-beauty","7":"product_cat-kampanjatarjous-naiselle","8":"product_cat-myydyimmat","9":"product_cat-naisten-eau-de-parfum","10":"product_cat-kampanjamme","11":"product_tag-elizabeth-arden-beauty-edp","12":"pa_brand-elizabeth-arden","13":"pa_variantti-100ml","14":"berocket_brand-elizabeth-arden","16":"first","17":"instock","18":"sale","19":"taxable","20":"shipping-taxable","21":"purchasable","22":"product-type-simple"},"_links":{"self":[{"href":"https:\/\/stylingagenten.com\/fi\/wp-json\/wp\/v2\/product\/110216","targetHints":{"allow":["GET"]}}],"collection":[{"href":"https:\/\/stylingagenten.com\/fi\/wp-json\/wp\/v2\/product"}],"about":[{"href":"https:\/\/stylingagenten.com\/fi\/wp-json\/wp\/v2\/types\/product"}],"replies":[{"embeddable":true,"href":"https:\/\/stylingagenten.com\/fi\/wp-json\/wp\/v2\/comments?post=110216"}],"version-history":[{"count":0,"href":"https:\/\/stylingagenten.com\/fi\/wp-json\/wp\/v2\/product\/110216\/revisions"}],"wp:featuredmedia":[{"embeddable":true,"href":"https:\/\/stylingagenten.com\/fi\/wp-json\/wp\/v2\/media\/110213"}],"wp:attachment":[{"href":"https:\/\/stylingagenten.com\/fi\/wp-json\/wp\/v2\/media?parent=110216"}],"wp:term":[{"taxonomy":"product_brand","embeddable":true,"href":"https:\/\/stylingagenten.com\/fi\/wp-json\/wp\/v2\/product_brand?post=110216"},{"taxonomy":"product_cat","embeddable":true,"href":"https:\/\/stylingagenten.com\/fi\/wp-json\/wp\/v2\/product_cat?post=110216"},{"taxonomy":"product_tag","embeddable":true,"href":"https:\/\/stylingagenten.com\/fi\/wp-json\/wp\/v2\/product_tag?post=110216"},{"taxonomy":"berocket_brand","embeddable":true,"href":"https:\/\/stylingagenten.com\/fi\/wp-json\/wp\/v2\/berocket_brand?post=110216"}],"curies":[{"name":"wp","href":"https:\/\/api.w.org\/{rel}","templated":true}]}}