{"id":110191,"date":"2025-05-18T20:54:47","date_gmt":"2025-05-18T20:54:47","guid":{"rendered":"https:\/\/staging2.stylingagenten.com\/fi\/produkt\/calvin-klein-obsession-edp-50ml\/"},"modified":"2026-03-27T18:18:32","modified_gmt":"2026-03-27T18:18:32","slug":"calvin-klein-obsession-edp-50ml","status":"publish","type":"product","link":"https:\/\/stylingagenten.com\/fi\/tuote\/calvin-klein-obsession-edp-50ml\/","title":{"rendered":"Calvin Klein Obsession Edp 50ml"},"content":{"rendered":"<p>Calvin Klein Obsession on klassinen mausteinen tuoksu, jonka naiselliset nuotit: mandariini, vanilja, p\u00e4\u00e4ryn\u00e4, bergamotti, basilika, korianteri, ambra ja jasmiini luovat hallitsevan tunteen.<\/p>\n","protected":false},"excerpt":{"rendered":"<p>Calvin Klein Obsession on klassinen mausteinen tuoksu, jonka naiselliset nuotit: mandariini, vanilja, p\u00e4\u00e4ryn\u00e4, bergamotti, basilika, korianteri, ambra ja jasmiini luovat hallitsevan tunteen.<\/p>\n","protected":false},"featured_media":110184,"comment_status":"open","ping_status":"closed","template":"","meta":{"_trash_the_other_posts":false},"product_brand":[],"product_cat":[743,706],"product_tag":[2661],"berocket_brand":[1014],"class_list":{"0":"post-110191","1":"product","2":"type-product","3":"status-publish","4":"has-post-thumbnail","6":"product_cat-calvin-klein-obsession","7":"product_cat-naisten-eau-de-parfum","8":"product_tag-calvin-klein-obsession-edp","9":"pa_brand-calvin-klein","10":"pa_variantti-50ml","11":"berocket_brand-calvin-klein","13":"first","14":"outofstock","15":"sale","16":"taxable","17":"shipping-taxable","18":"purchasable","19":"product-type-simple"},"_links":{"self":[{"href":"https:\/\/stylingagenten.com\/fi\/wp-json\/wp\/v2\/product\/110191","targetHints":{"allow":["GET"]}}],"collection":[{"href":"https:\/\/stylingagenten.com\/fi\/wp-json\/wp\/v2\/product"}],"about":[{"href":"https:\/\/stylingagenten.com\/fi\/wp-json\/wp\/v2\/types\/product"}],"replies":[{"embeddable":true,"href":"https:\/\/stylingagenten.com\/fi\/wp-json\/wp\/v2\/comments?post=110191"}],"version-history":[{"count":0,"href":"https:\/\/stylingagenten.com\/fi\/wp-json\/wp\/v2\/product\/110191\/revisions"}],"wp:featuredmedia":[{"embeddable":true,"href":"https:\/\/stylingagenten.com\/fi\/wp-json\/wp\/v2\/media\/110184"}],"wp:attachment":[{"href":"https:\/\/stylingagenten.com\/fi\/wp-json\/wp\/v2\/media?parent=110191"}],"wp:term":[{"taxonomy":"product_brand","embeddable":true,"href":"https:\/\/stylingagenten.com\/fi\/wp-json\/wp\/v2\/product_brand?post=110191"},{"taxonomy":"product_cat","embeddable":true,"href":"https:\/\/stylingagenten.com\/fi\/wp-json\/wp\/v2\/product_cat?post=110191"},{"taxonomy":"product_tag","embeddable":true,"href":"https:\/\/stylingagenten.com\/fi\/wp-json\/wp\/v2\/product_tag?post=110191"},{"taxonomy":"berocket_brand","embeddable":true,"href":"https:\/\/stylingagenten.com\/fi\/wp-json\/wp\/v2\/berocket_brand?post=110191"}],"curies":[{"name":"wp","href":"https:\/\/api.w.org\/{rel}","templated":true}]}}