{"id":110175,"date":"2025-05-18T20:54:45","date_gmt":"2025-05-18T20:54:45","guid":{"rendered":"https:\/\/staging2.stylingagenten.com\/fi\/produkt\/paco-rabanne-lady-million-edp-50ml\/"},"modified":"2026-03-26T18:24:59","modified_gmt":"2026-03-26T18:24:59","slug":"paco-rabanne-lady-million-edp-50ml","status":"publish","type":"product","link":"https:\/\/stylingagenten.com\/fi\/tuote\/paco-rabanne-lady-million-edp-50ml\/","title":{"rendered":"Paco Rabanne Lady Million Edp 50ml"},"content":{"rendered":"<p>Paco Rabanne Lady Million on eritt\u00e4in hedelm\u00e4inen ja kukkainen tuoksu, jossa on uskomattoman houkuttelevaa makeutta. T\u00e4m\u00e4 on naisten versio mieshajuvedest\u00e4 One Million.<\/p>\n<p><strong>Tuoksutuoksu:<\/strong> appelsiini, vadelma, neroli, appelsiininkukka, jasmiini, gardenia, hunaja &amp; patsuli.<\/p>\n","protected":false},"excerpt":{"rendered":"<p>Paco Rabanne Lady Million on eritt\u00e4in hedelm\u00e4inen ja kukkainen tuoksu, jossa on uskomattoman houkuttelevaa makeutta. T\u00e4m\u00e4 on naisten versio mieshajuvedest\u00e4 One Million. Tuoksutuoksu: appelsiini, vadelma, neroli, appelsiininkukka, jasmiini, gardenia, hunaja &amp; patsuli.<\/p>\n","protected":false},"featured_media":110174,"comment_status":"open","ping_status":"closed","template":"","meta":{"_trash_the_other_posts":false},"product_brand":[],"product_cat":[999,706,735],"product_tag":[3739],"berocket_brand":[1048],"class_list":{"0":"post-110175","1":"product","2":"type-product","3":"status-publish","4":"has-post-thumbnail","6":"product_cat-kampanjatarjous-naiselle","7":"product_cat-naisten-eau-de-parfum","8":"product_cat-kampanjamme","9":"product_tag-paco-rabanne-lady-million-edp","10":"pa_brand-paco-rabanne","11":"pa_variantti-50ml","12":"berocket_brand-paco-rabanne","14":"first","15":"instock","16":"sale","17":"taxable","18":"shipping-taxable","19":"purchasable","20":"product-type-simple"},"_links":{"self":[{"href":"https:\/\/stylingagenten.com\/fi\/wp-json\/wp\/v2\/product\/110175","targetHints":{"allow":["GET"]}}],"collection":[{"href":"https:\/\/stylingagenten.com\/fi\/wp-json\/wp\/v2\/product"}],"about":[{"href":"https:\/\/stylingagenten.com\/fi\/wp-json\/wp\/v2\/types\/product"}],"replies":[{"embeddable":true,"href":"https:\/\/stylingagenten.com\/fi\/wp-json\/wp\/v2\/comments?post=110175"}],"version-history":[{"count":0,"href":"https:\/\/stylingagenten.com\/fi\/wp-json\/wp\/v2\/product\/110175\/revisions"}],"wp:featuredmedia":[{"embeddable":true,"href":"https:\/\/stylingagenten.com\/fi\/wp-json\/wp\/v2\/media\/110174"}],"wp:attachment":[{"href":"https:\/\/stylingagenten.com\/fi\/wp-json\/wp\/v2\/media?parent=110175"}],"wp:term":[{"taxonomy":"product_brand","embeddable":true,"href":"https:\/\/stylingagenten.com\/fi\/wp-json\/wp\/v2\/product_brand?post=110175"},{"taxonomy":"product_cat","embeddable":true,"href":"https:\/\/stylingagenten.com\/fi\/wp-json\/wp\/v2\/product_cat?post=110175"},{"taxonomy":"product_tag","embeddable":true,"href":"https:\/\/stylingagenten.com\/fi\/wp-json\/wp\/v2\/product_tag?post=110175"},{"taxonomy":"berocket_brand","embeddable":true,"href":"https:\/\/stylingagenten.com\/fi\/wp-json\/wp\/v2\/berocket_brand?post=110175"}],"curies":[{"name":"wp","href":"https:\/\/api.w.org\/{rel}","templated":true}]}}