{"id":110163,"date":"2025-05-18T20:54:42","date_gmt":"2025-05-18T20:54:42","guid":{"rendered":"https:\/\/staging2.stylingagenten.com\/fi\/produkt\/elizabeth-arden-5th-avenue-uptown-nyc-edp-125ml\/"},"modified":"2026-04-09T04:18:37","modified_gmt":"2026-04-09T04:18:37","slug":"elizabeth-arden-5th-avenue-uptown-nyc-edp-125ml","status":"publish","type":"product","link":"https:\/\/stylingagenten.com\/fi\/tuote\/elizabeth-arden-5th-avenue-uptown-nyc-edp-125ml\/","title":{"rendered":"Elizabeth Arden 5th Avenue Uptown NYC Edp 125ml"},"content":{"rendered":"<p><strong>Elizabeth Arden 5th Avenue Uptown NYC Edp 125ml<\/strong><\/p>\n<p>5th Avenue Uptown NYC &auml;on elegantti ja ainutlaatuinen hajuvesi Elizabeth Ardenilta.<br \/>T\u00e4m\u00e4 ylellinen tuoksu &amp;auml on saanut vaikutteita New Yorkin keskustan naisen ja h\u00e4nen lumoava el\u00e4m\u00e4ntapansa.<\/p>\n<p>Raikas kukkiva s\u00e4vellys avautuu proseccon, sisilialaisen petitgrainin ja ruusupippurin kimaltelevilla nuoteilla. Japanilainen kirsikankukka, magnolia, syklaami ja myrtti syd\u00e4mess\u00e4 liukuvat hitaasti vaniljan, tonkan, santelipuun pohjalle; ja myski.<\/p>\n<p>Yl\u00e4tuoksu: Petitgrain, valkoviini ja vaaleanpunainen pippuri<br \/>Syd\u00e4ntuoksu: mirha, magnolia ja syklaami.<br \/>Pohjatuoksu: vanilja, tonkapapu ja santelipuu<\/p>\n","protected":false},"excerpt":{"rendered":"<p>Elizabeth Arden 5th Avenue Uptown NYC Edp 125ml 5th Avenue Uptown NYC &auml;on elegantti ja ainutlaatuinen hajuvesi Elizabeth Ardenilta.T\u00e4m\u00e4 ylellinen tuoksu &amp;auml on saanut vaikutteita New Yorkin keskustan naisen ja h\u00e4nen lumoava el\u00e4m\u00e4ntapansa. Raikas kukkiva s\u00e4vellys avautuu proseccon, sisilialaisen petitgrainin ja ruusupippurin kimaltelevilla nuoteilla. Japanilainen kirsikankukka, magnolia, syklaami ja myrtti syd\u00e4mess\u00e4 liukuvat hitaasti vaniljan, tonkan, [&hellip;]<\/p>\n","protected":false},"featured_media":110153,"comment_status":"open","ping_status":"closed","template":"","meta":{"_trash_the_other_posts":false},"product_brand":[],"product_cat":[999,1003,706,735],"product_tag":[],"berocket_brand":[1303],"class_list":{"0":"post-110163","1":"product","2":"type-product","3":"status-publish","4":"has-post-thumbnail","6":"product_cat-kampanjatarjous-naiselle","7":"product_cat-myydyimmat","8":"product_cat-naisten-eau-de-parfum","9":"product_cat-kampanjamme","10":"pa_brand-elizabeth-arden","11":"berocket_brand-elizabeth-arden","13":"first","14":"outofstock","15":"sale","16":"taxable","17":"shipping-taxable","18":"purchasable","19":"product-type-simple"},"_links":{"self":[{"href":"https:\/\/stylingagenten.com\/fi\/wp-json\/wp\/v2\/product\/110163","targetHints":{"allow":["GET"]}}],"collection":[{"href":"https:\/\/stylingagenten.com\/fi\/wp-json\/wp\/v2\/product"}],"about":[{"href":"https:\/\/stylingagenten.com\/fi\/wp-json\/wp\/v2\/types\/product"}],"replies":[{"embeddable":true,"href":"https:\/\/stylingagenten.com\/fi\/wp-json\/wp\/v2\/comments?post=110163"}],"version-history":[{"count":0,"href":"https:\/\/stylingagenten.com\/fi\/wp-json\/wp\/v2\/product\/110163\/revisions"}],"wp:featuredmedia":[{"embeddable":true,"href":"https:\/\/stylingagenten.com\/fi\/wp-json\/wp\/v2\/media\/110153"}],"wp:attachment":[{"href":"https:\/\/stylingagenten.com\/fi\/wp-json\/wp\/v2\/media?parent=110163"}],"wp:term":[{"taxonomy":"product_brand","embeddable":true,"href":"https:\/\/stylingagenten.com\/fi\/wp-json\/wp\/v2\/product_brand?post=110163"},{"taxonomy":"product_cat","embeddable":true,"href":"https:\/\/stylingagenten.com\/fi\/wp-json\/wp\/v2\/product_cat?post=110163"},{"taxonomy":"product_tag","embeddable":true,"href":"https:\/\/stylingagenten.com\/fi\/wp-json\/wp\/v2\/product_tag?post=110163"},{"taxonomy":"berocket_brand","embeddable":true,"href":"https:\/\/stylingagenten.com\/fi\/wp-json\/wp\/v2\/berocket_brand?post=110163"}],"curies":[{"name":"wp","href":"https:\/\/api.w.org\/{rel}","templated":true}]}}