{"id":110143,"date":"2025-05-18T20:54:38","date_gmt":"2025-05-18T20:54:38","guid":{"rendered":"https:\/\/staging2.stylingagenten.com\/fi\/produkt\/lolita-lempicka-oh-ma-biche-edp-50ml\/"},"modified":"2026-03-26T18:24:11","modified_gmt":"2026-03-26T18:24:11","slug":"lolita-lempicka-oh-ma-biche-edp-50ml","status":"publish","type":"product","link":"https:\/\/stylingagenten.com\/fi\/tuote\/lolita-lempicka-oh-ma-biche-edp-50ml\/","title":{"rendered":"Lolita Lempicka Oh Ma Biche Edp 50ml"},"content":{"rendered":"<p>Oh Ma Biche on Lolita Lempickan rohkea ja valloittava uusi parfyymivesi. Kuohuva ja hedelm\u00e4inen tuoksu her\u00e4tt\u00e4\u00e4 aistit ja tunteet. Oh My Biche antaa meille puhtaan tulkinnan euforisesta cocktailista, jossa mandariinin, mandariinin ja greipin r\u00e4j\u00e4ht\u00e4v\u00e4 sitruskolmio kohtaa proseccon, valkoisen persikan ja alkuper\u00e4isen Timutin laakeripppurin valkoiseen myskiin k\u00e4\u00e4rittyn\u00e4.<\/p>\n<p> Yl\u00e4tuoksu: mandariini, mandariini, greippi<br \/>Syd\u00e4ntuoksu: Prosecco, valkoinen persikka, timuts laakeripppuri<br \/>Pohjatuoksu: Valkoinen myski<\/p>\n","protected":false},"excerpt":{"rendered":"<p>Oh Ma Biche on Lolita Lempickan rohkea ja valloittava uusi parfyymivesi. Kuohuva ja hedelm\u00e4inen tuoksu her\u00e4tt\u00e4\u00e4 aistit ja tunteet. Oh My Biche antaa meille puhtaan tulkinnan euforisesta cocktailista, jossa mandariinin, mandariinin ja greipin r\u00e4j\u00e4ht\u00e4v\u00e4 sitruskolmio kohtaa proseccon, valkoisen persikan ja alkuper\u00e4isen Timutin laakeripppurin valkoiseen myskiin k\u00e4\u00e4rittyn\u00e4. Yl\u00e4tuoksu: mandariini, mandariini, greippiSyd\u00e4ntuoksu: Prosecco, valkoinen persikka, timuts laakeripppuriPohjatuoksu: [&hellip;]<\/p>\n","protected":false},"featured_media":110138,"comment_status":"open","ping_status":"closed","template":"","meta":{"_trash_the_other_posts":false},"product_brand":[],"product_cat":[999,706,735],"product_tag":[],"berocket_brand":[1177],"class_list":{"0":"post-110143","1":"product","2":"type-product","3":"status-publish","4":"has-post-thumbnail","6":"product_cat-kampanjatarjous-naiselle","7":"product_cat-naisten-eau-de-parfum","8":"product_cat-kampanjamme","9":"pa_brand-lolita-lempicka","10":"berocket_brand-lolita-lempicka","12":"first","13":"instock","14":"sale","15":"taxable","16":"shipping-taxable","17":"purchasable","18":"product-type-simple"},"_links":{"self":[{"href":"https:\/\/stylingagenten.com\/fi\/wp-json\/wp\/v2\/product\/110143","targetHints":{"allow":["GET"]}}],"collection":[{"href":"https:\/\/stylingagenten.com\/fi\/wp-json\/wp\/v2\/product"}],"about":[{"href":"https:\/\/stylingagenten.com\/fi\/wp-json\/wp\/v2\/types\/product"}],"replies":[{"embeddable":true,"href":"https:\/\/stylingagenten.com\/fi\/wp-json\/wp\/v2\/comments?post=110143"}],"version-history":[{"count":0,"href":"https:\/\/stylingagenten.com\/fi\/wp-json\/wp\/v2\/product\/110143\/revisions"}],"wp:featuredmedia":[{"embeddable":true,"href":"https:\/\/stylingagenten.com\/fi\/wp-json\/wp\/v2\/media\/110138"}],"wp:attachment":[{"href":"https:\/\/stylingagenten.com\/fi\/wp-json\/wp\/v2\/media?parent=110143"}],"wp:term":[{"taxonomy":"product_brand","embeddable":true,"href":"https:\/\/stylingagenten.com\/fi\/wp-json\/wp\/v2\/product_brand?post=110143"},{"taxonomy":"product_cat","embeddable":true,"href":"https:\/\/stylingagenten.com\/fi\/wp-json\/wp\/v2\/product_cat?post=110143"},{"taxonomy":"product_tag","embeddable":true,"href":"https:\/\/stylingagenten.com\/fi\/wp-json\/wp\/v2\/product_tag?post=110143"},{"taxonomy":"berocket_brand","embeddable":true,"href":"https:\/\/stylingagenten.com\/fi\/wp-json\/wp\/v2\/berocket_brand?post=110143"}],"curies":[{"name":"wp","href":"https:\/\/api.w.org\/{rel}","templated":true}]}}