{"id":110136,"date":"2025-05-18T20:54:37","date_gmt":"2025-05-18T20:54:37","guid":{"rendered":"https:\/\/staging2.stylingagenten.com\/fi\/produkt\/burberry-brit-sheer-edt-50ml\/"},"modified":"2026-04-09T19:18:49","modified_gmt":"2026-04-09T19:18:49","slug":"burberry-brit-sheer-edt-50ml","status":"publish","type":"product","link":"https:\/\/stylingagenten.com\/fi\/tuote\/burberry-brit-sheer-edt-50ml\/","title":{"rendered":"Burberry Brit Sheer Edt 50ml"},"content":{"rendered":"<p>Burberry Brit Sheer on tuore t\u00e4ydennys brittinaiselle, joka haluaa elegantin arjen t\u00e4ynn\u00e4 seikkailuja. Siin\u00e4 on terveellisi\u00e4 ja ylevi\u00e4 yl\u00e4tuoksuja, joissa on mm. litsi ja viiniryp\u00e4leet, kevyet ja kukkaiset syd\u00e4ntuoksut pioni- ja persikankukineen sek\u00e4 pehme\u00e4 kuiva puu pohjatuoksessa.<\/p>\n<p><strong>Tuoksutuoksu:<\/ strong> litsi, yuzu, ananaslehti, mandariini, viiniryp\u00e4leet, pioni, persikankukka, nashine, valkoinen myski ja vaalea puu.<\/p>\n","protected":false},"excerpt":{"rendered":"<p>Burberry Brit Sheer on tuore t\u00e4ydennys brittinaiselle, joka haluaa elegantin arjen t\u00e4ynn\u00e4 seikkailuja. Siin\u00e4 on terveellisi\u00e4 ja ylevi\u00e4 yl\u00e4tuoksuja, joissa on mm. litsi ja viiniryp\u00e4leet, kevyet ja kukkaiset syd\u00e4ntuoksut pioni- ja persikankukineen sek\u00e4 pehme\u00e4 kuiva puu pohjatuoksessa. Tuoksutuoksu: litsi, yuzu, ananaslehti, mandariini, viiniryp\u00e4leet, pioni, persikankukka, nashine, valkoinen myski ja vaalea puu.<\/p>\n","protected":false},"featured_media":110128,"comment_status":"open","ping_status":"closed","template":"","meta":{"_trash_the_other_posts":false},"product_brand":[],"product_cat":[775,999,707,735],"product_tag":[2603],"berocket_brand":[1017],"class_list":{"0":"post-110136","1":"product","2":"type-product","3":"status-publish","4":"has-post-thumbnail","6":"product_cat-burberry-brit-sheer","7":"product_cat-kampanjatarjous-naiselle","8":"product_cat-naisten-eau-de-toilette","9":"product_cat-kampanjamme","10":"product_tag-burberry-brit-sheer-edt","11":"pa_brand-burberry","12":"pa_variantti-50ml","13":"berocket_brand-burberry","15":"first","16":"instock","17":"sale","18":"taxable","19":"shipping-taxable","20":"purchasable","21":"product-type-simple"},"_links":{"self":[{"href":"https:\/\/stylingagenten.com\/fi\/wp-json\/wp\/v2\/product\/110136","targetHints":{"allow":["GET"]}}],"collection":[{"href":"https:\/\/stylingagenten.com\/fi\/wp-json\/wp\/v2\/product"}],"about":[{"href":"https:\/\/stylingagenten.com\/fi\/wp-json\/wp\/v2\/types\/product"}],"replies":[{"embeddable":true,"href":"https:\/\/stylingagenten.com\/fi\/wp-json\/wp\/v2\/comments?post=110136"}],"version-history":[{"count":0,"href":"https:\/\/stylingagenten.com\/fi\/wp-json\/wp\/v2\/product\/110136\/revisions"}],"wp:featuredmedia":[{"embeddable":true,"href":"https:\/\/stylingagenten.com\/fi\/wp-json\/wp\/v2\/media\/110128"}],"wp:attachment":[{"href":"https:\/\/stylingagenten.com\/fi\/wp-json\/wp\/v2\/media?parent=110136"}],"wp:term":[{"taxonomy":"product_brand","embeddable":true,"href":"https:\/\/stylingagenten.com\/fi\/wp-json\/wp\/v2\/product_brand?post=110136"},{"taxonomy":"product_cat","embeddable":true,"href":"https:\/\/stylingagenten.com\/fi\/wp-json\/wp\/v2\/product_cat?post=110136"},{"taxonomy":"product_tag","embeddable":true,"href":"https:\/\/stylingagenten.com\/fi\/wp-json\/wp\/v2\/product_tag?post=110136"},{"taxonomy":"berocket_brand","embeddable":true,"href":"https:\/\/stylingagenten.com\/fi\/wp-json\/wp\/v2\/berocket_brand?post=110136"}],"curies":[{"name":"wp","href":"https:\/\/api.w.org\/{rel}","templated":true}]}}