{"id":110129,"date":"2025-05-18T20:54:36","date_gmt":"2025-05-18T20:54:36","guid":{"rendered":"https:\/\/staging2.stylingagenten.com\/fi\/produkt\/burberry-brit-for-her-edt-100ml\/"},"modified":"2026-03-23T21:47:31","modified_gmt":"2026-03-23T21:47:31","slug":"burberry-brit-for-her-edt-100ml","status":"publish","type":"product","link":"https:\/\/stylingagenten.com\/fi\/tuote\/burberry-brit-for-her-edt-100ml\/","title":{"rendered":"Burberry Brit For Her Edt 100ml"},"content":{"rendered":"<p>Burberry Brit For Her EdT on kevyempi ja tuoreempi tulkinta klassisesta Brit Woman -hajuvedest\u00e4 EdP. <br \/>Kukkakukkainen, sensuelli EdT, jossa riippuvuutta aiheuttavat raikkaat, j\u00e4iset p\u00e4\u00e4ryn\u00e4t, sokeroidut mantelit ja intensiivinen vanilja.<\/p>\n<p>Alkutuoksu: Vihre\u00e4 manteli, p\u00e4\u00e4ryn\u00e4, sitruunaruoho ja lime.<br \/>Syd\u00e4ntuoksu: Sokeroidut mantelit ja pioni<br \/>Pohjatuoksu: Ambra, vanilja ja mahonki<\/p>\n","protected":false},"excerpt":{"rendered":"<p>Burberry Brit For Her EdT on kevyempi ja tuoreempi tulkinta klassisesta Brit Woman -hajuvedest\u00e4 EdP. Kukkakukkainen, sensuelli EdT, jossa riippuvuutta aiheuttavat raikkaat, j\u00e4iset p\u00e4\u00e4ryn\u00e4t, sokeroidut mantelit ja intensiivinen vanilja. Alkutuoksu: Vihre\u00e4 manteli, p\u00e4\u00e4ryn\u00e4, sitruunaruoho ja lime.Syd\u00e4ntuoksu: Sokeroidut mantelit ja pioniPohjatuoksu: Ambra, vanilja ja mahonki<\/p>\n","protected":false},"featured_media":110124,"comment_status":"open","ping_status":"closed","template":"","meta":{"_trash_the_other_posts":false},"product_brand":[],"product_cat":[776,999,707,735],"product_tag":[2599],"berocket_brand":[1017],"class_list":{"0":"post-110129","1":"product","2":"type-product","3":"status-publish","4":"has-post-thumbnail","6":"product_cat-burberry-brit-women","7":"product_cat-kampanjatarjous-naiselle","8":"product_cat-naisten-eau-de-toilette","9":"product_cat-kampanjamme","10":"product_tag-burberry-brit-for-her-edt","11":"pa_brand-burberry","12":"pa_variantti-100ml","13":"berocket_brand-burberry","15":"first","16":"instock","17":"sale","18":"taxable","19":"shipping-taxable","20":"purchasable","21":"product-type-simple"},"_links":{"self":[{"href":"https:\/\/stylingagenten.com\/fi\/wp-json\/wp\/v2\/product\/110129","targetHints":{"allow":["GET"]}}],"collection":[{"href":"https:\/\/stylingagenten.com\/fi\/wp-json\/wp\/v2\/product"}],"about":[{"href":"https:\/\/stylingagenten.com\/fi\/wp-json\/wp\/v2\/types\/product"}],"replies":[{"embeddable":true,"href":"https:\/\/stylingagenten.com\/fi\/wp-json\/wp\/v2\/comments?post=110129"}],"version-history":[{"count":0,"href":"https:\/\/stylingagenten.com\/fi\/wp-json\/wp\/v2\/product\/110129\/revisions"}],"wp:featuredmedia":[{"embeddable":true,"href":"https:\/\/stylingagenten.com\/fi\/wp-json\/wp\/v2\/media\/110124"}],"wp:attachment":[{"href":"https:\/\/stylingagenten.com\/fi\/wp-json\/wp\/v2\/media?parent=110129"}],"wp:term":[{"taxonomy":"product_brand","embeddable":true,"href":"https:\/\/stylingagenten.com\/fi\/wp-json\/wp\/v2\/product_brand?post=110129"},{"taxonomy":"product_cat","embeddable":true,"href":"https:\/\/stylingagenten.com\/fi\/wp-json\/wp\/v2\/product_cat?post=110129"},{"taxonomy":"product_tag","embeddable":true,"href":"https:\/\/stylingagenten.com\/fi\/wp-json\/wp\/v2\/product_tag?post=110129"},{"taxonomy":"berocket_brand","embeddable":true,"href":"https:\/\/stylingagenten.com\/fi\/wp-json\/wp\/v2\/berocket_brand?post=110129"}],"curies":[{"name":"wp","href":"https:\/\/api.w.org\/{rel}","templated":true}]}}