{"id":110122,"date":"2025-05-18T20:54:35","date_gmt":"2025-05-18T20:54:35","guid":{"rendered":"https:\/\/staging2.stylingagenten.com\/fi\/produkt\/lanvin-eclat-darpege-edp-30ml\/"},"modified":"2026-04-13T12:09:28","modified_gmt":"2026-04-13T12:09:28","slug":"lanvin-eclat-darpege-edp-30ml","status":"publish","type":"product","link":"https:\/\/stylingagenten.com\/fi\/tuote\/lanvin-eclat-darpege-edp-30ml\/","title":{"rendered":"Lanvin Eclat d&#8217;Arpege Edp 30ml"},"content":{"rendered":"<p>Lanvin &Eacute;clat d&acute;Arp&egrave;ge &auml; on herkk\u00e4, raikas ja kevyt tuoksu. Vaikka tuoksu on raikas ja hedelm\u00e4inen, siin\u00e4 on my\u00f6s pehme\u00e4\u00e4 ja l\u00e4mmint\u00e4 elementti\u00e4.<\/p>\n<p>Kukka\/hedelm\u00e4<br \/>Yl\u00e4tuoksu: Vihre\u00e4 suolahapo ja sitruunanlehti<br \/>Syd\u00e4ntuoksu: Sininen sade, persikankukka, vihre\u00e4 tee ja punainen pioni<br \/>Pohjatuoksu: valkoinen setri, myski ja ambra<\/p>\n","protected":false},"excerpt":{"rendered":"<p>Lanvin &Eacute;clat d&acute;Arp&egrave;ge &auml; on herkk\u00e4, raikas ja kevyt tuoksu. Vaikka tuoksu on raikas ja hedelm\u00e4inen, siin\u00e4 on my\u00f6s pehme\u00e4\u00e4 ja l\u00e4mmint\u00e4 elementti\u00e4. Kukka\/hedelm\u00e4Yl\u00e4tuoksu: Vihre\u00e4 suolahapo ja sitruunanlehtiSyd\u00e4ntuoksu: Sininen sade, persikankukka, vihre\u00e4 tee ja punainen pioniPohjatuoksu: valkoinen setri, myski ja ambra<\/p>\n","protected":false},"featured_media":110114,"comment_status":"open","ping_status":"closed","template":"","meta":{"_trash_the_other_posts":false},"product_brand":[],"product_cat":[946,1003,706],"product_tag":[3194],"berocket_brand":[1105],"class_list":{"0":"post-110122","1":"product","2":"type-product","3":"status-publish","4":"has-post-thumbnail","6":"product_cat-lanvin-eclat-darpege","7":"product_cat-myydyimmat","8":"product_cat-naisten-eau-de-parfum","9":"product_tag-lanvin-eclat-darpege-edp","10":"pa_brand-lanvin","11":"pa_variantti-30ml","12":"berocket_brand-lanvin","14":"first","15":"instock","16":"sale","17":"taxable","18":"shipping-taxable","19":"purchasable","20":"product-type-simple"},"_links":{"self":[{"href":"https:\/\/stylingagenten.com\/fi\/wp-json\/wp\/v2\/product\/110122","targetHints":{"allow":["GET"]}}],"collection":[{"href":"https:\/\/stylingagenten.com\/fi\/wp-json\/wp\/v2\/product"}],"about":[{"href":"https:\/\/stylingagenten.com\/fi\/wp-json\/wp\/v2\/types\/product"}],"replies":[{"embeddable":true,"href":"https:\/\/stylingagenten.com\/fi\/wp-json\/wp\/v2\/comments?post=110122"}],"version-history":[{"count":0,"href":"https:\/\/stylingagenten.com\/fi\/wp-json\/wp\/v2\/product\/110122\/revisions"}],"wp:featuredmedia":[{"embeddable":true,"href":"https:\/\/stylingagenten.com\/fi\/wp-json\/wp\/v2\/media\/110114"}],"wp:attachment":[{"href":"https:\/\/stylingagenten.com\/fi\/wp-json\/wp\/v2\/media?parent=110122"}],"wp:term":[{"taxonomy":"product_brand","embeddable":true,"href":"https:\/\/stylingagenten.com\/fi\/wp-json\/wp\/v2\/product_brand?post=110122"},{"taxonomy":"product_cat","embeddable":true,"href":"https:\/\/stylingagenten.com\/fi\/wp-json\/wp\/v2\/product_cat?post=110122"},{"taxonomy":"product_tag","embeddable":true,"href":"https:\/\/stylingagenten.com\/fi\/wp-json\/wp\/v2\/product_tag?post=110122"},{"taxonomy":"berocket_brand","embeddable":true,"href":"https:\/\/stylingagenten.com\/fi\/wp-json\/wp\/v2\/berocket_brand?post=110122"}],"curies":[{"name":"wp","href":"https:\/\/api.w.org\/{rel}","templated":true}]}}