{"id":110107,"date":"2025-05-18T20:54:32","date_gmt":"2025-05-18T20:54:32","guid":{"rendered":"https:\/\/staging2.stylingagenten.com\/fi\/produkt\/jean-paul-gaultier-classique-edt-50ml\/"},"modified":"2026-04-12T13:48:46","modified_gmt":"2026-04-12T13:48:46","slug":"jean-paul-gaultier-classique-edt-50ml","status":"publish","type":"product","link":"https:\/\/stylingagenten.com\/fi\/tuote\/jean-paul-gaultier-classique-edt-50ml\/","title":{"rendered":"Jean Paul Gaultier Classique Edt 50ml"},"content":{"rendered":"<p>Jean Paul Gaultier Classique Edt on aistillinen, kukkainen ja puuterimainen tuoksu. Vaniljan tuoksut her\u00e4tt\u00e4v\u00e4t muistoja henkiin, kun taas inkiv\u00e4\u00e4ri el\u00e4v\u00f6itt\u00e4\u00e4 afrodisiaakkiominaisuuksillaan. Appelsiininkukka antaa vastustamattoman pehmeyden.&nbsp;<\/p>\n<p>Tuoksutuoksu: appelsiininkukka, inkiv\u00e4\u00e4ri, ambra, mandariini, orkidea, iiris ja pehme\u00e4 vanilja.<\/p>\n","protected":false},"excerpt":{"rendered":"<p>Jean Paul Gaultier Classique Edt on aistillinen, kukkainen ja puuterimainen tuoksu. Vaniljan tuoksut her\u00e4tt\u00e4v\u00e4t muistoja henkiin, kun taas inkiv\u00e4\u00e4ri el\u00e4v\u00f6itt\u00e4\u00e4 afrodisiaakkiominaisuuksillaan. Appelsiininkukka antaa vastustamattoman pehmeyden.&nbsp; Tuoksutuoksu: appelsiininkukka, inkiv\u00e4\u00e4ri, ambra, mandariini, orkidea, iiris ja pehme\u00e4 vanilja.<\/p>\n","protected":false},"featured_media":110103,"comment_status":"open","ping_status":"closed","template":"","meta":{"_trash_the_other_posts":false},"product_brand":[],"product_cat":[999,707,735],"product_tag":[],"berocket_brand":[1353],"class_list":{"0":"post-110107","1":"product","2":"type-product","3":"status-publish","4":"has-post-thumbnail","6":"product_cat-kampanjatarjous-naiselle","7":"product_cat-naisten-eau-de-toilette","8":"product_cat-kampanjamme","9":"pa_brand-jean-paul-gaultier","10":"berocket_brand-jean-paul-gaultier","12":"first","13":"instock","14":"sale","15":"taxable","16":"shipping-taxable","17":"purchasable","18":"product-type-simple"},"_links":{"self":[{"href":"https:\/\/stylingagenten.com\/fi\/wp-json\/wp\/v2\/product\/110107","targetHints":{"allow":["GET"]}}],"collection":[{"href":"https:\/\/stylingagenten.com\/fi\/wp-json\/wp\/v2\/product"}],"about":[{"href":"https:\/\/stylingagenten.com\/fi\/wp-json\/wp\/v2\/types\/product"}],"replies":[{"embeddable":true,"href":"https:\/\/stylingagenten.com\/fi\/wp-json\/wp\/v2\/comments?post=110107"}],"version-history":[{"count":0,"href":"https:\/\/stylingagenten.com\/fi\/wp-json\/wp\/v2\/product\/110107\/revisions"}],"wp:featuredmedia":[{"embeddable":true,"href":"https:\/\/stylingagenten.com\/fi\/wp-json\/wp\/v2\/media\/110103"}],"wp:attachment":[{"href":"https:\/\/stylingagenten.com\/fi\/wp-json\/wp\/v2\/media?parent=110107"}],"wp:term":[{"taxonomy":"product_brand","embeddable":true,"href":"https:\/\/stylingagenten.com\/fi\/wp-json\/wp\/v2\/product_brand?post=110107"},{"taxonomy":"product_cat","embeddable":true,"href":"https:\/\/stylingagenten.com\/fi\/wp-json\/wp\/v2\/product_cat?post=110107"},{"taxonomy":"product_tag","embeddable":true,"href":"https:\/\/stylingagenten.com\/fi\/wp-json\/wp\/v2\/product_tag?post=110107"},{"taxonomy":"berocket_brand","embeddable":true,"href":"https:\/\/stylingagenten.com\/fi\/wp-json\/wp\/v2\/berocket_brand?post=110107"}],"curies":[{"name":"wp","href":"https:\/\/api.w.org\/{rel}","templated":true}]}}