{"id":110098,"date":"2025-05-18T20:54:31","date_gmt":"2025-05-18T20:54:31","guid":{"rendered":"https:\/\/staging2.stylingagenten.com\/fi\/produkt\/gucci-guilty-absolute-pour-femme-edp-50ml\/"},"modified":"2026-03-26T18:24:14","modified_gmt":"2026-03-26T18:24:14","slug":"gucci-guilty-absolute-pour-femme-edp-50ml","status":"publish","type":"product","link":"https:\/\/stylingagenten.com\/fi\/tuote\/gucci-guilty-absolute-pour-femme-edp-50ml\/","title":{"rendered":"Gucci Guilty Absolute Pour Femme Edp 50ml"},"content":{"rendered":"<p>Gucci Guilty Absolute Pour Femme on ep\u00e4perinteinen naisten tuoksu, joka on luotu nykyaikaiselle naiselle. Tuoksussa on sypressin esanssi, jossa on karhunvatukkaa. Tuoksu on koostettu hyvin intensiivisist\u00e4 patsuli\u00f6ljyist\u00e4 ja bulgarialaista ruusua.<\/p>\n","protected":false},"excerpt":{"rendered":"<p>Gucci Guilty Absolute Pour Femme on ep\u00e4perinteinen naisten tuoksu, joka on luotu nykyaikaiselle naiselle. Tuoksussa on sypressin esanssi, jossa on karhunvatukkaa. Tuoksu on koostettu hyvin intensiivisist\u00e4 patsuli\u00f6ljyist\u00e4 ja bulgarialaista ruusua.<\/p>\n","protected":false},"featured_media":110095,"comment_status":"open","ping_status":"closed","template":"","meta":{"_trash_the_other_posts":false},"product_brand":[],"product_cat":[999,706,735],"product_tag":[2941],"berocket_brand":[1329],"class_list":{"0":"post-110098","1":"product","2":"type-product","3":"status-publish","4":"has-post-thumbnail","6":"product_cat-kampanjatarjous-naiselle","7":"product_cat-naisten-eau-de-parfum","8":"product_cat-kampanjamme","9":"product_tag-gucci-guilty-absolute-pour-femme-edp","10":"pa_brand-gucci","11":"pa_variantti-50ml","12":"berocket_brand-gucci","14":"first","15":"instock","16":"sale","17":"taxable","18":"shipping-taxable","19":"purchasable","20":"product-type-simple"},"_links":{"self":[{"href":"https:\/\/stylingagenten.com\/fi\/wp-json\/wp\/v2\/product\/110098","targetHints":{"allow":["GET"]}}],"collection":[{"href":"https:\/\/stylingagenten.com\/fi\/wp-json\/wp\/v2\/product"}],"about":[{"href":"https:\/\/stylingagenten.com\/fi\/wp-json\/wp\/v2\/types\/product"}],"replies":[{"embeddable":true,"href":"https:\/\/stylingagenten.com\/fi\/wp-json\/wp\/v2\/comments?post=110098"}],"version-history":[{"count":0,"href":"https:\/\/stylingagenten.com\/fi\/wp-json\/wp\/v2\/product\/110098\/revisions"}],"wp:featuredmedia":[{"embeddable":true,"href":"https:\/\/stylingagenten.com\/fi\/wp-json\/wp\/v2\/media\/110095"}],"wp:attachment":[{"href":"https:\/\/stylingagenten.com\/fi\/wp-json\/wp\/v2\/media?parent=110098"}],"wp:term":[{"taxonomy":"product_brand","embeddable":true,"href":"https:\/\/stylingagenten.com\/fi\/wp-json\/wp\/v2\/product_brand?post=110098"},{"taxonomy":"product_cat","embeddable":true,"href":"https:\/\/stylingagenten.com\/fi\/wp-json\/wp\/v2\/product_cat?post=110098"},{"taxonomy":"product_tag","embeddable":true,"href":"https:\/\/stylingagenten.com\/fi\/wp-json\/wp\/v2\/product_tag?post=110098"},{"taxonomy":"berocket_brand","embeddable":true,"href":"https:\/\/stylingagenten.com\/fi\/wp-json\/wp\/v2\/berocket_brand?post=110098"}],"curies":[{"name":"wp","href":"https:\/\/api.w.org\/{rel}","templated":true}]}}