{"id":110094,"date":"2025-05-18T20:54:29","date_gmt":"2025-05-18T20:54:29","guid":{"rendered":"https:\/\/staging2.stylingagenten.com\/fi\/produkt\/cacharel-eden-edp-50ml\/"},"modified":"2026-04-11T11:18:30","modified_gmt":"2026-04-11T11:18:30","slug":"cacharel-eden-edp-50ml","status":"publish","type":"product","link":"https:\/\/stylingagenten.com\/fi\/tuote\/cacharel-eden-edp-50ml\/","title":{"rendered":"Cacharel Eden Edp 50ml"},"content":{"rendered":"<p>Eden Edp on Cacharelin kukkaistuoksu, jossa on hedelm\u00e4isi\u00e4 ja makeita vivahteita sek\u00e4 ripaus puisia pohjatuoksuja.<\/p>\n<p>Alkutuoksu: persikka, bergamotti, mandariini ja sitruuna<\/p>\n<p> p&gt;<\/p>\n<p>Syd\u00e4ntuoksu: Mimosa, lumpeet, tuberoosi, meloni, lootus, ananas, jasmiini, kielo ja ruusu<\/p>\n<p>Pohjatuoksu: Patchouli, musta humala, santelipuu, setripuu; ja tonkab&ouml;na.<\/p>\n","protected":false},"excerpt":{"rendered":"<p>Eden Edp on Cacharelin kukkaistuoksu, jossa on hedelm\u00e4isi\u00e4 ja makeita vivahteita sek\u00e4 ripaus puisia pohjatuoksuja. Alkutuoksu: persikka, bergamotti, mandariini ja sitruuna p&gt; Syd\u00e4ntuoksu: Mimosa, lumpeet, tuberoosi, meloni, lootus, ananas, jasmiini, kielo ja ruusu Pohjatuoksu: Patchouli, musta humala, santelipuu, setripuu; ja tonkab&ouml;na.<\/p>\n","protected":false},"featured_media":110090,"comment_status":"open","ping_status":"closed","template":"","meta":{"_trash_the_other_posts":false},"product_brand":[],"product_cat":[999,1003,707,735],"product_tag":[2625],"berocket_brand":[1098],"class_list":{"0":"post-110094","1":"product","2":"type-product","3":"status-publish","4":"has-post-thumbnail","6":"product_cat-kampanjatarjous-naiselle","7":"product_cat-myydyimmat","8":"product_cat-naisten-eau-de-toilette","9":"product_cat-kampanjamme","10":"product_tag-cacharel-eden-edp","11":"pa_brand-cacharel","12":"pa_variantti-50ml","13":"berocket_brand-cacharel","15":"first","16":"outofstock","17":"sale","18":"taxable","19":"shipping-taxable","20":"purchasable","21":"product-type-simple"},"_links":{"self":[{"href":"https:\/\/stylingagenten.com\/fi\/wp-json\/wp\/v2\/product\/110094","targetHints":{"allow":["GET"]}}],"collection":[{"href":"https:\/\/stylingagenten.com\/fi\/wp-json\/wp\/v2\/product"}],"about":[{"href":"https:\/\/stylingagenten.com\/fi\/wp-json\/wp\/v2\/types\/product"}],"replies":[{"embeddable":true,"href":"https:\/\/stylingagenten.com\/fi\/wp-json\/wp\/v2\/comments?post=110094"}],"version-history":[{"count":0,"href":"https:\/\/stylingagenten.com\/fi\/wp-json\/wp\/v2\/product\/110094\/revisions"}],"wp:featuredmedia":[{"embeddable":true,"href":"https:\/\/stylingagenten.com\/fi\/wp-json\/wp\/v2\/media\/110090"}],"wp:attachment":[{"href":"https:\/\/stylingagenten.com\/fi\/wp-json\/wp\/v2\/media?parent=110094"}],"wp:term":[{"taxonomy":"product_brand","embeddable":true,"href":"https:\/\/stylingagenten.com\/fi\/wp-json\/wp\/v2\/product_brand?post=110094"},{"taxonomy":"product_cat","embeddable":true,"href":"https:\/\/stylingagenten.com\/fi\/wp-json\/wp\/v2\/product_cat?post=110094"},{"taxonomy":"product_tag","embeddable":true,"href":"https:\/\/stylingagenten.com\/fi\/wp-json\/wp\/v2\/product_tag?post=110094"},{"taxonomy":"berocket_brand","embeddable":true,"href":"https:\/\/stylingagenten.com\/fi\/wp-json\/wp\/v2\/berocket_brand?post=110094"}],"curies":[{"name":"wp","href":"https:\/\/api.w.org\/{rel}","templated":true}]}}