{"id":110081,"date":"2025-05-18T20:54:26","date_gmt":"2025-05-18T20:54:26","guid":{"rendered":"https:\/\/staging2.stylingagenten.com\/fi\/produkt\/gucci-bloom-edp-30ml\/"},"modified":"2026-03-25T14:28:45","modified_gmt":"2026-03-25T14:28:45","slug":"gucci-bloom-edp-30ml","status":"publish","type":"product","link":"https:\/\/stylingagenten.com\/fi\/tuote\/gucci-bloom-edp-30ml\/","title":{"rendered":"Gucci Bloom Edp 30ml"},"content":{"rendered":"<p><strong>Gucci Bloom<\/strong> juhlii naisten aitoutta, elinvoimaa ja monimuotoisuutta. N\u00e4m\u00e4 nuoret naiset ovat uskollisia sille, kuka he ovat, ja he kokevat el\u00e4m\u00e4n ja sen hedelm\u00e4t, kukoistaen todelliseksi itsekseen.&nbsp;<\/p>\n<p>Yl\u00e4tuoksu: Jasmiini<br \/>Syd\u00e4ntuoksu: tuberoosa<br \/>Perustuoksu: Rangoon Creeper<\/p>\n","protected":false},"excerpt":{"rendered":"<p>Gucci Bloom juhlii naisten aitoutta, elinvoimaa ja monimuotoisuutta. N\u00e4m\u00e4 nuoret naiset ovat uskollisia sille, kuka he ovat, ja he kokevat el\u00e4m\u00e4n ja sen hedelm\u00e4t, kukoistaen todelliseksi itsekseen.&nbsp; Yl\u00e4tuoksu: JasmiiniSyd\u00e4ntuoksu: tuberoosaPerustuoksu: Rangoon Creeper<\/p>\n","protected":false},"featured_media":110080,"comment_status":"open","ping_status":"closed","template":"","meta":{"_trash_the_other_posts":false},"product_brand":[],"product_cat":[999,706,735],"product_tag":[2935],"berocket_brand":[1329],"class_list":{"0":"post-110081","1":"product","2":"type-product","3":"status-publish","4":"has-post-thumbnail","6":"product_cat-kampanjatarjous-naiselle","7":"product_cat-naisten-eau-de-parfum","8":"product_cat-kampanjamme","9":"product_tag-gucci-bloom-edp","10":"pa_brand-gucci","11":"pa_variantti-30ml","12":"berocket_brand-gucci","14":"first","15":"instock","16":"sale","17":"taxable","18":"shipping-taxable","19":"purchasable","20":"product-type-simple"},"_links":{"self":[{"href":"https:\/\/stylingagenten.com\/fi\/wp-json\/wp\/v2\/product\/110081","targetHints":{"allow":["GET"]}}],"collection":[{"href":"https:\/\/stylingagenten.com\/fi\/wp-json\/wp\/v2\/product"}],"about":[{"href":"https:\/\/stylingagenten.com\/fi\/wp-json\/wp\/v2\/types\/product"}],"replies":[{"embeddable":true,"href":"https:\/\/stylingagenten.com\/fi\/wp-json\/wp\/v2\/comments?post=110081"}],"version-history":[{"count":0,"href":"https:\/\/stylingagenten.com\/fi\/wp-json\/wp\/v2\/product\/110081\/revisions"}],"wp:featuredmedia":[{"embeddable":true,"href":"https:\/\/stylingagenten.com\/fi\/wp-json\/wp\/v2\/media\/110080"}],"wp:attachment":[{"href":"https:\/\/stylingagenten.com\/fi\/wp-json\/wp\/v2\/media?parent=110081"}],"wp:term":[{"taxonomy":"product_brand","embeddable":true,"href":"https:\/\/stylingagenten.com\/fi\/wp-json\/wp\/v2\/product_brand?post=110081"},{"taxonomy":"product_cat","embeddable":true,"href":"https:\/\/stylingagenten.com\/fi\/wp-json\/wp\/v2\/product_cat?post=110081"},{"taxonomy":"product_tag","embeddable":true,"href":"https:\/\/stylingagenten.com\/fi\/wp-json\/wp\/v2\/product_tag?post=110081"},{"taxonomy":"berocket_brand","embeddable":true,"href":"https:\/\/stylingagenten.com\/fi\/wp-json\/wp\/v2\/berocket_brand?post=110081"}],"curies":[{"name":"wp","href":"https:\/\/api.w.org\/{rel}","templated":true}]}}