{"id":110079,"date":"2025-05-18T20:54:26","date_gmt":"2025-05-18T20:54:26","guid":{"rendered":"https:\/\/staging2.stylingagenten.com\/fi\/produkt\/ralph-lauren-big-pony-pink-for-women-edt-50-ml\/"},"modified":"2026-04-13T18:38:27","modified_gmt":"2026-04-13T18:38:27","slug":"ralph-lauren-big-pony-pink-for-women-edt-50-ml","status":"publish","type":"product","link":"https:\/\/stylingagenten.com\/fi\/tuote\/ralph-lauren-big-pony-pink-for-women-edt-50-ml\/","title":{"rendered":"Ralph Lauren Big Pony Pink for Women EdT 50 ml"},"content":{"rendered":"<p><strong>Ralph Lauren Big Pony Women Pink EdT<\/strong> Flirttailevalle tyt\u00f6lle, joka lis\u00e4\u00e4 iloa ja persoonallisuutta! Hedelm\u00e4inen ja romanttinen tuoksu kukka-elementeill\u00e4. Karpalo ja tonkapapu ovat t\u00e4m\u00e4n runsaan ja iloisen tuoksun t\u00e4rkeimm\u00e4t ainesosat.<\/p>\n","protected":false},"excerpt":{"rendered":"<p>Ralph Lauren Big Pony Women Pink EdT Flirttailevalle tyt\u00f6lle, joka lis\u00e4\u00e4 iloa ja persoonallisuutta! Hedelm\u00e4inen ja romanttinen tuoksu kukka-elementeill\u00e4. Karpalo ja tonkapapu ovat t\u00e4m\u00e4n runsaan ja iloisen tuoksun t\u00e4rkeimm\u00e4t ainesosat.<\/p>\n","protected":false},"featured_media":110075,"comment_status":"open","ping_status":"closed","template":"","meta":{"_trash_the_other_posts":false},"product_brand":[],"product_cat":[999,707,754,735],"product_tag":[3851],"berocket_brand":[1015],"class_list":{"0":"post-110079","1":"product","2":"type-product","3":"status-publish","4":"has-post-thumbnail","6":"product_cat-kampanjatarjous-naiselle","7":"product_cat-naisten-eau-de-toilette","8":"product_cat-ralph-lauren-big-pony","9":"product_cat-kampanjamme","10":"product_tag-ralph-lauren-big-pony-pink-for-women-edt","11":"pa_brand-ralph-lauren","12":"pa_variantti-50ml","13":"berocket_brand-ralph-lauren","15":"first","16":"instock","17":"sale","18":"taxable","19":"shipping-taxable","20":"purchasable","21":"product-type-simple"},"_links":{"self":[{"href":"https:\/\/stylingagenten.com\/fi\/wp-json\/wp\/v2\/product\/110079","targetHints":{"allow":["GET"]}}],"collection":[{"href":"https:\/\/stylingagenten.com\/fi\/wp-json\/wp\/v2\/product"}],"about":[{"href":"https:\/\/stylingagenten.com\/fi\/wp-json\/wp\/v2\/types\/product"}],"replies":[{"embeddable":true,"href":"https:\/\/stylingagenten.com\/fi\/wp-json\/wp\/v2\/comments?post=110079"}],"version-history":[{"count":0,"href":"https:\/\/stylingagenten.com\/fi\/wp-json\/wp\/v2\/product\/110079\/revisions"}],"wp:featuredmedia":[{"embeddable":true,"href":"https:\/\/stylingagenten.com\/fi\/wp-json\/wp\/v2\/media\/110075"}],"wp:attachment":[{"href":"https:\/\/stylingagenten.com\/fi\/wp-json\/wp\/v2\/media?parent=110079"}],"wp:term":[{"taxonomy":"product_brand","embeddable":true,"href":"https:\/\/stylingagenten.com\/fi\/wp-json\/wp\/v2\/product_brand?post=110079"},{"taxonomy":"product_cat","embeddable":true,"href":"https:\/\/stylingagenten.com\/fi\/wp-json\/wp\/v2\/product_cat?post=110079"},{"taxonomy":"product_tag","embeddable":true,"href":"https:\/\/stylingagenten.com\/fi\/wp-json\/wp\/v2\/product_tag?post=110079"},{"taxonomy":"berocket_brand","embeddable":true,"href":"https:\/\/stylingagenten.com\/fi\/wp-json\/wp\/v2\/berocket_brand?post=110079"}],"curies":[{"name":"wp","href":"https:\/\/api.w.org\/{rel}","templated":true}]}}