{"id":110068,"date":"2025-05-18T20:54:24","date_gmt":"2025-05-18T20:54:24","guid":{"rendered":"https:\/\/staging2.stylingagenten.com\/fi\/produkt\/elizabeth-arden-green-tea-tropical-edt-100ml\/"},"modified":"2026-04-08T23:49:00","modified_gmt":"2026-04-08T23:49:00","slug":"elizabeth-arden-green-tea-tropical-edt-100ml","status":"publish","type":"product","link":"https:\/\/stylingagenten.com\/fi\/tuote\/elizabeth-arden-green-tea-tropical-edt-100ml\/","title":{"rendered":"Elizabeth Arden Green Tea Tropical Edt 100ml"},"content":{"rendered":"<p>Elizabeth Arden Green Tea Tropical on aromaattinen tuoksu naisille, ja se lanseerattiin vuonna 2007. T\u00e4m\u00e4n hajuveden luoja on Rodrigo Flores-Roux.<\/p>\n<p><strong>Tuoksun tuoksu:<\/strong> litsi , passion kukka, vihre\u00e4 tee, tee, magnolia, myski ja trooppiset hedelm\u00e4t.<\/p>\n","protected":false},"excerpt":{"rendered":"<p>Elizabeth Arden Green Tea Tropical on aromaattinen tuoksu naisille, ja se lanseerattiin vuonna 2007. T\u00e4m\u00e4n hajuveden luoja on Rodrigo Flores-Roux. Tuoksun tuoksu: litsi , passion kukka, vihre\u00e4 tee, tee, magnolia, myski ja trooppiset hedelm\u00e4t.<\/p>\n","protected":false},"featured_media":110062,"comment_status":"open","ping_status":"closed","template":"","meta":{"_trash_the_other_posts":false},"product_brand":[],"product_cat":[759,999,1003,707,735],"product_tag":[],"berocket_brand":[1303],"class_list":{"0":"post-110068","1":"product","2":"type-product","3":"status-publish","4":"has-post-thumbnail","6":"product_cat-elizabeth-arden-green-tea","7":"product_cat-kampanjatarjous-naiselle","8":"product_cat-myydyimmat","9":"product_cat-naisten-eau-de-toilette","10":"product_cat-kampanjamme","11":"pa_brand-elizabeth-arden","12":"berocket_brand-elizabeth-arden","14":"first","15":"instock","16":"sale","17":"taxable","18":"shipping-taxable","19":"purchasable","20":"product-type-simple"},"_links":{"self":[{"href":"https:\/\/stylingagenten.com\/fi\/wp-json\/wp\/v2\/product\/110068","targetHints":{"allow":["GET"]}}],"collection":[{"href":"https:\/\/stylingagenten.com\/fi\/wp-json\/wp\/v2\/product"}],"about":[{"href":"https:\/\/stylingagenten.com\/fi\/wp-json\/wp\/v2\/types\/product"}],"replies":[{"embeddable":true,"href":"https:\/\/stylingagenten.com\/fi\/wp-json\/wp\/v2\/comments?post=110068"}],"version-history":[{"count":0,"href":"https:\/\/stylingagenten.com\/fi\/wp-json\/wp\/v2\/product\/110068\/revisions"}],"wp:featuredmedia":[{"embeddable":true,"href":"https:\/\/stylingagenten.com\/fi\/wp-json\/wp\/v2\/media\/110062"}],"wp:attachment":[{"href":"https:\/\/stylingagenten.com\/fi\/wp-json\/wp\/v2\/media?parent=110068"}],"wp:term":[{"taxonomy":"product_brand","embeddable":true,"href":"https:\/\/stylingagenten.com\/fi\/wp-json\/wp\/v2\/product_brand?post=110068"},{"taxonomy":"product_cat","embeddable":true,"href":"https:\/\/stylingagenten.com\/fi\/wp-json\/wp\/v2\/product_cat?post=110068"},{"taxonomy":"product_tag","embeddable":true,"href":"https:\/\/stylingagenten.com\/fi\/wp-json\/wp\/v2\/product_tag?post=110068"},{"taxonomy":"berocket_brand","embeddable":true,"href":"https:\/\/stylingagenten.com\/fi\/wp-json\/wp\/v2\/berocket_brand?post=110068"}],"curies":[{"name":"wp","href":"https:\/\/api.w.org\/{rel}","templated":true}]}}