{"id":110039,"date":"2025-05-18T20:54:18","date_gmt":"2025-05-18T20:54:18","guid":{"rendered":"https:\/\/staging2.stylingagenten.com\/fi\/produkt\/calvin-klein-eternity-for-women-air-edp-100ml\/"},"modified":"2026-03-11T21:57:55","modified_gmt":"2026-03-11T21:57:55","slug":"calvin-klein-eternity-for-women-air-edp-100ml","status":"publish","type":"product","link":"https:\/\/stylingagenten.com\/fi\/tuote\/calvin-klein-eternity-for-women-air-edp-100ml\/","title":{"rendered":"Calvin Klein Eternity for Women Air Edp 100ml"},"content":{"rendered":"<p>Calvin Kleinin Eternity Air For Women on kukkainen, hedelm\u00e4inen tuoksu naisille.<\/p>\n<p>Yl\u00e4tuoksu: Otsoniset tuoksut, greippi ja mustaherukka<\/p>\n<p>Syd\u00e4ntuoksu: pioni, p\u00e4\u00e4ryn\u00e4 ja lilja laaksosta<\/p>\n<p>Pohjatuoksu: myski, setripuu; ja ambra.<\/p>\n","protected":false},"excerpt":{"rendered":"<p>Calvin Kleinin Eternity Air For Women on kukkainen, hedelm\u00e4inen tuoksu naisille. Yl\u00e4tuoksu: Otsoniset tuoksut, greippi ja mustaherukka Syd\u00e4ntuoksu: pioni, p\u00e4\u00e4ryn\u00e4 ja lilja laaksosta Pohjatuoksu: myski, setripuu; ja ambra.<\/p>\n","protected":false},"featured_media":110035,"comment_status":"open","ping_status":"closed","template":"","meta":{"_trash_the_other_posts":false},"product_brand":[],"product_cat":[794,999,706,735],"product_tag":[],"berocket_brand":[1014],"class_list":{"0":"post-110039","1":"product","2":"type-product","3":"status-publish","4":"has-post-thumbnail","6":"product_cat-calvin-klein-eternity-for-women","7":"product_cat-kampanjatarjous-naiselle","8":"product_cat-naisten-eau-de-parfum","9":"product_cat-kampanjamme","10":"pa_brand-calvin-klein","11":"berocket_brand-calvin-klein","13":"first","14":"instock","15":"sale","16":"taxable","17":"shipping-taxable","18":"purchasable","19":"product-type-simple"},"_links":{"self":[{"href":"https:\/\/stylingagenten.com\/fi\/wp-json\/wp\/v2\/product\/110039","targetHints":{"allow":["GET"]}}],"collection":[{"href":"https:\/\/stylingagenten.com\/fi\/wp-json\/wp\/v2\/product"}],"about":[{"href":"https:\/\/stylingagenten.com\/fi\/wp-json\/wp\/v2\/types\/product"}],"replies":[{"embeddable":true,"href":"https:\/\/stylingagenten.com\/fi\/wp-json\/wp\/v2\/comments?post=110039"}],"version-history":[{"count":0,"href":"https:\/\/stylingagenten.com\/fi\/wp-json\/wp\/v2\/product\/110039\/revisions"}],"wp:featuredmedia":[{"embeddable":true,"href":"https:\/\/stylingagenten.com\/fi\/wp-json\/wp\/v2\/media\/110035"}],"wp:attachment":[{"href":"https:\/\/stylingagenten.com\/fi\/wp-json\/wp\/v2\/media?parent=110039"}],"wp:term":[{"taxonomy":"product_brand","embeddable":true,"href":"https:\/\/stylingagenten.com\/fi\/wp-json\/wp\/v2\/product_brand?post=110039"},{"taxonomy":"product_cat","embeddable":true,"href":"https:\/\/stylingagenten.com\/fi\/wp-json\/wp\/v2\/product_cat?post=110039"},{"taxonomy":"product_tag","embeddable":true,"href":"https:\/\/stylingagenten.com\/fi\/wp-json\/wp\/v2\/product_tag?post=110039"},{"taxonomy":"berocket_brand","embeddable":true,"href":"https:\/\/stylingagenten.com\/fi\/wp-json\/wp\/v2\/berocket_brand?post=110039"}],"curies":[{"name":"wp","href":"https:\/\/api.w.org\/{rel}","templated":true}]}}