{"id":110022,"date":"2025-05-18T20:54:14","date_gmt":"2025-05-18T20:54:14","guid":{"rendered":"https:\/\/staging2.stylingagenten.com\/fi\/produkt\/guess-seductive-noir-edt-75ml\/"},"modified":"2026-04-14T10:28:39","modified_gmt":"2026-04-14T10:28:39","slug":"guess-seductive-noir-edt-75ml","status":"publish","type":"product","link":"https:\/\/stylingagenten.com\/fi\/tuote\/guess-seductive-noir-edt-75ml\/","title":{"rendered":"Guess Seductive Noir Edt 75ml"},"content":{"rendered":"<p>Guess&nbsp;Guess&nbsp;&amp;auml&amp;auml&amp;auml&amp;auml&amp;auml&amp;auml&amp;auml&amp;auml&amp;auml&amp;ouml&amp;ouml&amp;ouml&nbsp;ouml&amp;ouml&amp;ouml&amp;ouml&amp;ouml&amp;ouml&amp;oum l&amp;ouml&nbsp; Tuoksuu ihana iiriksen, jasmiini-sambacin ja kielon syd\u00e4n ennen kuin se kuivuu j\u00e4nnitt\u00e4v\u00e4 pohja samettia, haitilaista vetiveriaa ja vaniljaa.<\/p>\n<p>&nbsp;T\u00e4ss\u00e4 naisellisessa tuoksussa on rohkeita maskuliinisia nahkaominaisuuksia, jotka erottavat sen muista kukkaistuoksuista. Se on eritt\u00e4in vaarallinen ja raskas tuoksu!<\/p>\n","protected":false},"excerpt":{"rendered":"<p>Guess&nbsp;Guess&nbsp;&amp;auml&amp;auml&amp;auml&amp;auml&amp;auml&amp;auml&amp;auml&amp;auml&amp;auml&amp;ouml&amp;ouml&amp;ouml&nbsp;ouml&amp;ouml&amp;ouml&amp;ouml&amp;ouml&amp;ouml&amp;oum l&amp;ouml&nbsp; Tuoksuu ihana iiriksen, jasmiini-sambacin ja kielon syd\u00e4n ennen kuin se kuivuu j\u00e4nnitt\u00e4v\u00e4 pohja samettia, haitilaista vetiveriaa ja vaniljaa. &nbsp;T\u00e4ss\u00e4 naisellisessa tuoksussa on rohkeita maskuliinisia nahkaominaisuuksia, jotka erottavat sen muista kukkaistuoksuista. Se on eritt\u00e4in vaarallinen ja raskas tuoksu!<\/p>\n","protected":false},"featured_media":110020,"comment_status":"open","ping_status":"closed","template":"","meta":{"_trash_the_other_posts":false},"product_brand":[],"product_cat":[884,999,707,735],"product_tag":[],"berocket_brand":[1331],"class_list":{"0":"post-110022","1":"product","2":"type-product","3":"status-publish","4":"has-post-thumbnail","6":"product_cat-guess-seductive-women","7":"product_cat-kampanjatarjous-naiselle","8":"product_cat-naisten-eau-de-toilette","9":"product_cat-kampanjamme","10":"pa_brand-guess","11":"berocket_brand-guess","13":"first","14":"instock","15":"sale","16":"taxable","17":"shipping-taxable","18":"purchasable","19":"product-type-simple"},"_links":{"self":[{"href":"https:\/\/stylingagenten.com\/fi\/wp-json\/wp\/v2\/product\/110022","targetHints":{"allow":["GET"]}}],"collection":[{"href":"https:\/\/stylingagenten.com\/fi\/wp-json\/wp\/v2\/product"}],"about":[{"href":"https:\/\/stylingagenten.com\/fi\/wp-json\/wp\/v2\/types\/product"}],"replies":[{"embeddable":true,"href":"https:\/\/stylingagenten.com\/fi\/wp-json\/wp\/v2\/comments?post=110022"}],"version-history":[{"count":0,"href":"https:\/\/stylingagenten.com\/fi\/wp-json\/wp\/v2\/product\/110022\/revisions"}],"wp:featuredmedia":[{"embeddable":true,"href":"https:\/\/stylingagenten.com\/fi\/wp-json\/wp\/v2\/media\/110020"}],"wp:attachment":[{"href":"https:\/\/stylingagenten.com\/fi\/wp-json\/wp\/v2\/media?parent=110022"}],"wp:term":[{"taxonomy":"product_brand","embeddable":true,"href":"https:\/\/stylingagenten.com\/fi\/wp-json\/wp\/v2\/product_brand?post=110022"},{"taxonomy":"product_cat","embeddable":true,"href":"https:\/\/stylingagenten.com\/fi\/wp-json\/wp\/v2\/product_cat?post=110022"},{"taxonomy":"product_tag","embeddable":true,"href":"https:\/\/stylingagenten.com\/fi\/wp-json\/wp\/v2\/product_tag?post=110022"},{"taxonomy":"berocket_brand","embeddable":true,"href":"https:\/\/stylingagenten.com\/fi\/wp-json\/wp\/v2\/berocket_brand?post=110022"}],"curies":[{"name":"wp","href":"https:\/\/api.w.org\/{rel}","templated":true}]}}