{"id":110005,"date":"2025-05-18T20:54:10","date_gmt":"2025-05-18T20:54:10","guid":{"rendered":"https:\/\/staging2.stylingagenten.com\/fi\/produkt\/christina-aguilera-by-night-edp-75ml\/"},"modified":"2026-04-14T10:24:41","modified_gmt":"2026-04-14T10:24:41","slug":"christina-aguilera-by-night-edp-75ml","status":"publish","type":"product","link":"https:\/\/stylingagenten.com\/fi\/tuote\/christina-aguilera-by-night-edp-75ml\/","title":{"rendered":"Christina Aguilera By Night Edp 75ml"},"content":{"rendered":"<p>Christina Aguilera by Night on laulajan kolmas vuonna 2009 lanseerattu hajuvesi. It\u00e4mainen hedelm\u00e4inen sekoitus tuoksussa yhdistyv\u00e4t l\u00e4mp\u00f6 ja intensiivisyys luomaan aistillinen vieh\u00e4tys, joka on t\u00e4ynn\u00e4 nautintoa.<\/p>\n<p><strong>Tuoksun tuoksut:&nbsp; <\/strong>mandariini, freesia, punainen &auml;omena, raparperi, ananas, persikankukka, heliotrooppi, orapihlaja, vanilja, sammal, santelipuu&auml; &amp; keltainen.<\/p>\n","protected":false},"excerpt":{"rendered":"<p>Christina Aguilera by Night on laulajan kolmas vuonna 2009 lanseerattu hajuvesi. It\u00e4mainen hedelm\u00e4inen sekoitus tuoksussa yhdistyv\u00e4t l\u00e4mp\u00f6 ja intensiivisyys luomaan aistillinen vieh\u00e4tys, joka on t\u00e4ynn\u00e4 nautintoa. Tuoksun tuoksut:&nbsp; mandariini, freesia, punainen &auml;omena, raparperi, ananas, persikankukka, heliotrooppi, orapihlaja, vanilja, sammal, santelipuu&auml; &amp; keltainen.<\/p>\n","protected":false},"featured_media":109999,"comment_status":"open","ping_status":"closed","template":"","meta":{"_trash_the_other_posts":false},"product_brand":[],"product_cat":[800,999,706,735],"product_tag":[2692],"berocket_brand":[1093],"class_list":{"0":"post-110005","1":"product","2":"type-product","3":"status-publish","4":"has-post-thumbnail","6":"product_cat-christina-aguilera-by-night","7":"product_cat-kampanjatarjous-naiselle","8":"product_cat-naisten-eau-de-parfum","9":"product_cat-kampanjamme","10":"product_tag-christina-aguilera-by-night-edp","11":"pa_brand-christina-aguilera","12":"pa_variantti-75ml","13":"berocket_brand-christina-aguilera","15":"first","16":"instock","17":"sale","18":"taxable","19":"shipping-taxable","20":"purchasable","21":"product-type-simple"},"_links":{"self":[{"href":"https:\/\/stylingagenten.com\/fi\/wp-json\/wp\/v2\/product\/110005","targetHints":{"allow":["GET"]}}],"collection":[{"href":"https:\/\/stylingagenten.com\/fi\/wp-json\/wp\/v2\/product"}],"about":[{"href":"https:\/\/stylingagenten.com\/fi\/wp-json\/wp\/v2\/types\/product"}],"replies":[{"embeddable":true,"href":"https:\/\/stylingagenten.com\/fi\/wp-json\/wp\/v2\/comments?post=110005"}],"version-history":[{"count":0,"href":"https:\/\/stylingagenten.com\/fi\/wp-json\/wp\/v2\/product\/110005\/revisions"}],"wp:featuredmedia":[{"embeddable":true,"href":"https:\/\/stylingagenten.com\/fi\/wp-json\/wp\/v2\/media\/109999"}],"wp:attachment":[{"href":"https:\/\/stylingagenten.com\/fi\/wp-json\/wp\/v2\/media?parent=110005"}],"wp:term":[{"taxonomy":"product_brand","embeddable":true,"href":"https:\/\/stylingagenten.com\/fi\/wp-json\/wp\/v2\/product_brand?post=110005"},{"taxonomy":"product_cat","embeddable":true,"href":"https:\/\/stylingagenten.com\/fi\/wp-json\/wp\/v2\/product_cat?post=110005"},{"taxonomy":"product_tag","embeddable":true,"href":"https:\/\/stylingagenten.com\/fi\/wp-json\/wp\/v2\/product_tag?post=110005"},{"taxonomy":"berocket_brand","embeddable":true,"href":"https:\/\/stylingagenten.com\/fi\/wp-json\/wp\/v2\/berocket_brand?post=110005"}],"curies":[{"name":"wp","href":"https:\/\/api.w.org\/{rel}","templated":true}]}}