{"id":110000,"date":"2025-05-18T20:54:10","date_gmt":"2025-05-18T20:54:10","guid":{"rendered":"https:\/\/staging2.stylingagenten.com\/fi\/produkt\/paco-rabanne-ultrared-edp-80ml\/"},"modified":"2026-03-11T21:59:47","modified_gmt":"2026-03-11T21:59:47","slug":"paco-rabanne-ultrared-edp-80ml","status":"publish","type":"product","link":"https:\/\/stylingagenten.com\/fi\/tuote\/paco-rabanne-ultrared-edp-80ml\/","title":{"rendered":"Paco Rabanne Ultrared Edp 80ml"},"content":{"rendered":"<p>Paco Rabanne Ultrared on kukkainen\/hedelm\u00e4inen tuoksu naisille.<\/p>\n<p>Yl\u00e4tuoksu: Punaiset viiniryp\u00e4leet ja mansikat<br \/>Syd\u00e4ntuoksu: vaahtokarkki, lakritsi, t\u00e4htianis. ja jasmiini<br \/>Pohjatuoksu: vanilja ja setri&auml;<\/p>\n","protected":false},"excerpt":{"rendered":"<p>Paco Rabanne Ultrared on kukkainen\/hedelm\u00e4inen tuoksu naisille. Yl\u00e4tuoksu: Punaiset viiniryp\u00e4leet ja mansikatSyd\u00e4ntuoksu: vaahtokarkki, lakritsi, t\u00e4htianis. ja jasmiiniPohjatuoksu: vanilja ja setri&auml;<\/p>\n","protected":false},"featured_media":109994,"comment_status":"open","ping_status":"closed","template":"","meta":{"_trash_the_other_posts":false},"product_brand":[],"product_cat":[999,706,735],"product_tag":[],"berocket_brand":[1048],"class_list":{"0":"post-110000","1":"product","2":"type-product","3":"status-publish","4":"has-post-thumbnail","6":"product_cat-kampanjatarjous-naiselle","7":"product_cat-naisten-eau-de-parfum","8":"product_cat-kampanjamme","9":"pa_brand-paco-rabanne","10":"berocket_brand-paco-rabanne","12":"first","13":"instock","14":"sale","15":"taxable","16":"shipping-taxable","17":"purchasable","18":"product-type-simple"},"_links":{"self":[{"href":"https:\/\/stylingagenten.com\/fi\/wp-json\/wp\/v2\/product\/110000","targetHints":{"allow":["GET"]}}],"collection":[{"href":"https:\/\/stylingagenten.com\/fi\/wp-json\/wp\/v2\/product"}],"about":[{"href":"https:\/\/stylingagenten.com\/fi\/wp-json\/wp\/v2\/types\/product"}],"replies":[{"embeddable":true,"href":"https:\/\/stylingagenten.com\/fi\/wp-json\/wp\/v2\/comments?post=110000"}],"version-history":[{"count":0,"href":"https:\/\/stylingagenten.com\/fi\/wp-json\/wp\/v2\/product\/110000\/revisions"}],"wp:featuredmedia":[{"embeddable":true,"href":"https:\/\/stylingagenten.com\/fi\/wp-json\/wp\/v2\/media\/109994"}],"wp:attachment":[{"href":"https:\/\/stylingagenten.com\/fi\/wp-json\/wp\/v2\/media?parent=110000"}],"wp:term":[{"taxonomy":"product_brand","embeddable":true,"href":"https:\/\/stylingagenten.com\/fi\/wp-json\/wp\/v2\/product_brand?post=110000"},{"taxonomy":"product_cat","embeddable":true,"href":"https:\/\/stylingagenten.com\/fi\/wp-json\/wp\/v2\/product_cat?post=110000"},{"taxonomy":"product_tag","embeddable":true,"href":"https:\/\/stylingagenten.com\/fi\/wp-json\/wp\/v2\/product_tag?post=110000"},{"taxonomy":"berocket_brand","embeddable":true,"href":"https:\/\/stylingagenten.com\/fi\/wp-json\/wp\/v2\/berocket_brand?post=110000"}],"curies":[{"name":"wp","href":"https:\/\/api.w.org\/{rel}","templated":true}]}}