{"id":109968,"date":"2025-05-18T20:54:04","date_gmt":"2025-05-18T20:54:04","guid":{"rendered":"https:\/\/staging2.stylingagenten.com\/fi\/produkt\/calvin-klein-women-edp-50ml\/"},"modified":"2025-11-19T12:12:02","modified_gmt":"2025-11-19T12:12:02","slug":"calvin-klein-women-edp-50ml","status":"publish","type":"product","link":"https:\/\/stylingagenten.com\/fi\/tuote\/calvin-klein-women-edp-50ml\/","title":{"rendered":"Calvin Klein Women Edp 50ml"},"content":{"rendered":"<p>Calvin Klein Women on naisellinen tuoksu, jossa on mukava ripaus aistillisuutta. Tuoksu perustuu j\u00e4nnitteeseen kevyen ja aromaattisen kukkaisen tuoreuden ja modernin koukuttavan puun s\u00e4vyjen v\u00e4lill\u00e4. Appelsiinin kukan keveys sekoittuu eukalyptuksen lehtien aistillisuuteen luoden tuoksun, jolla on ainutlaatuinen rakenne ilman rajoja. Calvin Klein Women on ep\u00e4tavallinen raikas ja puinen tuoksu NAISILLE. <\/p>\n<p>Alkutuoksu: eukalyptus, mustapippuri, sitrushedelm\u00e4t <br \/>Syd\u00e4ntuoksu: appelsiininkukka, magnolia, absoluuttinen jasmiini <br \/>Pohjatuoksu: Alaskan seetri, olibanum, ambrox<\/p>\n","protected":false},"excerpt":{"rendered":"<p>Calvin Klein Women on naisellinen tuoksu, jossa on mukava ripaus aistillisuutta. Tuoksu perustuu j\u00e4nnitteeseen kevyen ja aromaattisen kukkaisen tuoreuden ja modernin koukuttavan puun s\u00e4vyjen v\u00e4lill\u00e4. Appelsiinin kukan keveys sekoittuu eukalyptuksen lehtien aistillisuuteen luoden tuoksun, jolla on ainutlaatuinen rakenne ilman rajoja. Calvin Klein Women on ep\u00e4tavallinen raikas ja puinen tuoksu NAISILLE. Alkutuoksu: eukalyptus, mustapippuri, sitrushedelm\u00e4t Syd\u00e4ntuoksu: [&hellip;]<\/p>\n","protected":false},"featured_media":109965,"comment_status":"open","ping_status":"closed","template":"","meta":{"_trash_the_other_posts":false},"product_brand":[],"product_cat":[737,706],"product_tag":[2670],"berocket_brand":[1014],"class_list":{"0":"post-109968","1":"product","2":"type-product","3":"status-publish","4":"has-post-thumbnail","6":"product_cat-calvin-klein-women","7":"product_cat-naisten-eau-de-parfum","8":"product_tag-calvin-klein-women-edp","9":"pa_brand-calvin-klein","10":"pa_variantti-50ml","11":"berocket_brand-calvin-klein","13":"first","14":"outofstock","15":"sale","16":"taxable","17":"shipping-taxable","18":"purchasable","19":"product-type-simple"},"_links":{"self":[{"href":"https:\/\/stylingagenten.com\/fi\/wp-json\/wp\/v2\/product\/109968","targetHints":{"allow":["GET"]}}],"collection":[{"href":"https:\/\/stylingagenten.com\/fi\/wp-json\/wp\/v2\/product"}],"about":[{"href":"https:\/\/stylingagenten.com\/fi\/wp-json\/wp\/v2\/types\/product"}],"replies":[{"embeddable":true,"href":"https:\/\/stylingagenten.com\/fi\/wp-json\/wp\/v2\/comments?post=109968"}],"version-history":[{"count":0,"href":"https:\/\/stylingagenten.com\/fi\/wp-json\/wp\/v2\/product\/109968\/revisions"}],"wp:featuredmedia":[{"embeddable":true,"href":"https:\/\/stylingagenten.com\/fi\/wp-json\/wp\/v2\/media\/109965"}],"wp:attachment":[{"href":"https:\/\/stylingagenten.com\/fi\/wp-json\/wp\/v2\/media?parent=109968"}],"wp:term":[{"taxonomy":"product_brand","embeddable":true,"href":"https:\/\/stylingagenten.com\/fi\/wp-json\/wp\/v2\/product_brand?post=109968"},{"taxonomy":"product_cat","embeddable":true,"href":"https:\/\/stylingagenten.com\/fi\/wp-json\/wp\/v2\/product_cat?post=109968"},{"taxonomy":"product_tag","embeddable":true,"href":"https:\/\/stylingagenten.com\/fi\/wp-json\/wp\/v2\/product_tag?post=109968"},{"taxonomy":"berocket_brand","embeddable":true,"href":"https:\/\/stylingagenten.com\/fi\/wp-json\/wp\/v2\/berocket_brand?post=109968"}],"curies":[{"name":"wp","href":"https:\/\/api.w.org\/{rel}","templated":true}]}}