{"id":109950,"date":"2025-05-18T20:54:00","date_gmt":"2025-05-18T20:54:00","guid":{"rendered":"https:\/\/staging2.stylingagenten.com\/fi\/produkt\/cuba-victory-edp-35ml\/"},"modified":"2026-03-17T14:32:04","modified_gmt":"2026-03-17T14:32:04","slug":"cuba-victory-edp-35ml","status":"publish","type":"product","link":"https:\/\/stylingagenten.com\/fi\/tuote\/cuba-victory-edp-35ml\/","title":{"rendered":"Cuba Victory Edp 35ml"},"content":{"rendered":"<p>CUBA VICTORY, kukkainen tuoksu, jossa on uusi alku ja it\u00e4mainen viimeistely. T\u00e4ydellinen naisellinen tuoksu jokap\u00e4iv\u00e4iseen k\u00e4ytt\u00f6\u00f6n.<\/p>\n<p>Yl\u00e4tuoksu: Appelsiini, persikka, luumu<br \/>Syd\u00e4ntuoksu: Violetti, Appelsiininkukka Abs, Ylang, Jasmiini<br \/>Pohjatuoksu: Vanilja Abs, Moss<\/p>\n","protected":false},"excerpt":{"rendered":"<p>CUBA VICTORY, kukkainen tuoksu, jossa on uusi alku ja it\u00e4mainen viimeistely. T\u00e4ydellinen naisellinen tuoksu jokap\u00e4iv\u00e4iseen k\u00e4ytt\u00f6\u00f6n. Yl\u00e4tuoksu: Appelsiini, persikka, luumuSyd\u00e4ntuoksu: Violetti, Appelsiininkukka Abs, Ylang, JasmiiniPohjatuoksu: Vanilja Abs, Moss<\/p>\n","protected":false},"featured_media":109948,"comment_status":"open","ping_status":"closed","template":"","meta":{"_trash_the_other_posts":false},"product_brand":[],"product_cat":[999,706,735],"product_tag":[],"berocket_brand":[1213],"class_list":{"0":"post-109950","1":"product","2":"type-product","3":"status-publish","4":"has-post-thumbnail","6":"product_cat-kampanjatarjous-naiselle","7":"product_cat-naisten-eau-de-parfum","8":"product_cat-kampanjamme","9":"pa_brand-cuba","10":"berocket_brand-cuba","12":"first","13":"instock","14":"sale","15":"taxable","16":"shipping-taxable","17":"purchasable","18":"product-type-simple"},"_links":{"self":[{"href":"https:\/\/stylingagenten.com\/fi\/wp-json\/wp\/v2\/product\/109950","targetHints":{"allow":["GET"]}}],"collection":[{"href":"https:\/\/stylingagenten.com\/fi\/wp-json\/wp\/v2\/product"}],"about":[{"href":"https:\/\/stylingagenten.com\/fi\/wp-json\/wp\/v2\/types\/product"}],"replies":[{"embeddable":true,"href":"https:\/\/stylingagenten.com\/fi\/wp-json\/wp\/v2\/comments?post=109950"}],"version-history":[{"count":0,"href":"https:\/\/stylingagenten.com\/fi\/wp-json\/wp\/v2\/product\/109950\/revisions"}],"wp:featuredmedia":[{"embeddable":true,"href":"https:\/\/stylingagenten.com\/fi\/wp-json\/wp\/v2\/media\/109948"}],"wp:attachment":[{"href":"https:\/\/stylingagenten.com\/fi\/wp-json\/wp\/v2\/media?parent=109950"}],"wp:term":[{"taxonomy":"product_brand","embeddable":true,"href":"https:\/\/stylingagenten.com\/fi\/wp-json\/wp\/v2\/product_brand?post=109950"},{"taxonomy":"product_cat","embeddable":true,"href":"https:\/\/stylingagenten.com\/fi\/wp-json\/wp\/v2\/product_cat?post=109950"},{"taxonomy":"product_tag","embeddable":true,"href":"https:\/\/stylingagenten.com\/fi\/wp-json\/wp\/v2\/product_tag?post=109950"},{"taxonomy":"berocket_brand","embeddable":true,"href":"https:\/\/stylingagenten.com\/fi\/wp-json\/wp\/v2\/berocket_brand?post=109950"}],"curies":[{"name":"wp","href":"https:\/\/api.w.org\/{rel}","templated":true}]}}