{"id":109935,"date":"2025-05-18T20:53:57","date_gmt":"2025-05-18T20:53:57","guid":{"rendered":"https:\/\/staging2.stylingagenten.com\/fi\/produkt\/juicy-couture-viva-la-juicy-noir-edp-100ml\/"},"modified":"2026-04-13T12:09:34","modified_gmt":"2026-04-13T12:09:34","slug":"juicy-couture-viva-la-juicy-noir-edp-100ml","status":"publish","type":"product","link":"https:\/\/stylingagenten.com\/fi\/tuote\/juicy-couture-viva-la-juicy-noir-edp-100ml\/","title":{"rendered":"Juicy Couture Viva La Juicy Noir Edp 100ml"},"content":{"rendered":"<p>Juicy Couture Viva La Juicy Noir Edp on synkk\u00e4 ja houkutteleva tulkinta myydyimm\u00e4st\u00e4 alkuper\u00e4isest\u00e4 Viva La Juicyst\u00e4. <\/p>\n<p>Tuoksutuoksu: mets\u00e4marjat, mandariini, mansikka, mesikastemeloni, gardenia, jasmiini, meripihka, karamelli, vanilja ja santelipuu.<\/p>\n","protected":false},"excerpt":{"rendered":"<p>Juicy Couture Viva La Juicy Noir Edp on synkk\u00e4 ja houkutteleva tulkinta myydyimm\u00e4st\u00e4 alkuper\u00e4isest\u00e4 Viva La Juicyst\u00e4. Tuoksutuoksu: mets\u00e4marjat, mandariini, mansikka, mesikastemeloni, gardenia, jasmiini, meripihka, karamelli, vanilja ja santelipuu.<\/p>\n","protected":false},"featured_media":109930,"comment_status":"open","ping_status":"closed","template":"","meta":{"_trash_the_other_posts":false},"product_brand":[],"product_cat":[918,999,1003,706,735],"product_tag":[3092],"berocket_brand":[1067],"class_list":{"0":"post-109935","1":"product","2":"type-product","3":"status-publish","4":"has-post-thumbnail","6":"product_cat-juicy-couture-viva-la-juicy","7":"product_cat-kampanjatarjous-naiselle","8":"product_cat-myydyimmat","9":"product_cat-naisten-eau-de-parfum","10":"product_cat-kampanjamme","11":"product_tag-juicy-couture-viva-la-juicy-noir-edp","12":"pa_brand-juicy-couture","13":"pa_variantti-100ml","14":"berocket_brand-juicy-couture","16":"first","17":"instock","18":"sale","19":"taxable","20":"shipping-taxable","21":"purchasable","22":"product-type-simple"},"_links":{"self":[{"href":"https:\/\/stylingagenten.com\/fi\/wp-json\/wp\/v2\/product\/109935","targetHints":{"allow":["GET"]}}],"collection":[{"href":"https:\/\/stylingagenten.com\/fi\/wp-json\/wp\/v2\/product"}],"about":[{"href":"https:\/\/stylingagenten.com\/fi\/wp-json\/wp\/v2\/types\/product"}],"replies":[{"embeddable":true,"href":"https:\/\/stylingagenten.com\/fi\/wp-json\/wp\/v2\/comments?post=109935"}],"version-history":[{"count":0,"href":"https:\/\/stylingagenten.com\/fi\/wp-json\/wp\/v2\/product\/109935\/revisions"}],"wp:featuredmedia":[{"embeddable":true,"href":"https:\/\/stylingagenten.com\/fi\/wp-json\/wp\/v2\/media\/109930"}],"wp:attachment":[{"href":"https:\/\/stylingagenten.com\/fi\/wp-json\/wp\/v2\/media?parent=109935"}],"wp:term":[{"taxonomy":"product_brand","embeddable":true,"href":"https:\/\/stylingagenten.com\/fi\/wp-json\/wp\/v2\/product_brand?post=109935"},{"taxonomy":"product_cat","embeddable":true,"href":"https:\/\/stylingagenten.com\/fi\/wp-json\/wp\/v2\/product_cat?post=109935"},{"taxonomy":"product_tag","embeddable":true,"href":"https:\/\/stylingagenten.com\/fi\/wp-json\/wp\/v2\/product_tag?post=109935"},{"taxonomy":"berocket_brand","embeddable":true,"href":"https:\/\/stylingagenten.com\/fi\/wp-json\/wp\/v2\/berocket_brand?post=109935"}],"curies":[{"name":"wp","href":"https:\/\/api.w.org\/{rel}","templated":true}]}}