{"id":109928,"date":"2025-05-18T20:53:55","date_gmt":"2025-05-18T20:53:55","guid":{"rendered":"https:\/\/staging2.stylingagenten.com\/fi\/produkt\/aquolina-pink-sugar-berry-blast-edt-100ml\/"},"modified":"2026-03-17T21:47:33","modified_gmt":"2026-03-17T21:47:33","slug":"aquolina-pink-sugar-berry-blast-edt-100ml","status":"publish","type":"product","link":"https:\/\/stylingagenten.com\/fi\/tuote\/aquolina-pink-sugar-berry-blast-edt-100ml\/","title":{"rendered":"Aquolina Pink Sugar Berry Blast Edt 100ml"},"content":{"rendered":"<p>Pink Sugar Berry Blast by Aquolina on kukkainen, hedelm\u00e4inen gourmand-tuoksu naisille.<br \/>Yl\u00e4tuoksu: Mustikka, karhunvatukka, appelsiini ja bergamotti<br \/>Syd\u00e4ntuoksu: Hattukaramelli, kirsikka, villimunkki ja korkki<br \/>Pohjatuoksu: Karamelli , vanilja, tonkapapu, setripuu ja sammal<\/p>\n","protected":false},"excerpt":{"rendered":"<p>Pink Sugar Berry Blast by Aquolina on kukkainen, hedelm\u00e4inen gourmand-tuoksu naisille.Yl\u00e4tuoksu: Mustikka, karhunvatukka, appelsiini ja bergamottiSyd\u00e4ntuoksu: Hattukaramelli, kirsikka, villimunkki ja korkkiPohjatuoksu: Karamelli , vanilja, tonkapapu, setripuu ja sammal<\/p>\n","protected":false},"featured_media":109925,"comment_status":"open","ping_status":"closed","template":"","meta":{"_trash_the_other_posts":false},"product_brand":[],"product_cat":[999,707,735],"product_tag":[],"berocket_brand":[1061],"class_list":{"0":"post-109928","1":"product","2":"type-product","3":"status-publish","4":"has-post-thumbnail","6":"product_cat-kampanjatarjous-naiselle","7":"product_cat-naisten-eau-de-toilette","8":"product_cat-kampanjamme","9":"pa_brand-aquolina","10":"berocket_brand-aquolina","12":"first","13":"instock","14":"sale","15":"taxable","16":"shipping-taxable","17":"purchasable","18":"product-type-simple"},"_links":{"self":[{"href":"https:\/\/stylingagenten.com\/fi\/wp-json\/wp\/v2\/product\/109928","targetHints":{"allow":["GET"]}}],"collection":[{"href":"https:\/\/stylingagenten.com\/fi\/wp-json\/wp\/v2\/product"}],"about":[{"href":"https:\/\/stylingagenten.com\/fi\/wp-json\/wp\/v2\/types\/product"}],"replies":[{"embeddable":true,"href":"https:\/\/stylingagenten.com\/fi\/wp-json\/wp\/v2\/comments?post=109928"}],"version-history":[{"count":0,"href":"https:\/\/stylingagenten.com\/fi\/wp-json\/wp\/v2\/product\/109928\/revisions"}],"wp:featuredmedia":[{"embeddable":true,"href":"https:\/\/stylingagenten.com\/fi\/wp-json\/wp\/v2\/media\/109925"}],"wp:attachment":[{"href":"https:\/\/stylingagenten.com\/fi\/wp-json\/wp\/v2\/media?parent=109928"}],"wp:term":[{"taxonomy":"product_brand","embeddable":true,"href":"https:\/\/stylingagenten.com\/fi\/wp-json\/wp\/v2\/product_brand?post=109928"},{"taxonomy":"product_cat","embeddable":true,"href":"https:\/\/stylingagenten.com\/fi\/wp-json\/wp\/v2\/product_cat?post=109928"},{"taxonomy":"product_tag","embeddable":true,"href":"https:\/\/stylingagenten.com\/fi\/wp-json\/wp\/v2\/product_tag?post=109928"},{"taxonomy":"berocket_brand","embeddable":true,"href":"https:\/\/stylingagenten.com\/fi\/wp-json\/wp\/v2\/berocket_brand?post=109928"}],"curies":[{"name":"wp","href":"https:\/\/api.w.org\/{rel}","templated":true}]}}