{"id":109911,"date":"2025-05-18T20:53:52","date_gmt":"2025-05-18T20:53:52","guid":{"rendered":"https:\/\/staging2.stylingagenten.com\/fi\/produkt\/replay-earth-made-amazonian-green-edt-200ml\/"},"modified":"2025-11-19T12:25:32","modified_gmt":"2025-11-19T12:25:32","slug":"replay-earth-made-amazonian-green-edt-200ml","status":"publish","type":"product","link":"https:\/\/stylingagenten.com\/fi\/tuote\/replay-earth-made-amazonian-green-edt-200ml\/","title":{"rendered":"Replay Earth Made Amazonian Green Edt 200ml"},"content":{"rendered":"<p id=\"isPasted\">AMAZONIAN GREEN \u2013 Luonnollinen vartalotuoksu 200ml \u2013 Eau de Toilette<\/p>\n<p style=\"text-align: left\">Mets\u00e4n sielu Phytogaia\u2122-uutteella rikastetussa pullossa tuo kaikki luonnollisten kasviuutteiden edut yhteen tuoksuun. P\u00e4\u00e4tuoksussa on cocktail tuoretta lime\u00e4 sekoitettuna trooppiseen ananaseen ja vaaleanpunaisella pippurilla. Vihre\u00e4t nuotit n\u00e4kyv\u00e4t yhdess\u00e4 iiriksen ja setrin itsen\u00e4isen luonteen kanssa. Kokonaisuus lep\u00e4\u00e4 turvallisella myskipilvell\u00e4 ja koukuttavalla tonkapavulla.<\/p>\n<p>Yl\u00e4tuoksu: Vihre\u00e4 sitruuna, limetti, perulainen ruusupippuri, ananascocktail Orpur, italialainen sitruuna Orpur<br \/>Syd\u00e4ntuoksu: Orris Butter Orpur Ranska, vihre\u00e4t varret, Texas Cedar Wood, mustapippuri Madagascar Orpur<br \/>Perustuoksut: jalo santelipuu, tonkapapu, myski<br \/>&nbsp;<\/ p><\/p>\n<p>PHYTOGAIA\u2122 \u2013 Kasvien hyvinvointi Givaudanin tuoksussa<br \/>Japanilaisesta mets\u00e4kylpytaidosta inspiroitunut Phytogaia\u2122 vangitsee hyvinvoinnin edut molekyylien avulla erittyv\u00e4t mets\u00e4puista, joilla on osoitettu olevan my\u00f6nteinen vaikutus ihmisiin. N\u00e4m\u00e4 fytonsideiksi kutsutut molekyylit tuottavat tuoksuissa k\u00e4ytettyn\u00e4 hyvinvointietuja parantamalla kuluttajien mielialaa ja v\u00e4hent\u00e4m\u00e4ll\u00e4 stressi\u00e4 ja v\u00e4symyst\u00e4. Givaudanin tieteellinen ryhm\u00e4 suoritti analyysin ymm\u00e4rt\u00e4\u00e4kseen sen haihtuvuutta ja koostumusta, ja tulokset muunnettiin hajuvesisopimuksiksi hajuvesien valmistajien kanssa luodakseen tuoksuja, jotka vaikuttavat positiivisesti kuluttajien el\u00e4m\u00e4\u00e4n.<br \/>&nbsp;<\/p>\n<p>Earth made on saanut inspiraationsa Replayn vaatesarjan kapselista, joka on valmistettu kokonaan orgaanisista kuiduista ja v\u00e4rj\u00e4tty ZDHC-sertifioiduilla orgaanisilla mineraalipigmenteill\u00e4 filosofia yhdist\u00e4\u00e4 uudelleen maahan.<br \/>Nelj\u00e4 luonnollista vartalotuoksua, joiden nimet juhlivat maan v\u00e4rien luonnollisuutta &#8211; Toscany Yellow, Antartica Blue, Amazonian Green, Arizona Orange &#8211; on k\u00e4\u00e4nnetty v\u00e4rikk\u00e4\u00e4ksi paletiksi kierr\u00e4tettyj\u00e4 v\u00e4ltt\u00e4m\u00e4tt\u00f6mi\u00e4 lasipulloja.<br \/>Tuoksut ovat sukupuolineutraalia toalettivett\u00e4 sertifioidulla luonnollisella alkuper\u00e4ll\u00e4, 100 % vegaanisia ja kasvialkoholeilla, jotka takaavat pitk\u00e4kestoisen ja pysyv\u00e4n tuoksun. T\u00e4ysin orgaaninen pakkaus luo t\u00e4ydelliset puitteet n\u00e4ille innovatiivisille tuoksuille. Antartica Blue ja Amazonian Green on rikastettu Thalassogaia\u2122- ja \u200b\u200bPhytogaia\u2122-uutteilla, mik\u00e4 takaa maksimaalisen fyysisen ja henkisen hyvinvoinnin sek\u00e4 luonnollisten uutteiden hy\u00f6dyt.<\/p>\n","protected":false},"excerpt":{"rendered":"<p>AMAZONIAN GREEN \u2013 Luonnollinen vartalotuoksu 200ml \u2013 Eau de Toilette Mets\u00e4n sielu Phytogaia\u2122-uutteella rikastetussa pullossa tuo kaikki luonnollisten kasviuutteiden edut yhteen tuoksuun. P\u00e4\u00e4tuoksussa on cocktail tuoretta lime\u00e4 sekoitettuna trooppiseen ananaseen ja vaaleanpunaisella pippurilla. Vihre\u00e4t nuotit n\u00e4kyv\u00e4t yhdess\u00e4 iiriksen ja setrin itsen\u00e4isen luonteen kanssa. Kokonaisuus lep\u00e4\u00e4 turvallisella myskipilvell\u00e4 ja koukuttavalla tonkapavulla. Yl\u00e4tuoksu: Vihre\u00e4 sitruuna, limetti, perulainen [&hellip;]<\/p>\n","protected":false},"featured_media":109895,"comment_status":"open","ping_status":"closed","template":"","meta":{"_trash_the_other_posts":false},"product_brand":[],"product_cat":[730,999,1005,735],"product_tag":[],"berocket_brand":[1120],"class_list":{"0":"post-109911","1":"product","2":"type-product","3":"status-publish","4":"has-post-thumbnail","6":"product_cat-eau-de-toilette-unisex","7":"product_cat-kampanjatarjous-naiselle","8":"product_cat-outlet","9":"product_cat-kampanjamme","10":"pa_brand-replay","11":"berocket_brand-replay","13":"first","14":"instock","15":"sale","16":"taxable","17":"shipping-taxable","18":"purchasable","19":"product-type-simple"},"_links":{"self":[{"href":"https:\/\/stylingagenten.com\/fi\/wp-json\/wp\/v2\/product\/109911","targetHints":{"allow":["GET"]}}],"collection":[{"href":"https:\/\/stylingagenten.com\/fi\/wp-json\/wp\/v2\/product"}],"about":[{"href":"https:\/\/stylingagenten.com\/fi\/wp-json\/wp\/v2\/types\/product"}],"replies":[{"embeddable":true,"href":"https:\/\/stylingagenten.com\/fi\/wp-json\/wp\/v2\/comments?post=109911"}],"version-history":[{"count":0,"href":"https:\/\/stylingagenten.com\/fi\/wp-json\/wp\/v2\/product\/109911\/revisions"}],"wp:featuredmedia":[{"embeddable":true,"href":"https:\/\/stylingagenten.com\/fi\/wp-json\/wp\/v2\/media\/109895"}],"wp:attachment":[{"href":"https:\/\/stylingagenten.com\/fi\/wp-json\/wp\/v2\/media?parent=109911"}],"wp:term":[{"taxonomy":"product_brand","embeddable":true,"href":"https:\/\/stylingagenten.com\/fi\/wp-json\/wp\/v2\/product_brand?post=109911"},{"taxonomy":"product_cat","embeddable":true,"href":"https:\/\/stylingagenten.com\/fi\/wp-json\/wp\/v2\/product_cat?post=109911"},{"taxonomy":"product_tag","embeddable":true,"href":"https:\/\/stylingagenten.com\/fi\/wp-json\/wp\/v2\/product_tag?post=109911"},{"taxonomy":"berocket_brand","embeddable":true,"href":"https:\/\/stylingagenten.com\/fi\/wp-json\/wp\/v2\/berocket_brand?post=109911"}],"curies":[{"name":"wp","href":"https:\/\/api.w.org\/{rel}","templated":true}]}}