{"id":109908,"date":"2025-05-18T20:53:51","date_gmt":"2025-05-18T20:53:51","guid":{"rendered":"https:\/\/staging2.stylingagenten.com\/fi\/produkt\/replay-earth-made-tuscany-yellow-edt-200ml\/"},"modified":"2025-11-19T12:25:34","modified_gmt":"2025-11-19T12:25:34","slug":"replay-earth-made-tuscany-yellow-edt-200ml","status":"publish","type":"product","link":"https:\/\/stylingagenten.com\/fi\/tuote\/replay-earth-made-tuscany-yellow-edt-200ml\/","title":{"rendered":"Replay Earth Made Tuscany Yellow Edt 200ml"},"content":{"rendered":"<p>TUSCANY YELLOW &#8211; Luonnollinen vartalotuoksu 200 ml \u2013 Eau de Toilette<\/p>\n<p>Hedelm\u00e4inen, energisoiva tuulahdus, joka viilent\u00e4\u00e4 miellytt\u00e4v\u00e4sti kuumaa Toscanan ilmaa. Tuoksu avautuu hesperidien tuoreudella, sekoitettuna samettisen persikan ja viettelev\u00e4n jasmiinin kera kermaiseen santelipuuhun ja miellytt\u00e4v\u00e4\u00e4n myskiin.<\/p>\n<p>Alkutuoksu: Green Mandarin Italy Orpur, Pink Greippi, Williams Pear, Italian Sitruuna<br \/> Syd\u00e4ntuoksu: Jasmine Sambac India Orpur, nektariini, Virginia Cedar Essence<br \/>Pohjatuoksu: Benzoin Resinoid Laos, Kermainen santelipuu Orpur, Sublime Musk<\/p>\n<p>Earth made inspiraationsa Replayn vaatemalliston kapselista, joka on valmistettu kokonaan orgaanisista kuiduista ja v\u00e4rj\u00e4tty ZDHC-sertifioiduilla orgaanisilla mineraalipigmenteill\u00e4, ja se kannattaa filosofiaa yhdist\u00e4\u00e4 uudelleen maahan. Nelj\u00e4 luonnollista vartalotuoksua, joiden nimet juhlivat maan v\u00e4rien luonnollisuutta &#8211; Toscany Yellow, Antartica Blue, Amazonian Green, Arizona Orange &#8211; on k\u00e4\u00e4nnetty v\u00e4rikk\u00e4\u00e4ksi palettiksi kierr\u00e4tettyj\u00e4 v\u00e4ltt\u00e4m\u00e4tt\u00f6mi\u00e4 lasipulloja. Tuoksut ovat sukupuolineutraalia sertifioitua luonnollista alkuper\u00e4\u00e4 olevaa vegaanista 100 % vegaanista ja kasvisalkoholeja, jotka takaavat pitk\u00e4kestoisen ja pysyv\u00e4n tuoksun. T\u00e4ysin orgaaninen pakkaus luo t\u00e4ydelliset puitteet n\u00e4ille innovatiivisille tuoksuille. Antartica Blue ja Amazonian Green on rikastettu Thalassogaia\u2122- ja \u200b\u200bPhytogaia\u2122-uutteilla, mik\u00e4 takaa maksimaalisen fyysisen ja henkisen hyvinvoinnin sek\u00e4 luonnollisten uutteiden hy\u00f6dyt.<\/p>\n","protected":false},"excerpt":{"rendered":"<p>TUSCANY YELLOW &#8211; Luonnollinen vartalotuoksu 200 ml \u2013 Eau de Toilette Hedelm\u00e4inen, energisoiva tuulahdus, joka viilent\u00e4\u00e4 miellytt\u00e4v\u00e4sti kuumaa Toscanan ilmaa. Tuoksu avautuu hesperidien tuoreudella, sekoitettuna samettisen persikan ja viettelev\u00e4n jasmiinin kera kermaiseen santelipuuhun ja miellytt\u00e4v\u00e4\u00e4n myskiin. Alkutuoksu: Green Mandarin Italy Orpur, Pink Greippi, Williams Pear, Italian Sitruuna Syd\u00e4ntuoksu: Jasmine Sambac India Orpur, nektariini, Virginia Cedar [&hellip;]<\/p>\n","protected":false},"featured_media":109892,"comment_status":"open","ping_status":"closed","template":"","meta":{"_trash_the_other_posts":false},"product_brand":[],"product_cat":[730,999,735],"product_tag":[],"berocket_brand":[1120],"class_list":{"0":"post-109908","1":"product","2":"type-product","3":"status-publish","4":"has-post-thumbnail","6":"product_cat-eau-de-toilette-unisex","7":"product_cat-kampanjatarjous-naiselle","8":"product_cat-kampanjamme","9":"pa_brand-replay","10":"berocket_brand-replay","12":"first","13":"instock","14":"sale","15":"taxable","16":"shipping-taxable","17":"purchasable","18":"product-type-simple"},"_links":{"self":[{"href":"https:\/\/stylingagenten.com\/fi\/wp-json\/wp\/v2\/product\/109908","targetHints":{"allow":["GET"]}}],"collection":[{"href":"https:\/\/stylingagenten.com\/fi\/wp-json\/wp\/v2\/product"}],"about":[{"href":"https:\/\/stylingagenten.com\/fi\/wp-json\/wp\/v2\/types\/product"}],"replies":[{"embeddable":true,"href":"https:\/\/stylingagenten.com\/fi\/wp-json\/wp\/v2\/comments?post=109908"}],"version-history":[{"count":0,"href":"https:\/\/stylingagenten.com\/fi\/wp-json\/wp\/v2\/product\/109908\/revisions"}],"wp:featuredmedia":[{"embeddable":true,"href":"https:\/\/stylingagenten.com\/fi\/wp-json\/wp\/v2\/media\/109892"}],"wp:attachment":[{"href":"https:\/\/stylingagenten.com\/fi\/wp-json\/wp\/v2\/media?parent=109908"}],"wp:term":[{"taxonomy":"product_brand","embeddable":true,"href":"https:\/\/stylingagenten.com\/fi\/wp-json\/wp\/v2\/product_brand?post=109908"},{"taxonomy":"product_cat","embeddable":true,"href":"https:\/\/stylingagenten.com\/fi\/wp-json\/wp\/v2\/product_cat?post=109908"},{"taxonomy":"product_tag","embeddable":true,"href":"https:\/\/stylingagenten.com\/fi\/wp-json\/wp\/v2\/product_tag?post=109908"},{"taxonomy":"berocket_brand","embeddable":true,"href":"https:\/\/stylingagenten.com\/fi\/wp-json\/wp\/v2\/berocket_brand?post=109908"}],"curies":[{"name":"wp","href":"https:\/\/api.w.org\/{rel}","templated":true}]}}