{"id":109898,"date":"2025-05-18T20:53:50","date_gmt":"2025-05-18T20:53:50","guid":{"rendered":"https:\/\/staging2.stylingagenten.com\/fi\/produkt\/replay-tank-for-her-edt-50ml\/"},"modified":"2026-03-30T12:18:26","modified_gmt":"2026-03-30T12:18:26","slug":"replay-tank-for-her-edt-50ml","status":"publish","type":"product","link":"https:\/\/stylingagenten.com\/fi\/tuote\/replay-tank-for-her-edt-50ml\/","title":{"rendered":"Replay # Tank For Her Edt 50ml"},"content":{"rendered":"<p>Replay #TANK FOR HER vangitsee Replayn teollisen hengen ikonisimmat puolet. Ainutlaatuinen pullo puuterivaaleanpunainen, paranneltu metallisilla elementeill\u00e4. Eloisuus ja dynaamisuus keskittynyt purkkiin puhdasta energiaa. Tuoksu on iloinen ja aistillinen viettelevill\u00e4 gourmand-tuoksuilla. Koostumus avautuu aavistus tuoretta omenaa ja ylenpalttista appelsiinia, joka sulautuu syd\u00e4mess\u00e4 lumoavan ruusun volyymiin ja koukuttavaan tuberoosin ja jasmiinin vivahteeseen. Pohja on hienostunut ja viettelev\u00e4, ja se tarjoaa syvyytt\u00e4 ja l\u00e4mp\u00f6\u00e4 kermaisen santelipuun ja myskin yhdistelm\u00e4n sek\u00e4 modernin vaniljakonkreettisen yhdistelm\u00e4n ansiosta.<\/p>\n<p>Alkutuoksu: Pomeranian, omena<br \/>Syd\u00e4ntuoksu: tuberoosi, jasmiini, ruusu <br \/>Pohjatuoksu: praliini, vanilja, santelipuu, myski<\/p>\n","protected":false},"excerpt":{"rendered":"<p>Replay #TANK FOR HER vangitsee Replayn teollisen hengen ikonisimmat puolet. Ainutlaatuinen pullo puuterivaaleanpunainen, paranneltu metallisilla elementeill\u00e4. Eloisuus ja dynaamisuus keskittynyt purkkiin puhdasta energiaa. Tuoksu on iloinen ja aistillinen viettelevill\u00e4 gourmand-tuoksuilla. Koostumus avautuu aavistus tuoretta omenaa ja ylenpalttista appelsiinia, joka sulautuu syd\u00e4mess\u00e4 lumoavan ruusun volyymiin ja koukuttavaan tuberoosin ja jasmiinin vivahteeseen. Pohja on hienostunut ja viettelev\u00e4, [&hellip;]<\/p>\n","protected":false},"featured_media":109889,"comment_status":"open","ping_status":"closed","template":"","meta":{"_trash_the_other_posts":false},"product_brand":[],"product_cat":[999,707,735],"product_tag":[3893],"berocket_brand":[1120],"class_list":{"0":"post-109898","1":"product","2":"type-product","3":"status-publish","4":"has-post-thumbnail","6":"product_cat-kampanjatarjous-naiselle","7":"product_cat-naisten-eau-de-toilette","8":"product_cat-kampanjamme","9":"product_tag-replay-tank-for-her-edt","10":"pa_brand-replay","11":"pa_variantti-50ml","12":"berocket_brand-replay","14":"first","15":"instock","16":"sale","17":"taxable","18":"shipping-taxable","19":"purchasable","20":"product-type-simple"},"_links":{"self":[{"href":"https:\/\/stylingagenten.com\/fi\/wp-json\/wp\/v2\/product\/109898","targetHints":{"allow":["GET"]}}],"collection":[{"href":"https:\/\/stylingagenten.com\/fi\/wp-json\/wp\/v2\/product"}],"about":[{"href":"https:\/\/stylingagenten.com\/fi\/wp-json\/wp\/v2\/types\/product"}],"replies":[{"embeddable":true,"href":"https:\/\/stylingagenten.com\/fi\/wp-json\/wp\/v2\/comments?post=109898"}],"version-history":[{"count":0,"href":"https:\/\/stylingagenten.com\/fi\/wp-json\/wp\/v2\/product\/109898\/revisions"}],"wp:featuredmedia":[{"embeddable":true,"href":"https:\/\/stylingagenten.com\/fi\/wp-json\/wp\/v2\/media\/109889"}],"wp:attachment":[{"href":"https:\/\/stylingagenten.com\/fi\/wp-json\/wp\/v2\/media?parent=109898"}],"wp:term":[{"taxonomy":"product_brand","embeddable":true,"href":"https:\/\/stylingagenten.com\/fi\/wp-json\/wp\/v2\/product_brand?post=109898"},{"taxonomy":"product_cat","embeddable":true,"href":"https:\/\/stylingagenten.com\/fi\/wp-json\/wp\/v2\/product_cat?post=109898"},{"taxonomy":"product_tag","embeddable":true,"href":"https:\/\/stylingagenten.com\/fi\/wp-json\/wp\/v2\/product_tag?post=109898"},{"taxonomy":"berocket_brand","embeddable":true,"href":"https:\/\/stylingagenten.com\/fi\/wp-json\/wp\/v2\/berocket_brand?post=109898"}],"curies":[{"name":"wp","href":"https:\/\/api.w.org\/{rel}","templated":true}]}}