{"id":109883,"date":"2025-05-18T20:53:47","date_gmt":"2025-05-18T20:53:47","guid":{"rendered":"https:\/\/staging2.stylingagenten.com\/fi\/produkt\/replay-tank-plate-for-her-edt-100ml\/"},"modified":"2026-04-11T09:18:31","modified_gmt":"2026-04-11T09:18:31","slug":"replay-tank-plate-for-her-edt-100ml","status":"publish","type":"product","link":"https:\/\/stylingagenten.com\/fi\/tuote\/replay-tank-plate-for-her-edt-100ml\/","title":{"rendered":"Replay # Tank Plate For Her Edt 100ml"},"content":{"rendered":"<p>Replay #TANK Plate for Her sis\u00e4lt\u00e4\u00e4 alkuper\u00e4isen s\u00e4ili\u00f6n muotoisen pullon, joka on rikastettu silmiinpist\u00e4v\u00e4ll\u00e4 metallisen vaaleanpunaisella viimeistelyll\u00e4. T\u00e4m\u00e4 uusi Replay-tyt\u00f6ille omistettu luomus on huumaava tuoksu, jossa yhdistyv\u00e4t naisellinen viettely ja v\u00e4rik\u00e4s onnellisuus. Makeat punaiset hedelm\u00e4t leikkiv\u00e4t tuoreella freesialla ja pehme\u00e4ll\u00e4 mantelilla alkutuoksussa. Jasmiinin, mehukkaan persikan ja jauhemaisen iiriksen viettelev\u00e4t syd\u00e4ntuoksut sulkevat kermaisen vaniljan, meripihkan ja tonkapavun.<\/p>\n<p>Alkutuoksu: manteli, punaiset hedelm\u00e4t, freesia<br \/>Syd\u00e4ntuoksu: persikka, iiris, tuberoosi, jasmiini. <br \/>Pohjatuoksu: vanilja, tonkapapu, santelipuu, meripihka<\/p>\n","protected":false},"excerpt":{"rendered":"<p>Replay #TANK Plate for Her sis\u00e4lt\u00e4\u00e4 alkuper\u00e4isen s\u00e4ili\u00f6n muotoisen pullon, joka on rikastettu silmiinpist\u00e4v\u00e4ll\u00e4 metallisen vaaleanpunaisella viimeistelyll\u00e4. T\u00e4m\u00e4 uusi Replay-tyt\u00f6ille omistettu luomus on huumaava tuoksu, jossa yhdistyv\u00e4t naisellinen viettely ja v\u00e4rik\u00e4s onnellisuus. Makeat punaiset hedelm\u00e4t leikkiv\u00e4t tuoreella freesialla ja pehme\u00e4ll\u00e4 mantelilla alkutuoksussa. Jasmiinin, mehukkaan persikan ja jauhemaisen iiriksen viettelev\u00e4t syd\u00e4ntuoksut sulkevat kermaisen vaniljan, meripihkan ja [&hellip;]<\/p>\n","protected":false},"featured_media":109880,"comment_status":"open","ping_status":"closed","template":"","meta":{"_trash_the_other_posts":false},"product_brand":[],"product_cat":[999,707,735],"product_tag":[3895],"berocket_brand":[1120],"class_list":{"0":"post-109883","1":"product","2":"type-product","3":"status-publish","4":"has-post-thumbnail","6":"product_cat-kampanjatarjous-naiselle","7":"product_cat-naisten-eau-de-toilette","8":"product_cat-kampanjamme","9":"product_tag-replay-tank-plate-for-her-edt","10":"pa_brand-replay","11":"pa_variantti-100ml","12":"berocket_brand-replay","14":"first","15":"instock","16":"sale","17":"taxable","18":"shipping-taxable","19":"purchasable","20":"product-type-simple"},"_links":{"self":[{"href":"https:\/\/stylingagenten.com\/fi\/wp-json\/wp\/v2\/product\/109883","targetHints":{"allow":["GET"]}}],"collection":[{"href":"https:\/\/stylingagenten.com\/fi\/wp-json\/wp\/v2\/product"}],"about":[{"href":"https:\/\/stylingagenten.com\/fi\/wp-json\/wp\/v2\/types\/product"}],"replies":[{"embeddable":true,"href":"https:\/\/stylingagenten.com\/fi\/wp-json\/wp\/v2\/comments?post=109883"}],"version-history":[{"count":0,"href":"https:\/\/stylingagenten.com\/fi\/wp-json\/wp\/v2\/product\/109883\/revisions"}],"wp:featuredmedia":[{"embeddable":true,"href":"https:\/\/stylingagenten.com\/fi\/wp-json\/wp\/v2\/media\/109880"}],"wp:attachment":[{"href":"https:\/\/stylingagenten.com\/fi\/wp-json\/wp\/v2\/media?parent=109883"}],"wp:term":[{"taxonomy":"product_brand","embeddable":true,"href":"https:\/\/stylingagenten.com\/fi\/wp-json\/wp\/v2\/product_brand?post=109883"},{"taxonomy":"product_cat","embeddable":true,"href":"https:\/\/stylingagenten.com\/fi\/wp-json\/wp\/v2\/product_cat?post=109883"},{"taxonomy":"product_tag","embeddable":true,"href":"https:\/\/stylingagenten.com\/fi\/wp-json\/wp\/v2\/product_tag?post=109883"},{"taxonomy":"berocket_brand","embeddable":true,"href":"https:\/\/stylingagenten.com\/fi\/wp-json\/wp\/v2\/berocket_brand?post=109883"}],"curies":[{"name":"wp","href":"https:\/\/api.w.org\/{rel}","templated":true}]}}