{"id":109879,"date":"2025-05-18T20:53:46","date_gmt":"2025-05-18T20:53:46","guid":{"rendered":"https:\/\/staging2.stylingagenten.com\/fi\/produkt\/replay-tank-plate-for-him-edt-30ml\/"},"modified":"2026-04-06T16:38:49","modified_gmt":"2026-04-06T16:38:49","slug":"replay-tank-plate-for-him-edt-30ml","status":"publish","type":"product","link":"https:\/\/stylingagenten.com\/fi\/tuote\/replay-tank-plate-for-him-edt-30ml\/","title":{"rendered":"Replay # Tank Plate For Him Edt 30ml"},"content":{"rendered":"<p>Replay # Tank Plate For Him Edt<br \/>Kirkas tankin muotoinen pullo on omistettu nuorille Replay-miehille. Ainutlaatuinen viimeistely koristaa ikonisen pullon ja tuloksena on luomus, joka on t\u00e4ynn\u00e4 rohkeutta ja innovaatioita. Raikas ja ylt\u00e4kyll\u00e4inen tuoksu, joka on omistettu tuhatvuotiselle sukupolvelle. Mausteinen kardemumma yhdess\u00e4 mehukkaan ananaksen ja greipin kanssa luovat ainutlaatuisen foug\u00e8re-mestariteoksen. Pohjatuoksussa puinen harmonia antaa tuoksulle maskuliinisuutta, kun taas patsuli antaa eleganssia koko luomukseen.<\/p>\n<p>Yl\u00e4tuoksu: greippi, ananas, p\u00e4\u00e4ryn\u00e4, kardemumma.<br \/>Syd\u00e4ntuoksu: pippuri, koivunlehti, Laventeli, rosmariini.<br \/>Pohjatuoksu: Patchouli, kashmirpuu, tammi, santelipuu, tonkapapu, myski<\/p>\n","protected":false},"excerpt":{"rendered":"<p>Replay # Tank Plate For Him EdtKirkas tankin muotoinen pullo on omistettu nuorille Replay-miehille. Ainutlaatuinen viimeistely koristaa ikonisen pullon ja tuloksena on luomus, joka on t\u00e4ynn\u00e4 rohkeutta ja innovaatioita. Raikas ja ylt\u00e4kyll\u00e4inen tuoksu, joka on omistettu tuhatvuotiselle sukupolvelle. Mausteinen kardemumma yhdess\u00e4 mehukkaan ananaksen ja greipin kanssa luovat ainutlaatuisen foug\u00e8re-mestariteoksen. Pohjatuoksussa puinen harmonia antaa tuoksulle maskuliinisuutta, [&hellip;]<\/p>\n","protected":false},"featured_media":109875,"comment_status":"open","ping_status":"closed","template":"","meta":{"_trash_the_other_posts":false},"product_brand":[],"product_cat":[999,709,735],"product_tag":[3896],"berocket_brand":[1120],"class_list":{"0":"post-109879","1":"product","2":"type-product","3":"status-publish","4":"has-post-thumbnail","6":"product_cat-kampanjatarjous-naiselle","7":"product_cat-miesten-eau-de-toilette","8":"product_cat-kampanjamme","9":"product_tag-replay-tank-plate-for-him-edt","10":"pa_brand-replay","11":"pa_variantti-30ml","12":"berocket_brand-replay","14":"first","15":"instock","16":"sale","17":"taxable","18":"shipping-taxable","19":"purchasable","20":"product-type-simple"},"_links":{"self":[{"href":"https:\/\/stylingagenten.com\/fi\/wp-json\/wp\/v2\/product\/109879","targetHints":{"allow":["GET"]}}],"collection":[{"href":"https:\/\/stylingagenten.com\/fi\/wp-json\/wp\/v2\/product"}],"about":[{"href":"https:\/\/stylingagenten.com\/fi\/wp-json\/wp\/v2\/types\/product"}],"replies":[{"embeddable":true,"href":"https:\/\/stylingagenten.com\/fi\/wp-json\/wp\/v2\/comments?post=109879"}],"version-history":[{"count":0,"href":"https:\/\/stylingagenten.com\/fi\/wp-json\/wp\/v2\/product\/109879\/revisions"}],"wp:featuredmedia":[{"embeddable":true,"href":"https:\/\/stylingagenten.com\/fi\/wp-json\/wp\/v2\/media\/109875"}],"wp:attachment":[{"href":"https:\/\/stylingagenten.com\/fi\/wp-json\/wp\/v2\/media?parent=109879"}],"wp:term":[{"taxonomy":"product_brand","embeddable":true,"href":"https:\/\/stylingagenten.com\/fi\/wp-json\/wp\/v2\/product_brand?post=109879"},{"taxonomy":"product_cat","embeddable":true,"href":"https:\/\/stylingagenten.com\/fi\/wp-json\/wp\/v2\/product_cat?post=109879"},{"taxonomy":"product_tag","embeddable":true,"href":"https:\/\/stylingagenten.com\/fi\/wp-json\/wp\/v2\/product_tag?post=109879"},{"taxonomy":"berocket_brand","embeddable":true,"href":"https:\/\/stylingagenten.com\/fi\/wp-json\/wp\/v2\/berocket_brand?post=109879"}],"curies":[{"name":"wp","href":"https:\/\/api.w.org\/{rel}","templated":true}]}}