{"id":109868,"date":"2025-05-18T20:53:44","date_gmt":"2025-05-18T20:53:44","guid":{"rendered":"https:\/\/staging2.stylingagenten.com\/fi\/produkt\/replay-tank-custom-for-her-edt-50ml\/"},"modified":"2025-11-19T12:25:39","modified_gmt":"2025-11-19T12:25:39","slug":"replay-tank-custom-for-her-edt-50ml","status":"publish","type":"product","link":"https:\/\/stylingagenten.com\/fi\/tuote\/replay-tank-custom-for-her-edt-50ml\/","title":{"rendered":"Replay # Tank Custom For Her Edt 50ml"},"content":{"rendered":"<p>P\u00e4\u00e4tt\u00e4v\u00e4isille ja itsevarmoille tyt\u00f6ille omistettu #TANK CUSTOM FOR HER antaa energiaa joka p\u00e4iv\u00e4. Tuoksu on piilotettu kohtaaminen viettelev\u00e4n hunajan ja tyylikk\u00e4\u00e4n kukkakimpun v\u00e4lill\u00e4. Naisellisuuden r\u00e4j\u00e4hdys, joka huumaa aistit. Pohja on magneettinen syleily aistillista patsulia, l\u00e4mmint\u00e4 vaniljaa ja eksklusiivista Orcanoxia.<br id=\"isPasted\"><br \/>Yl\u00e4tuoksu: hunaja, sorbetti, omena, petitgrain<br \/>Syd\u00e4ntuoksu: Appelsiininkukka, jasmiini, lilja laakso<br \/>Pohjatuoksu: vanilja, ambroksaani, patsuli<\/p>\n","protected":false},"excerpt":{"rendered":"<p>P\u00e4\u00e4tt\u00e4v\u00e4isille ja itsevarmoille tyt\u00f6ille omistettu #TANK CUSTOM FOR HER antaa energiaa joka p\u00e4iv\u00e4. Tuoksu on piilotettu kohtaaminen viettelev\u00e4n hunajan ja tyylikk\u00e4\u00e4n kukkakimpun v\u00e4lill\u00e4. Naisellisuuden r\u00e4j\u00e4hdys, joka huumaa aistit. Pohja on magneettinen syleily aistillista patsulia, l\u00e4mmint\u00e4 vaniljaa ja eksklusiivista Orcanoxia.Yl\u00e4tuoksu: hunaja, sorbetti, omena, petitgrainSyd\u00e4ntuoksu: Appelsiininkukka, jasmiini, lilja laaksoPohjatuoksu: vanilja, ambroksaani, patsuli<\/p>\n","protected":false},"featured_media":109859,"comment_status":"open","ping_status":"closed","template":"","meta":{"_trash_the_other_posts":false},"product_brand":[],"product_cat":[999,707,735],"product_tag":[3891],"berocket_brand":[1120],"class_list":{"0":"post-109868","1":"product","2":"type-product","3":"status-publish","4":"has-post-thumbnail","6":"product_cat-kampanjatarjous-naiselle","7":"product_cat-naisten-eau-de-toilette","8":"product_cat-kampanjamme","9":"product_tag-replay-tank-custom-for-her-edt","10":"pa_brand-replay","11":"pa_variantti-50ml","12":"berocket_brand-replay","14":"first","15":"instock","16":"sale","17":"taxable","18":"shipping-taxable","19":"purchasable","20":"product-type-simple"},"_links":{"self":[{"href":"https:\/\/stylingagenten.com\/fi\/wp-json\/wp\/v2\/product\/109868","targetHints":{"allow":["GET"]}}],"collection":[{"href":"https:\/\/stylingagenten.com\/fi\/wp-json\/wp\/v2\/product"}],"about":[{"href":"https:\/\/stylingagenten.com\/fi\/wp-json\/wp\/v2\/types\/product"}],"replies":[{"embeddable":true,"href":"https:\/\/stylingagenten.com\/fi\/wp-json\/wp\/v2\/comments?post=109868"}],"version-history":[{"count":0,"href":"https:\/\/stylingagenten.com\/fi\/wp-json\/wp\/v2\/product\/109868\/revisions"}],"wp:featuredmedia":[{"embeddable":true,"href":"https:\/\/stylingagenten.com\/fi\/wp-json\/wp\/v2\/media\/109859"}],"wp:attachment":[{"href":"https:\/\/stylingagenten.com\/fi\/wp-json\/wp\/v2\/media?parent=109868"}],"wp:term":[{"taxonomy":"product_brand","embeddable":true,"href":"https:\/\/stylingagenten.com\/fi\/wp-json\/wp\/v2\/product_brand?post=109868"},{"taxonomy":"product_cat","embeddable":true,"href":"https:\/\/stylingagenten.com\/fi\/wp-json\/wp\/v2\/product_cat?post=109868"},{"taxonomy":"product_tag","embeddable":true,"href":"https:\/\/stylingagenten.com\/fi\/wp-json\/wp\/v2\/product_tag?post=109868"},{"taxonomy":"berocket_brand","embeddable":true,"href":"https:\/\/stylingagenten.com\/fi\/wp-json\/wp\/v2\/berocket_brand?post=109868"}],"curies":[{"name":"wp","href":"https:\/\/api.w.org\/{rel}","templated":true}]}}