{"id":109860,"date":"2025-05-18T20:53:43","date_gmt":"2025-05-18T20:53:43","guid":{"rendered":"https:\/\/staging2.stylingagenten.com\/fi\/produkt\/replay-signature-secret-for-woman-edt-100ml\/"},"modified":"2026-03-25T09:28:58","modified_gmt":"2026-03-25T09:28:58","slug":"replay-signature-secret-for-woman-edt-100ml","status":"publish","type":"product","link":"https:\/\/stylingagenten.com\/fi\/tuote\/replay-signature-secret-for-woman-edt-100ml\/","title":{"rendered":"Replay Signature Secret For Woman Edt 100ml"},"content":{"rendered":"<p>Replay Signature Secret for Woman on uusi tuoksu, joka rikastuttaa Replay Signature -sarjaa. Idyllinen puutarha koristaa pullon ja kutsuu kauniiseen luontoon. T\u00e4m\u00e4 luomus juhlistaa naisten salaper\u00e4ist\u00e4, pehme\u00e4\u00e4 ja idyllist\u00e4 sielua. Tuoksu on energinen koostumus, joka avautuu ylenpalttisen bergamotin ja mehukkaan p\u00e4\u00e4ryn\u00e4n valloittavalla harmonialla. Syd\u00e4n heijastaa vahvan ja voimakkaan naisen naisellisuutta kukkakimpussa raikasta freesiaa ja aistillista sambac jasmiinia. L\u00e4mmin ja peitt\u00e4v\u00e4 pohja samettista kashmirpuuta ja kermaista vaniljaa yhdist\u00e4v\u00e4t koko koostumuksen.<\/p>\n<p>Alkutuoksu: Bergamotti, P\u00e4\u00e4ryn\u00e4, Petitgrain<br \/>Syd\u00e4ntuoksu: Freesia, Jasmiini <span id=\"isPasted\" style=\"font-family: sans-serif;font-size: 14px;float: none\">Sambac&nbsp;<\/span>, appelsiininkukka<br \/>Pohjatuoksu: valkoinen myski, vanilja, kashmirpuu<\/p>\n","protected":false},"excerpt":{"rendered":"<p>Replay Signature Secret for Woman on uusi tuoksu, joka rikastuttaa Replay Signature -sarjaa. Idyllinen puutarha koristaa pullon ja kutsuu kauniiseen luontoon. T\u00e4m\u00e4 luomus juhlistaa naisten salaper\u00e4ist\u00e4, pehme\u00e4\u00e4 ja idyllist\u00e4 sielua. Tuoksu on energinen koostumus, joka avautuu ylenpalttisen bergamotin ja mehukkaan p\u00e4\u00e4ryn\u00e4n valloittavalla harmonialla. Syd\u00e4n heijastaa vahvan ja voimakkaan naisen naisellisuutta kukkakimpussa raikasta freesiaa ja aistillista [&hellip;]<\/p>\n","protected":false},"featured_media":109856,"comment_status":"open","ping_status":"closed","template":"","meta":{"_trash_the_other_posts":false},"product_brand":[],"product_cat":[999,707,735],"product_tag":[3904],"berocket_brand":[1120],"class_list":{"0":"post-109860","1":"product","2":"type-product","3":"status-publish","4":"has-post-thumbnail","6":"product_cat-kampanjatarjous-naiselle","7":"product_cat-naisten-eau-de-toilette","8":"product_cat-kampanjamme","9":"product_tag-replay-signature-secret-for-woman-edt","10":"pa_brand-replay","11":"pa_variantti-100ml","12":"berocket_brand-replay","14":"first","15":"instock","16":"sale","17":"taxable","18":"shipping-taxable","19":"purchasable","20":"product-type-simple"},"_links":{"self":[{"href":"https:\/\/stylingagenten.com\/fi\/wp-json\/wp\/v2\/product\/109860","targetHints":{"allow":["GET"]}}],"collection":[{"href":"https:\/\/stylingagenten.com\/fi\/wp-json\/wp\/v2\/product"}],"about":[{"href":"https:\/\/stylingagenten.com\/fi\/wp-json\/wp\/v2\/types\/product"}],"replies":[{"embeddable":true,"href":"https:\/\/stylingagenten.com\/fi\/wp-json\/wp\/v2\/comments?post=109860"}],"version-history":[{"count":0,"href":"https:\/\/stylingagenten.com\/fi\/wp-json\/wp\/v2\/product\/109860\/revisions"}],"wp:featuredmedia":[{"embeddable":true,"href":"https:\/\/stylingagenten.com\/fi\/wp-json\/wp\/v2\/media\/109856"}],"wp:attachment":[{"href":"https:\/\/stylingagenten.com\/fi\/wp-json\/wp\/v2\/media?parent=109860"}],"wp:term":[{"taxonomy":"product_brand","embeddable":true,"href":"https:\/\/stylingagenten.com\/fi\/wp-json\/wp\/v2\/product_brand?post=109860"},{"taxonomy":"product_cat","embeddable":true,"href":"https:\/\/stylingagenten.com\/fi\/wp-json\/wp\/v2\/product_cat?post=109860"},{"taxonomy":"product_tag","embeddable":true,"href":"https:\/\/stylingagenten.com\/fi\/wp-json\/wp\/v2\/product_tag?post=109860"},{"taxonomy":"berocket_brand","embeddable":true,"href":"https:\/\/stylingagenten.com\/fi\/wp-json\/wp\/v2\/berocket_brand?post=109860"}],"curies":[{"name":"wp","href":"https:\/\/api.w.org\/{rel}","templated":true}]}}