{"id":109846,"date":"2025-05-18T20:53:39","date_gmt":"2025-05-18T20:53:39","guid":{"rendered":"https:\/\/staging2.stylingagenten.com\/fi\/produkt\/replay-signature-for-woman-edp-100ml\/"},"modified":"2026-03-27T15:03:28","modified_gmt":"2026-03-27T15:03:28","slug":"replay-signature-for-woman-edp-100ml","status":"publish","type":"product","link":"https:\/\/stylingagenten.com\/fi\/tuote\/replay-signature-for-woman-edp-100ml\/","title":{"rendered":"Replay Signature For Woman Edp 100ml"},"content":{"rendered":"<p>Innovatiivisella suunnittelullaan Replay Signature pyrkii siirt\u00e4m\u00e4\u00e4n Replay-muotimalliston hengen hajuvesimaailmaan. Pullon institutionaalista muotoa vahvistavat niitit molemmilla puolilla. Kukkamotiivi koristaa koko pullon ja tekee siit\u00e4 uskomattoman tyylikk\u00e4\u00e4n. Tuoksu on selke\u00e4 chypre-koostumus, jossa on modernia naisellisuutta ja viettelev\u00e4\u00e4 voimaa. Huipputuoksessa sitrushedelm\u00e4t levitt\u00e4v\u00e4t tuoksuaan luoden luonnollisen raikkauden tunteen. Ilma tuoksuu makealta mandariinilta ja mehukkaalta nektariinilta. Lumoava syd\u00e4ntuoksu yhdist\u00e4\u00e4 kimppuun aistillista geraniumia, turruttavaa jasmiinia ja eksoottista ylang ylangia, jotka sulautuvat yhteen ja levitt\u00e4v\u00e4t puhdasta charmia. Tyylik\u00e4s pohja tummaa vetiveriaa, maanl\u00e4heist\u00e4 patsulia, jaloa meripihkaa ja puhdasta myski\u00e4 harmonisoivat t\u00e4m\u00e4n poikkeuksellisen mestariteoksen.<\/p>\n<p>Yl\u00e4tuoksu: Nektariini, Mandariini, Sitrus<br \/>Syd\u00e4ntuoksu: Ylang Ylang, Jasmine, Geranium<br \/>Pohjatuoksu tuoksut: Patchouli, Myski, Amber, Vetiver<\/p>\n","protected":false},"excerpt":{"rendered":"<p>Innovatiivisella suunnittelullaan Replay Signature pyrkii siirt\u00e4m\u00e4\u00e4n Replay-muotimalliston hengen hajuvesimaailmaan. Pullon institutionaalista muotoa vahvistavat niitit molemmilla puolilla. Kukkamotiivi koristaa koko pullon ja tekee siit\u00e4 uskomattoman tyylikk\u00e4\u00e4n. Tuoksu on selke\u00e4 chypre-koostumus, jossa on modernia naisellisuutta ja viettelev\u00e4\u00e4 voimaa. Huipputuoksessa sitrushedelm\u00e4t levitt\u00e4v\u00e4t tuoksuaan luoden luonnollisen raikkauden tunteen. Ilma tuoksuu makealta mandariinilta ja mehukkaalta nektariinilta. Lumoava syd\u00e4ntuoksu yhdist\u00e4\u00e4 kimppuun [&hellip;]<\/p>\n","protected":false},"featured_media":109837,"comment_status":"open","ping_status":"closed","template":"","meta":{"_trash_the_other_posts":false},"product_brand":[],"product_cat":[999,707,735],"product_tag":[3900],"berocket_brand":[1120],"class_list":{"0":"post-109846","1":"product","2":"type-product","3":"status-publish","4":"has-post-thumbnail","6":"product_cat-kampanjatarjous-naiselle","7":"product_cat-naisten-eau-de-toilette","8":"product_cat-kampanjamme","9":"product_tag-replay-signature-for-woman-edp","10":"pa_brand-replay","11":"pa_variantti-100ml","12":"berocket_brand-replay","14":"first","15":"instock","16":"sale","17":"taxable","18":"shipping-taxable","19":"purchasable","20":"product-type-simple"},"_links":{"self":[{"href":"https:\/\/stylingagenten.com\/fi\/wp-json\/wp\/v2\/product\/109846","targetHints":{"allow":["GET"]}}],"collection":[{"href":"https:\/\/stylingagenten.com\/fi\/wp-json\/wp\/v2\/product"}],"about":[{"href":"https:\/\/stylingagenten.com\/fi\/wp-json\/wp\/v2\/types\/product"}],"replies":[{"embeddable":true,"href":"https:\/\/stylingagenten.com\/fi\/wp-json\/wp\/v2\/comments?post=109846"}],"version-history":[{"count":0,"href":"https:\/\/stylingagenten.com\/fi\/wp-json\/wp\/v2\/product\/109846\/revisions"}],"wp:featuredmedia":[{"embeddable":true,"href":"https:\/\/stylingagenten.com\/fi\/wp-json\/wp\/v2\/media\/109837"}],"wp:attachment":[{"href":"https:\/\/stylingagenten.com\/fi\/wp-json\/wp\/v2\/media?parent=109846"}],"wp:term":[{"taxonomy":"product_brand","embeddable":true,"href":"https:\/\/stylingagenten.com\/fi\/wp-json\/wp\/v2\/product_brand?post=109846"},{"taxonomy":"product_cat","embeddable":true,"href":"https:\/\/stylingagenten.com\/fi\/wp-json\/wp\/v2\/product_cat?post=109846"},{"taxonomy":"product_tag","embeddable":true,"href":"https:\/\/stylingagenten.com\/fi\/wp-json\/wp\/v2\/product_tag?post=109846"},{"taxonomy":"berocket_brand","embeddable":true,"href":"https:\/\/stylingagenten.com\/fi\/wp-json\/wp\/v2\/berocket_brand?post=109846"}],"curies":[{"name":"wp","href":"https:\/\/api.w.org\/{rel}","templated":true}]}}