{"id":109833,"date":"2025-05-18T20:53:38","date_gmt":"2025-05-18T20:53:38","guid":{"rendered":"https:\/\/staging2.stylingagenten.com\/fi\/produkt\/replay-tank-custom-for-her-tester-edt-100ml\/"},"modified":"2026-03-27T13:12:27","modified_gmt":"2026-03-27T13:12:27","slug":"replay-tank-custom-for-her-tester-edt-100ml","status":"publish","type":"product","link":"https:\/\/stylingagenten.com\/fi\/tuote\/replay-tank-custom-for-her-tester-edt-100ml\/","title":{"rendered":"Replay # Tank Custom For Her Tester Edt 100ml"},"content":{"rendered":"<p>P\u00e4\u00e4tt\u00e4v\u00e4isille ja itsevarmoille tyt\u00f6ille omistettu #TANK CUSTOM FOR HER antaa energiaa joka p\u00e4iv\u00e4. Tuoksu on piilotettu kohtaaminen viettelev\u00e4n hunajan ja tyylikk\u00e4\u00e4n kukkakimpun v\u00e4lill\u00e4. Naisellisuuden r\u00e4j\u00e4hdys, joka huumaa aistit. Pohja on magneettinen syleily aistillista patsulia, l\u00e4mmint\u00e4 vaniljaa ja eksklusiivista Orcanoxia.<br id=\"isPasted\"><br \/>Yl\u00e4tuoksu: hunaja, sorbetti, omena, petitgrain<br \/>Syd\u00e4ntuoksu: Appelsiininkukka, jasmiini, lilja laakso<br \/>Pohjatuoksu: vanilja, ambroksaani, patsuli<\/p>\n<p><em>Testerit ovat 100 % aitoja tuotteita. Tuoreet ja t\u00e4ysin t\u00e4ydelliset, kuten alkuper\u00e4isetkin, mutta ne on tarkoitettu tavaratalon tiskille. Pakkauksen s\u00e4\u00e4st\u00f6 tarkoittaa sit\u00e4, ett\u00e4 s\u00e4\u00e4st\u00e4t viel\u00e4 enemm\u00e4n, joten jos et tarvitse hienoja pakkauksia, t\u00e4m\u00e4 on yht\u00e4 hyv\u00e4 vaihtoehto. Vaikka halvempaa.<\/em><\/p>\n","protected":false},"excerpt":{"rendered":"<p>P\u00e4\u00e4tt\u00e4v\u00e4isille ja itsevarmoille tyt\u00f6ille omistettu #TANK CUSTOM FOR HER antaa energiaa joka p\u00e4iv\u00e4. Tuoksu on piilotettu kohtaaminen viettelev\u00e4n hunajan ja tyylikk\u00e4\u00e4n kukkakimpun v\u00e4lill\u00e4. Naisellisuuden r\u00e4j\u00e4hdys, joka huumaa aistit. Pohja on magneettinen syleily aistillista patsulia, l\u00e4mmint\u00e4 vaniljaa ja eksklusiivista Orcanoxia.Yl\u00e4tuoksu: hunaja, sorbetti, omena, petitgrainSyd\u00e4ntuoksu: Appelsiininkukka, jasmiini, lilja laaksoPohjatuoksu: vanilja, ambroksaani, patsuli Testerit ovat 100 % aitoja [&hellip;]<\/p>\n","protected":false},"featured_media":109829,"comment_status":"open","ping_status":"closed","template":"","meta":{"_trash_the_other_posts":false},"product_brand":[],"product_cat":[999,707,735],"product_tag":[],"berocket_brand":[1120],"class_list":{"0":"post-109833","1":"product","2":"type-product","3":"status-publish","4":"has-post-thumbnail","6":"product_cat-kampanjatarjous-naiselle","7":"product_cat-naisten-eau-de-toilette","8":"product_cat-kampanjamme","9":"pa_brand-replay","10":"berocket_brand-replay","12":"first","13":"instock","14":"sale","15":"taxable","16":"shipping-taxable","17":"purchasable","18":"product-type-simple"},"_links":{"self":[{"href":"https:\/\/stylingagenten.com\/fi\/wp-json\/wp\/v2\/product\/109833","targetHints":{"allow":["GET"]}}],"collection":[{"href":"https:\/\/stylingagenten.com\/fi\/wp-json\/wp\/v2\/product"}],"about":[{"href":"https:\/\/stylingagenten.com\/fi\/wp-json\/wp\/v2\/types\/product"}],"replies":[{"embeddable":true,"href":"https:\/\/stylingagenten.com\/fi\/wp-json\/wp\/v2\/comments?post=109833"}],"version-history":[{"count":0,"href":"https:\/\/stylingagenten.com\/fi\/wp-json\/wp\/v2\/product\/109833\/revisions"}],"wp:featuredmedia":[{"embeddable":true,"href":"https:\/\/stylingagenten.com\/fi\/wp-json\/wp\/v2\/media\/109829"}],"wp:attachment":[{"href":"https:\/\/stylingagenten.com\/fi\/wp-json\/wp\/v2\/media?parent=109833"}],"wp:term":[{"taxonomy":"product_brand","embeddable":true,"href":"https:\/\/stylingagenten.com\/fi\/wp-json\/wp\/v2\/product_brand?post=109833"},{"taxonomy":"product_cat","embeddable":true,"href":"https:\/\/stylingagenten.com\/fi\/wp-json\/wp\/v2\/product_cat?post=109833"},{"taxonomy":"product_tag","embeddable":true,"href":"https:\/\/stylingagenten.com\/fi\/wp-json\/wp\/v2\/product_tag?post=109833"},{"taxonomy":"berocket_brand","embeddable":true,"href":"https:\/\/stylingagenten.com\/fi\/wp-json\/wp\/v2\/berocket_brand?post=109833"}],"curies":[{"name":"wp","href":"https:\/\/api.w.org\/{rel}","templated":true}]}}