{"id":109827,"date":"2025-05-18T20:53:36","date_gmt":"2025-05-18T20:53:36","guid":{"rendered":"https:\/\/staging2.stylingagenten.com\/fi\/produkt\/replay-source-of-life-woman-edp-50ml\/"},"modified":"2026-03-22T13:27:56","modified_gmt":"2026-03-22T13:27:56","slug":"replay-source-of-life-woman-edp-50ml","status":"publish","type":"product","link":"https:\/\/stylingagenten.com\/fi\/tuote\/replay-source-of-life-woman-edp-50ml\/","title":{"rendered":"Replay Source Of Life Woman Edp 50ml"},"content":{"rendered":"<p>Source of Life Woman Eau de Parfum<br \/>Naisellinen tuoksu, joka on saanut inspiraationsa maan jokien majesteettisesta kauneudesta. T\u00e4m\u00e4 puhdas ja raikas tuoksu vangitsee virkist\u00e4v\u00e4n vesist\u00f6n tuoksunsa virkist\u00e4v\u00e4n virtauksen olemuksen joen l\u00e4pi ja tarjoaa nesteen tunteen, joka her\u00e4tt\u00e4\u00e4 aistit ja toimii viilent\u00e4v\u00e4n ilon roiskeena.<\/p>\n<p>Yl\u00e4tuoksu: Bergamotti alkaen Italia, Mandariini Italiasta Orpur \u00ae, Lime Italiasta Orpur \u00ae<br \/>Syd\u00e4ntuoksu: Geranium Egyptist\u00e4 Orpur\u00ae, Jasmiini<br \/>Pohjatuoksu: Patchouli Indonesiasta Orpur \u00ae, Ylang Ylang Extra Comores Orpur \u00ae, luonnollinen vanilliini (neilikkasta) )<\/p>\n","protected":false},"excerpt":{"rendered":"<p>Source of Life Woman Eau de ParfumNaisellinen tuoksu, joka on saanut inspiraationsa maan jokien majesteettisesta kauneudesta. T\u00e4m\u00e4 puhdas ja raikas tuoksu vangitsee virkist\u00e4v\u00e4n vesist\u00f6n tuoksunsa virkist\u00e4v\u00e4n virtauksen olemuksen joen l\u00e4pi ja tarjoaa nesteen tunteen, joka her\u00e4tt\u00e4\u00e4 aistit ja toimii viilent\u00e4v\u00e4n ilon roiskeena. Yl\u00e4tuoksu: Bergamotti alkaen Italia, Mandariini Italiasta Orpur \u00ae, Lime Italiasta Orpur \u00aeSyd\u00e4ntuoksu: Geranium [&hellip;]<\/p>\n","protected":false},"featured_media":109823,"comment_status":"open","ping_status":"closed","template":"","meta":{"_trash_the_other_posts":false},"product_brand":[],"product_cat":[999,706,735],"product_tag":[3906],"berocket_brand":[1120],"class_list":{"0":"post-109827","1":"product","2":"type-product","3":"status-publish","4":"has-post-thumbnail","6":"product_cat-kampanjatarjous-naiselle","7":"product_cat-naisten-eau-de-parfum","8":"product_cat-kampanjamme","9":"product_tag-replay-source-of-life-woman-edp","10":"pa_brand-replay","11":"pa_variantti-50ml","12":"berocket_brand-replay","14":"first","15":"instock","16":"sale","17":"taxable","18":"shipping-taxable","19":"purchasable","20":"product-type-simple"},"_links":{"self":[{"href":"https:\/\/stylingagenten.com\/fi\/wp-json\/wp\/v2\/product\/109827","targetHints":{"allow":["GET"]}}],"collection":[{"href":"https:\/\/stylingagenten.com\/fi\/wp-json\/wp\/v2\/product"}],"about":[{"href":"https:\/\/stylingagenten.com\/fi\/wp-json\/wp\/v2\/types\/product"}],"replies":[{"embeddable":true,"href":"https:\/\/stylingagenten.com\/fi\/wp-json\/wp\/v2\/comments?post=109827"}],"version-history":[{"count":0,"href":"https:\/\/stylingagenten.com\/fi\/wp-json\/wp\/v2\/product\/109827\/revisions"}],"wp:featuredmedia":[{"embeddable":true,"href":"https:\/\/stylingagenten.com\/fi\/wp-json\/wp\/v2\/media\/109823"}],"wp:attachment":[{"href":"https:\/\/stylingagenten.com\/fi\/wp-json\/wp\/v2\/media?parent=109827"}],"wp:term":[{"taxonomy":"product_brand","embeddable":true,"href":"https:\/\/stylingagenten.com\/fi\/wp-json\/wp\/v2\/product_brand?post=109827"},{"taxonomy":"product_cat","embeddable":true,"href":"https:\/\/stylingagenten.com\/fi\/wp-json\/wp\/v2\/product_cat?post=109827"},{"taxonomy":"product_tag","embeddable":true,"href":"https:\/\/stylingagenten.com\/fi\/wp-json\/wp\/v2\/product_tag?post=109827"},{"taxonomy":"berocket_brand","embeddable":true,"href":"https:\/\/stylingagenten.com\/fi\/wp-json\/wp\/v2\/berocket_brand?post=109827"}],"curies":[{"name":"wp","href":"https:\/\/api.w.org\/{rel}","templated":true}]}}