{"id":109814,"date":"2025-05-18T20:53:34","date_gmt":"2025-05-18T20:53:34","guid":{"rendered":"https:\/\/staging2.stylingagenten.com\/fi\/produkt\/replay-signature-lovers-for-woman-edt-100ml\/"},"modified":"2026-03-25T15:18:32","modified_gmt":"2026-03-25T15:18:32","slug":"replay-signature-lovers-for-woman-edt-100ml","status":"publish","type":"product","link":"https:\/\/stylingagenten.com\/fi\/tuote\/replay-signature-lovers-for-woman-edt-100ml\/","title":{"rendered":"Replay Signature Lovers For Woman Edt 100ml"},"content":{"rendered":"<p>Replay Signature Lovers Woman on poikkeuksellinen luomus, jossa pakkauksessa olevat tatuoinnit eiv\u00e4t ole n\u00e4ytt\u00e4vi\u00e4, vaan pikemminkin elementti viestim\u00e4\u00e4n rakkaudesta. Tuoksu avautuu elegantilla ruusulla yhdistettyn\u00e4 intohimoiseen gardeniaan, joka on sidottu yhteen kukkakimpulla syd\u00e4ntuoksussa. T\u00e4m\u00e4 naisellinen vetovoima viimeistelee pehme\u00e4sti orkidean ja harvinaisen meripihkan ja vaniljan ylelliset sekoitukset.<\/p>\n<p>Yl\u00e4tuoksu: vadelma, mandariini, <span id=\"isPasted\">vaaleanpunainen pippuri<\/. span> , Bergamotti<br \/>Syd\u00e4ntuoksu: Gardenia, Ruusu, Ylang Ylang, Jasmine Sambac<br \/>Pohjatuoksu: Vanilja Idea, Amberwood, Santelipuu, Patchouli<\/p>\n","protected":false},"excerpt":{"rendered":"<p>Replay Signature Lovers Woman on poikkeuksellinen luomus, jossa pakkauksessa olevat tatuoinnit eiv\u00e4t ole n\u00e4ytt\u00e4vi\u00e4, vaan pikemminkin elementti viestim\u00e4\u00e4n rakkaudesta. Tuoksu avautuu elegantilla ruusulla yhdistettyn\u00e4 intohimoiseen gardeniaan, joka on sidottu yhteen kukkakimpulla syd\u00e4ntuoksussa. T\u00e4m\u00e4 naisellinen vetovoima viimeistelee pehme\u00e4sti orkidean ja harvinaisen meripihkan ja vaniljan ylelliset sekoitukset. Yl\u00e4tuoksu: vadelma, mandariini, vaaleanpunainen pippuri , BergamottiSyd\u00e4ntuoksu: Gardenia, Ruusu, Ylang [&hellip;]<\/p>\n","protected":false},"featured_media":109805,"comment_status":"open","ping_status":"closed","template":"","meta":{"_trash_the_other_posts":false},"product_brand":[],"product_cat":[999,707,735],"product_tag":[3902],"berocket_brand":[1120],"class_list":{"0":"post-109814","1":"product","2":"type-product","3":"status-publish","4":"has-post-thumbnail","6":"product_cat-kampanjatarjous-naiselle","7":"product_cat-naisten-eau-de-toilette","8":"product_cat-kampanjamme","9":"product_tag-replay-signature-lovers-for-woman-edt","10":"pa_brand-replay","11":"pa_variantti-100ml","12":"berocket_brand-replay","14":"first","15":"instock","16":"sale","17":"taxable","18":"shipping-taxable","19":"purchasable","20":"product-type-simple"},"_links":{"self":[{"href":"https:\/\/stylingagenten.com\/fi\/wp-json\/wp\/v2\/product\/109814","targetHints":{"allow":["GET"]}}],"collection":[{"href":"https:\/\/stylingagenten.com\/fi\/wp-json\/wp\/v2\/product"}],"about":[{"href":"https:\/\/stylingagenten.com\/fi\/wp-json\/wp\/v2\/types\/product"}],"replies":[{"embeddable":true,"href":"https:\/\/stylingagenten.com\/fi\/wp-json\/wp\/v2\/comments?post=109814"}],"version-history":[{"count":0,"href":"https:\/\/stylingagenten.com\/fi\/wp-json\/wp\/v2\/product\/109814\/revisions"}],"wp:featuredmedia":[{"embeddable":true,"href":"https:\/\/stylingagenten.com\/fi\/wp-json\/wp\/v2\/media\/109805"}],"wp:attachment":[{"href":"https:\/\/stylingagenten.com\/fi\/wp-json\/wp\/v2\/media?parent=109814"}],"wp:term":[{"taxonomy":"product_brand","embeddable":true,"href":"https:\/\/stylingagenten.com\/fi\/wp-json\/wp\/v2\/product_brand?post=109814"},{"taxonomy":"product_cat","embeddable":true,"href":"https:\/\/stylingagenten.com\/fi\/wp-json\/wp\/v2\/product_cat?post=109814"},{"taxonomy":"product_tag","embeddable":true,"href":"https:\/\/stylingagenten.com\/fi\/wp-json\/wp\/v2\/product_tag?post=109814"},{"taxonomy":"berocket_brand","embeddable":true,"href":"https:\/\/stylingagenten.com\/fi\/wp-json\/wp\/v2\/berocket_brand?post=109814"}],"curies":[{"name":"wp","href":"https:\/\/api.w.org\/{rel}","templated":true}]}}