{"id":109802,"date":"2025-05-18T20:53:32","date_gmt":"2025-05-18T20:53:32","guid":{"rendered":"https:\/\/staging2.stylingagenten.com\/fi\/produkt\/anna-sui-sky-edt-50ml\/"},"modified":"2026-03-11T21:53:31","modified_gmt":"2026-03-11T21:53:31","slug":"anna-sui-sky-edt-50ml","status":"publish","type":"product","link":"https:\/\/stylingagenten.com\/fi\/tuote\/anna-sui-sky-edt-50ml\/","title":{"rendered":"Anna Sui Sky Edt 50ml"},"content":{"rendered":"<p>Anna Sui Sky Edt 50ml<br \/>Sky by Anna Sui on kukkainen, hedelm\u00e4inen tuoksu naisille.<\/p>\n<p>Tuoksu sis\u00e4lt\u00e4\u00e4 p\u00e4\u00e4ryn\u00e4n, bergamotin, vaaleanpunaisen pippurin, lootuksen, kielo, ruusun, popcornin, vanilja ja myski.<\/p>\n","protected":false},"excerpt":{"rendered":"<p>Anna Sui Sky Edt 50mlSky by Anna Sui on kukkainen, hedelm\u00e4inen tuoksu naisille. Tuoksu sis\u00e4lt\u00e4\u00e4 p\u00e4\u00e4ryn\u00e4n, bergamotin, vaaleanpunaisen pippurin, lootuksen, kielo, ruusun, popcornin, vanilja ja myski.<\/p>\n","protected":false},"featured_media":109800,"comment_status":"open","ping_status":"closed","template":"","meta":{"_trash_the_other_posts":false},"product_brand":[],"product_cat":[999,534,735],"product_tag":[2373],"berocket_brand":[1247],"class_list":{"0":"post-109802","1":"product","2":"type-product","3":"status-publish","4":"has-post-thumbnail","6":"product_cat-kampanjatarjous-naiselle","7":"product_cat-naisten-hajuvesi","8":"product_cat-kampanjamme","9":"product_tag-anna-sui-sky-edt","10":"pa_brand-anna-sui","11":"pa_variantti-50ml","12":"berocket_brand-anna-sui","14":"first","15":"instock","16":"sale","17":"taxable","18":"shipping-taxable","19":"purchasable","20":"product-type-simple"},"_links":{"self":[{"href":"https:\/\/stylingagenten.com\/fi\/wp-json\/wp\/v2\/product\/109802","targetHints":{"allow":["GET"]}}],"collection":[{"href":"https:\/\/stylingagenten.com\/fi\/wp-json\/wp\/v2\/product"}],"about":[{"href":"https:\/\/stylingagenten.com\/fi\/wp-json\/wp\/v2\/types\/product"}],"replies":[{"embeddable":true,"href":"https:\/\/stylingagenten.com\/fi\/wp-json\/wp\/v2\/comments?post=109802"}],"version-history":[{"count":0,"href":"https:\/\/stylingagenten.com\/fi\/wp-json\/wp\/v2\/product\/109802\/revisions"}],"wp:featuredmedia":[{"embeddable":true,"href":"https:\/\/stylingagenten.com\/fi\/wp-json\/wp\/v2\/media\/109800"}],"wp:attachment":[{"href":"https:\/\/stylingagenten.com\/fi\/wp-json\/wp\/v2\/media?parent=109802"}],"wp:term":[{"taxonomy":"product_brand","embeddable":true,"href":"https:\/\/stylingagenten.com\/fi\/wp-json\/wp\/v2\/product_brand?post=109802"},{"taxonomy":"product_cat","embeddable":true,"href":"https:\/\/stylingagenten.com\/fi\/wp-json\/wp\/v2\/product_cat?post=109802"},{"taxonomy":"product_tag","embeddable":true,"href":"https:\/\/stylingagenten.com\/fi\/wp-json\/wp\/v2\/product_tag?post=109802"},{"taxonomy":"berocket_brand","embeddable":true,"href":"https:\/\/stylingagenten.com\/fi\/wp-json\/wp\/v2\/berocket_brand?post=109802"}],"curies":[{"name":"wp","href":"https:\/\/api.w.org\/{rel}","templated":true}]}}