{"id":109799,"date":"2025-05-18T20:53:31","date_gmt":"2025-05-18T20:53:31","guid":{"rendered":"https:\/\/staging2.stylingagenten.com\/fi\/produkt\/anna-sui-sky-edt-75ml\/"},"modified":"2025-12-18T21:28:26","modified_gmt":"2025-12-18T21:28:26","slug":"anna-sui-sky-edt-75ml","status":"publish","type":"product","link":"https:\/\/stylingagenten.com\/fi\/tuote\/anna-sui-sky-edt-75ml\/","title":{"rendered":"Anna Sui Sky Edt 75ml"},"content":{"rendered":"<p>Anna Sui Sky Edt 75ml<br \/>Sky by Anna Sui on kukkainen, hedelm\u00e4inen tuoksu naisille.<\/p>\n<p>Tuoksu sis\u00e4lt\u00e4\u00e4 p\u00e4\u00e4ryn\u00e4n, bergamotin, vaaleanpunaisen pippurin, lootuksen, kielo, ruusun, popcornin, vanilja ja myski.<\/p>\n","protected":false},"excerpt":{"rendered":"<p>Anna Sui Sky Edt 75mlSky by Anna Sui on kukkainen, hedelm\u00e4inen tuoksu naisille. Tuoksu sis\u00e4lt\u00e4\u00e4 p\u00e4\u00e4ryn\u00e4n, bergamotin, vaaleanpunaisen pippurin, lootuksen, kielo, ruusun, popcornin, vanilja ja myski.<\/p>\n","protected":false},"featured_media":109790,"comment_status":"open","ping_status":"closed","template":"","meta":{"_trash_the_other_posts":false},"product_brand":[],"product_cat":[707,534],"product_tag":[2373],"berocket_brand":[1247],"class_list":{"0":"post-109799","1":"product","2":"type-product","3":"status-publish","4":"has-post-thumbnail","6":"product_cat-naisten-eau-de-toilette","7":"product_cat-naisten-hajuvesi","8":"product_tag-anna-sui-sky-edt","9":"pa_brand-anna-sui","10":"pa_variantti-75ml","11":"berocket_brand-anna-sui","13":"first","14":"outofstock","15":"sale","16":"taxable","17":"shipping-taxable","18":"purchasable","19":"product-type-simple"},"_links":{"self":[{"href":"https:\/\/stylingagenten.com\/fi\/wp-json\/wp\/v2\/product\/109799","targetHints":{"allow":["GET"]}}],"collection":[{"href":"https:\/\/stylingagenten.com\/fi\/wp-json\/wp\/v2\/product"}],"about":[{"href":"https:\/\/stylingagenten.com\/fi\/wp-json\/wp\/v2\/types\/product"}],"replies":[{"embeddable":true,"href":"https:\/\/stylingagenten.com\/fi\/wp-json\/wp\/v2\/comments?post=109799"}],"version-history":[{"count":0,"href":"https:\/\/stylingagenten.com\/fi\/wp-json\/wp\/v2\/product\/109799\/revisions"}],"wp:featuredmedia":[{"embeddable":true,"href":"https:\/\/stylingagenten.com\/fi\/wp-json\/wp\/v2\/media\/109790"}],"wp:attachment":[{"href":"https:\/\/stylingagenten.com\/fi\/wp-json\/wp\/v2\/media?parent=109799"}],"wp:term":[{"taxonomy":"product_brand","embeddable":true,"href":"https:\/\/stylingagenten.com\/fi\/wp-json\/wp\/v2\/product_brand?post=109799"},{"taxonomy":"product_cat","embeddable":true,"href":"https:\/\/stylingagenten.com\/fi\/wp-json\/wp\/v2\/product_cat?post=109799"},{"taxonomy":"product_tag","embeddable":true,"href":"https:\/\/stylingagenten.com\/fi\/wp-json\/wp\/v2\/product_tag?post=109799"},{"taxonomy":"berocket_brand","embeddable":true,"href":"https:\/\/stylingagenten.com\/fi\/wp-json\/wp\/v2\/berocket_brand?post=109799"}],"curies":[{"name":"wp","href":"https:\/\/api.w.org\/{rel}","templated":true}]}}