{"id":109798,"date":"2025-05-18T20:53:31","date_gmt":"2025-05-18T20:53:31","guid":{"rendered":"https:\/\/staging2.stylingagenten.com\/fi\/produkt\/jennifer-lopez-enduring-glow-edp-100ml\/"},"modified":"2026-03-11T21:59:54","modified_gmt":"2026-03-11T21:59:54","slug":"jennifer-lopez-enduring-glow-edp-100ml","status":"publish","type":"product","link":"https:\/\/stylingagenten.com\/fi\/tuote\/jennifer-lopez-enduring-glow-edp-100ml\/","title":{"rendered":"Jennifer Lopez Enduring Glow Edp 100ml"},"content":{"rendered":"<p>Jennifer Lopez Enduring Glow Edp 100 ml<br \/>Enduring Glow on kunnianosoitus naiselle ja h\u00e4nen sis\u00e4iselle voimalleen. Tuoksu on tehty Jennifer Lopezin omien suosikkituoksujen mukaan ja sopii itsetietoiselle naiselle. Tuoksu avautuu italialaisen bergamotin, p\u00e4\u00e4ryn\u00e4n ja litsin vivahteilla.<br \/>Syd\u00e4mess\u00e4 on raikkaita ja kukkaisia \u200b\u200bmagnolian, vaaleanpunaisen pionin ja violetin vivahteita, jotka yhdess\u00e4 pohjassa olevan myskin ja meripihkan kanssa luovat riippuvuutta aiheuttavan tuoksun.<br \/>Top: bergamotti, p\u00e4\u00e4ryn\u00e4, litsi<br \/>syd\u00e4n: magnolia, pioni, violetti<br \/>pohja: myski, ambra, santelipuu<\/p>\n","protected":false},"excerpt":{"rendered":"<p>Jennifer Lopez Enduring Glow Edp 100 mlEnduring Glow on kunnianosoitus naiselle ja h\u00e4nen sis\u00e4iselle voimalleen. Tuoksu on tehty Jennifer Lopezin omien suosikkituoksujen mukaan ja sopii itsetietoiselle naiselle. Tuoksu avautuu italialaisen bergamotin, p\u00e4\u00e4ryn\u00e4n ja litsin vivahteilla.Syd\u00e4mess\u00e4 on raikkaita ja kukkaisia \u200b\u200bmagnolian, vaaleanpunaisen pionin ja violetin vivahteita, jotka yhdess\u00e4 pohjassa olevan myskin ja meripihkan kanssa luovat riippuvuutta [&hellip;]<\/p>\n","protected":false},"featured_media":109793,"comment_status":"open","ping_status":"closed","template":"","meta":{"_trash_the_other_posts":false},"product_brand":[],"product_cat":[1006,999,706,534,735],"product_tag":[],"berocket_brand":[1354],"class_list":{"0":"post-109798","1":"product","2":"type-product","3":"status-publish","4":"has-post-thumbnail","6":"product_cat-kampanjahinta","7":"product_cat-kampanjatarjous-naiselle","8":"product_cat-naisten-eau-de-parfum","9":"product_cat-naisten-hajuvesi","10":"product_cat-kampanjamme","11":"pa_brand-jennifer-lopez","12":"berocket_brand-jennifer-lopez","14":"first","15":"instock","16":"sale","17":"taxable","18":"shipping-taxable","19":"purchasable","20":"product-type-simple"},"_links":{"self":[{"href":"https:\/\/stylingagenten.com\/fi\/wp-json\/wp\/v2\/product\/109798","targetHints":{"allow":["GET"]}}],"collection":[{"href":"https:\/\/stylingagenten.com\/fi\/wp-json\/wp\/v2\/product"}],"about":[{"href":"https:\/\/stylingagenten.com\/fi\/wp-json\/wp\/v2\/types\/product"}],"replies":[{"embeddable":true,"href":"https:\/\/stylingagenten.com\/fi\/wp-json\/wp\/v2\/comments?post=109798"}],"version-history":[{"count":0,"href":"https:\/\/stylingagenten.com\/fi\/wp-json\/wp\/v2\/product\/109798\/revisions"}],"wp:featuredmedia":[{"embeddable":true,"href":"https:\/\/stylingagenten.com\/fi\/wp-json\/wp\/v2\/media\/109793"}],"wp:attachment":[{"href":"https:\/\/stylingagenten.com\/fi\/wp-json\/wp\/v2\/media?parent=109798"}],"wp:term":[{"taxonomy":"product_brand","embeddable":true,"href":"https:\/\/stylingagenten.com\/fi\/wp-json\/wp\/v2\/product_brand?post=109798"},{"taxonomy":"product_cat","embeddable":true,"href":"https:\/\/stylingagenten.com\/fi\/wp-json\/wp\/v2\/product_cat?post=109798"},{"taxonomy":"product_tag","embeddable":true,"href":"https:\/\/stylingagenten.com\/fi\/wp-json\/wp\/v2\/product_tag?post=109798"},{"taxonomy":"berocket_brand","embeddable":true,"href":"https:\/\/stylingagenten.com\/fi\/wp-json\/wp\/v2\/berocket_brand?post=109798"}],"curies":[{"name":"wp","href":"https:\/\/api.w.org\/{rel}","templated":true}]}}