{"id":109792,"date":"2025-05-18T20:53:30","date_gmt":"2025-05-18T20:53:30","guid":{"rendered":"https:\/\/staging2.stylingagenten.com\/fi\/produkt\/gucci-bamboo-edt-50ml\/"},"modified":"2026-03-11T22:04:17","modified_gmt":"2026-03-11T22:04:17","slug":"gucci-bamboo-edt-50ml","status":"publish","type":"product","link":"https:\/\/stylingagenten.com\/fi\/tuote\/gucci-bamboo-edt-50ml\/","title":{"rendered":"Gucci Bamboo Edt 50ml"},"content":{"rendered":"<p>Gucci Bamboo Edt on upea puinen kukkahajuvesi nykyaikaiselle monimuotoiselle naiselle. Se on pehme\u00e4 ja intensiivinen samanaikaisesti s\u00e4teilem\u00e4\u00e4n voimaa ja naisellisuutta. Puiset ja l\u00e4mpim\u00e4t nuotit v\u00e4r\u00e4htelev\u00e4t syd\u00e4men ja pohjan l\u00e4pi. Rikas santelipuu, huumaava tahitilainen vanilja ja harmaan ambran ainutlaatuiset harmoniat tarjoavat t\u00e4ydent\u00e4v\u00e4n kontrastin luontaiselle naisellisuudelle, joka l\u00f6ytyy pehme\u00e4n Casablancan liljan, naisellisen appelsiinikukan ja hienon ylang ylangin eksoottisista kukkavihoista &#8211; Voimakas ja siro. Bambu viihtyy \u00e4\u00e4rimm\u00e4isiss\u00e4 olosuhteissa, se kest\u00e4\u00e4 hurrikaanin voiman ja sill\u00e4 on luonnollista voimaa, se on hoikka ja tyylik\u00e4s ja kohoaa kaiken muun kasvillisuuden yl\u00e4puolelle. Nykyaikaisella Guccin naisella on samat ominaisuudet kuin bambu. H\u00e4n tasapainottaa voimaa ja itseluottamusta synnynn\u00e4isen naisellisuuden ja tasapainon kanssa. Yl\u00e4osa: sitrushedelm\u00e4t &amp; appelsiininkukka Syd\u00e4n: ylang ylang, casablanca lilja, jasmiini &amp; amp; ter\u00e4lehdet Pohja: Tahitian vanilja &amp; amp; santelipuu<\/p>\n","protected":false},"excerpt":{"rendered":"<p>Gucci Bamboo Edt on upea puinen kukkahajuvesi nykyaikaiselle monimuotoiselle naiselle. Se on pehme\u00e4 ja intensiivinen samanaikaisesti s\u00e4teilem\u00e4\u00e4n voimaa ja naisellisuutta. Puiset ja l\u00e4mpim\u00e4t nuotit v\u00e4r\u00e4htelev\u00e4t syd\u00e4men ja pohjan l\u00e4pi. Rikas santelipuu, huumaava tahitilainen vanilja ja harmaan ambran ainutlaatuiset harmoniat tarjoavat t\u00e4ydent\u00e4v\u00e4n kontrastin luontaiselle naisellisuudelle, joka l\u00f6ytyy pehme\u00e4n Casablancan liljan, naisellisen appelsiinikukan ja hienon ylang ylangin [&hellip;]<\/p>\n","protected":false},"featured_media":109786,"comment_status":"open","ping_status":"closed","template":"","meta":{"_trash_the_other_posts":false},"product_brand":[],"product_cat":[999,707,534,735],"product_tag":[2934],"berocket_brand":[1329],"class_list":{"0":"post-109792","1":"product","2":"type-product","3":"status-publish","4":"has-post-thumbnail","6":"product_cat-kampanjatarjous-naiselle","7":"product_cat-naisten-eau-de-toilette","8":"product_cat-naisten-hajuvesi","9":"product_cat-kampanjamme","10":"product_tag-gucci-bamboo-edt","11":"pa_brand-gucci","12":"pa_variantti-50ml","13":"berocket_brand-gucci","15":"first","16":"instock","17":"sale","18":"taxable","19":"shipping-taxable","20":"purchasable","21":"product-type-simple"},"_links":{"self":[{"href":"https:\/\/stylingagenten.com\/fi\/wp-json\/wp\/v2\/product\/109792","targetHints":{"allow":["GET"]}}],"collection":[{"href":"https:\/\/stylingagenten.com\/fi\/wp-json\/wp\/v2\/product"}],"about":[{"href":"https:\/\/stylingagenten.com\/fi\/wp-json\/wp\/v2\/types\/product"}],"replies":[{"embeddable":true,"href":"https:\/\/stylingagenten.com\/fi\/wp-json\/wp\/v2\/comments?post=109792"}],"version-history":[{"count":0,"href":"https:\/\/stylingagenten.com\/fi\/wp-json\/wp\/v2\/product\/109792\/revisions"}],"wp:featuredmedia":[{"embeddable":true,"href":"https:\/\/stylingagenten.com\/fi\/wp-json\/wp\/v2\/media\/109786"}],"wp:attachment":[{"href":"https:\/\/stylingagenten.com\/fi\/wp-json\/wp\/v2\/media?parent=109792"}],"wp:term":[{"taxonomy":"product_brand","embeddable":true,"href":"https:\/\/stylingagenten.com\/fi\/wp-json\/wp\/v2\/product_brand?post=109792"},{"taxonomy":"product_cat","embeddable":true,"href":"https:\/\/stylingagenten.com\/fi\/wp-json\/wp\/v2\/product_cat?post=109792"},{"taxonomy":"product_tag","embeddable":true,"href":"https:\/\/stylingagenten.com\/fi\/wp-json\/wp\/v2\/product_tag?post=109792"},{"taxonomy":"berocket_brand","embeddable":true,"href":"https:\/\/stylingagenten.com\/fi\/wp-json\/wp\/v2\/berocket_brand?post=109792"}],"curies":[{"name":"wp","href":"https:\/\/api.w.org\/{rel}","templated":true}]}}