{"id":109780,"date":"2025-05-18T20:53:28","date_gmt":"2025-05-18T20:53:28","guid":{"rendered":"https:\/\/staging2.stylingagenten.com\/fi\/produkt\/britney-spears-fantasy-blissful-edt-30ml\/"},"modified":"2026-04-07T17:48:38","modified_gmt":"2026-04-07T17:48:38","slug":"britney-spears-fantasy-blissful-edt-30ml","status":"publish","type":"product","link":"https:\/\/stylingagenten.com\/fi\/tuote\/britney-spears-fantasy-blissful-edt-30ml\/","title":{"rendered":"Britney Spears Fantasy Blissful Edt 30ml"},"content":{"rendered":"<p>Britney Spears Fantasy Blissful Edt 30 ml<br \/>L\u00f6yd\u00e4 toinen maaginen tuoksu Britney Spears Fantasy -tuoksusarjasta, ihanan kuohuva ja kohottava wc-vesi, joka on saanut vaikutteita Britneyn ikuisesti aurinkoisesta tunnelmasta ja h\u00e4nen rakkaudestaan \u200b\u200btrooppisiin lomiin.<br \/>&#8211;<br \/> Blissful Fantasy on hajupako \u2013 yksisuuntainen lippu paratiisiin, joka ei ole ainutlaatuinen paikka vaan mielentila. Miss\u00e4 voit tuntea t\u00e4ydellisen onnellisuuden ja rauhan &#8211; miss\u00e4 oletkin. Naisten hajuvesi kaikkiin tilanteisiin.<br \/>&#8211;<br \/>Tuoksu on kevyt, puumainen ja valkoinen kukkaistuoksu, jossa yhdistyv\u00e4t liljan, mesikastemelonin ja valkoisen freesiakukan yl\u00e4tuoksut jasmiinin, tuberoosin ja tiare-kukan syd\u00e4mess\u00e4. Pohja sis\u00e4lt\u00e4\u00e4 viettelev\u00e4\u00e4 myski\u00e4, \u200b\u200bsantelipuuta ja orrisia.<br \/>&#8211;<br \/>Tuoksuperhe: Woody-Floral<br \/>Alkutuoksu: Lilja, Mesikastemeloni, Freesia<br \/>Syd\u00e4ntuoksu: Jasmiini, Tuberose, Tiare-kukka<br \/> Pohjatuoksu: myski, santelipuu, orris<\/p>\n","protected":false},"excerpt":{"rendered":"<p>Britney Spears Fantasy Blissful Edt 30 mlL\u00f6yd\u00e4 toinen maaginen tuoksu Britney Spears Fantasy -tuoksusarjasta, ihanan kuohuva ja kohottava wc-vesi, joka on saanut vaikutteita Britneyn ikuisesti aurinkoisesta tunnelmasta ja h\u00e4nen rakkaudestaan \u200b\u200btrooppisiin lomiin.&#8211; Blissful Fantasy on hajupako \u2013 yksisuuntainen lippu paratiisiin, joka ei ole ainutlaatuinen paikka vaan mielentila. Miss\u00e4 voit tuntea t\u00e4ydellisen onnellisuuden ja rauhan &#8211; [&hellip;]<\/p>\n","protected":false},"featured_media":109776,"comment_status":"open","ping_status":"closed","template":"","meta":{"_trash_the_other_posts":false},"product_brand":[],"product_cat":[999,707,534,735],"product_tag":[],"berocket_brand":[1031],"class_list":{"0":"post-109780","1":"product","2":"type-product","3":"status-publish","4":"has-post-thumbnail","6":"product_cat-kampanjatarjous-naiselle","7":"product_cat-naisten-eau-de-toilette","8":"product_cat-naisten-hajuvesi","9":"product_cat-kampanjamme","10":"pa_brand-britney-spears","11":"berocket_brand-britney-spears","13":"first","14":"outofstock","15":"sale","16":"taxable","17":"shipping-taxable","18":"purchasable","19":"product-type-simple"},"_links":{"self":[{"href":"https:\/\/stylingagenten.com\/fi\/wp-json\/wp\/v2\/product\/109780","targetHints":{"allow":["GET"]}}],"collection":[{"href":"https:\/\/stylingagenten.com\/fi\/wp-json\/wp\/v2\/product"}],"about":[{"href":"https:\/\/stylingagenten.com\/fi\/wp-json\/wp\/v2\/types\/product"}],"replies":[{"embeddable":true,"href":"https:\/\/stylingagenten.com\/fi\/wp-json\/wp\/v2\/comments?post=109780"}],"version-history":[{"count":0,"href":"https:\/\/stylingagenten.com\/fi\/wp-json\/wp\/v2\/product\/109780\/revisions"}],"wp:featuredmedia":[{"embeddable":true,"href":"https:\/\/stylingagenten.com\/fi\/wp-json\/wp\/v2\/media\/109776"}],"wp:attachment":[{"href":"https:\/\/stylingagenten.com\/fi\/wp-json\/wp\/v2\/media?parent=109780"}],"wp:term":[{"taxonomy":"product_brand","embeddable":true,"href":"https:\/\/stylingagenten.com\/fi\/wp-json\/wp\/v2\/product_brand?post=109780"},{"taxonomy":"product_cat","embeddable":true,"href":"https:\/\/stylingagenten.com\/fi\/wp-json\/wp\/v2\/product_cat?post=109780"},{"taxonomy":"product_tag","embeddable":true,"href":"https:\/\/stylingagenten.com\/fi\/wp-json\/wp\/v2\/product_tag?post=109780"},{"taxonomy":"berocket_brand","embeddable":true,"href":"https:\/\/stylingagenten.com\/fi\/wp-json\/wp\/v2\/berocket_brand?post=109780"}],"curies":[{"name":"wp","href":"https:\/\/api.w.org\/{rel}","templated":true}]}}