{"id":109775,"date":"2025-05-18T20:53:26","date_gmt":"2025-05-18T20:53:26","guid":{"rendered":"https:\/\/staging2.stylingagenten.com\/fi\/produkt\/jennifer-lopez-one-edp-50ml\/"},"modified":"2026-03-11T21:58:01","modified_gmt":"2026-03-11T21:58:01","slug":"jennifer-lopez-one-edp-50ml","status":"publish","type":"product","link":"https:\/\/stylingagenten.com\/fi\/tuote\/jennifer-lopez-one-edp-50ml\/","title":{"rendered":"Jennifer Lopez One Edp 50ml"},"content":{"rendered":"<p>Jennifer Lopez One Edp 50ml<br \/>One Eau de Parfum on tuoksu, joka antaa harmonian, rauhan ja energian tunteen. Hajuvesi ilman rajoja \u2013 laaja, haavoittuva ja voimakas. Nyky\u00e4\u00e4n maailmamme tarvitsee &#8221;Yksi-olemista&#8221;, oivallusta, ett\u00e4 olemme yksi maailma ja yksi kansa, ett\u00e4 el\u00e4mme yhteisen toivon ja suuremman merkityksen vuoksi. Maali. Unelma. Hitsattu yhteen eik\u00e4 erotettu. Olemme yht\u00e4. <br \/>Vegaaninen hajuvesi avautuu vaaleanpunaisen pippurin, freesian ja persikankukan vivahteilla. Syd\u00e4mess\u00e4 on kirkaspuuta, setripuuta ja jasmiinia, jotka yhdistyv\u00e4t mokkanahkaan, santelipuun ja tammen sammaleen l\u00e4mpimiin pohjatuoksuihin.<br \/>Tuoksutuoksu:<br \/>\u2022Alkutuoksu: Vaaleanpunainen pippuri, freesia, persikankukka.<br \/>\u2022Syd\u00e4ntuoksu: kirkaspuu, setripuu, jasmiini.<br \/>\u2022Pohjatuoksu: mokka, santelipuu, tammimo.<\/p>\n","protected":false},"excerpt":{"rendered":"<p>Jennifer Lopez One Edp 50mlOne Eau de Parfum on tuoksu, joka antaa harmonian, rauhan ja energian tunteen. Hajuvesi ilman rajoja \u2013 laaja, haavoittuva ja voimakas. Nyky\u00e4\u00e4n maailmamme tarvitsee &#8221;Yksi-olemista&#8221;, oivallusta, ett\u00e4 olemme yksi maailma ja yksi kansa, ett\u00e4 el\u00e4mme yhteisen toivon ja suuremman merkityksen vuoksi. Maali. Unelma. Hitsattu yhteen eik\u00e4 erotettu. Olemme yht\u00e4. Vegaaninen hajuvesi [&hellip;]<\/p>\n","protected":false},"featured_media":109772,"comment_status":"open","ping_status":"closed","template":"","meta":{"_trash_the_other_posts":false},"product_brand":[],"product_cat":[1006,999,706,534,735],"product_tag":[3044],"berocket_brand":[1354],"class_list":{"0":"post-109775","1":"product","2":"type-product","3":"status-publish","4":"has-post-thumbnail","6":"product_cat-kampanjahinta","7":"product_cat-kampanjatarjous-naiselle","8":"product_cat-naisten-eau-de-parfum","9":"product_cat-naisten-hajuvesi","10":"product_cat-kampanjamme","11":"product_tag-jennifer-lopez-one-edp","12":"pa_brand-jennifer-lopez","13":"pa_variantti-50ml","14":"berocket_brand-jennifer-lopez","16":"first","17":"instock","18":"sale","19":"taxable","20":"shipping-taxable","21":"purchasable","22":"product-type-simple"},"_links":{"self":[{"href":"https:\/\/stylingagenten.com\/fi\/wp-json\/wp\/v2\/product\/109775","targetHints":{"allow":["GET"]}}],"collection":[{"href":"https:\/\/stylingagenten.com\/fi\/wp-json\/wp\/v2\/product"}],"about":[{"href":"https:\/\/stylingagenten.com\/fi\/wp-json\/wp\/v2\/types\/product"}],"replies":[{"embeddable":true,"href":"https:\/\/stylingagenten.com\/fi\/wp-json\/wp\/v2\/comments?post=109775"}],"version-history":[{"count":0,"href":"https:\/\/stylingagenten.com\/fi\/wp-json\/wp\/v2\/product\/109775\/revisions"}],"wp:featuredmedia":[{"embeddable":true,"href":"https:\/\/stylingagenten.com\/fi\/wp-json\/wp\/v2\/media\/109772"}],"wp:attachment":[{"href":"https:\/\/stylingagenten.com\/fi\/wp-json\/wp\/v2\/media?parent=109775"}],"wp:term":[{"taxonomy":"product_brand","embeddable":true,"href":"https:\/\/stylingagenten.com\/fi\/wp-json\/wp\/v2\/product_brand?post=109775"},{"taxonomy":"product_cat","embeddable":true,"href":"https:\/\/stylingagenten.com\/fi\/wp-json\/wp\/v2\/product_cat?post=109775"},{"taxonomy":"product_tag","embeddable":true,"href":"https:\/\/stylingagenten.com\/fi\/wp-json\/wp\/v2\/product_tag?post=109775"},{"taxonomy":"berocket_brand","embeddable":true,"href":"https:\/\/stylingagenten.com\/fi\/wp-json\/wp\/v2\/berocket_brand?post=109775"}],"curies":[{"name":"wp","href":"https:\/\/api.w.org\/{rel}","templated":true}]}}