{"id":109770,"date":"2025-05-18T20:53:25","date_gmt":"2025-05-18T20:53:25","guid":{"rendered":"https:\/\/staging2.stylingagenten.com\/fi\/produkt\/moschino-femme-edt-25ml\/"},"modified":"2026-03-11T21:54:36","modified_gmt":"2026-03-11T21:54:36","slug":"moschino-femme-edt-25ml","status":"publish","type":"product","link":"https:\/\/stylingagenten.com\/fi\/tuote\/moschino-femme-edt-25ml\/","title":{"rendered":"Moschino Femme Edt 25ml"},"content":{"rendered":"<p>Moschino Femme Edt 25 ml<br \/>Moschino Femme on naisille tarkoitettu Eau de Toilette, josta tulee nopeasti uusi intohimosi, josta on mahdotonta luopua. Se lumoaa sinut heti ensimm\u00e4isest\u00e4 hetkest\u00e4 l\u00e4htien ja vakuuttaa, ett\u00e4 se ansaitsee ehdottomasti paikkansa peilip\u00f6yd\u00e4ll\u00e4si.<br \/>\u2022Yl\u00e4tuoksu: galbanum, englantilainen keh\u00e4kukka, freesia, kuusama ja luumu<br \/>\u2022Syd\u00e4ntuoksu: muskottip\u00e4hkin\u00e4, Neilikka, gardenia, pippuri, ylang-ylang ja ruusu<br \/>\u2022Pohjatuoksu: meripihka, myski, vanilja, santelipuu ja patsuli<\/p>\n","protected":false},"excerpt":{"rendered":"<p>Moschino Femme Edt 25 mlMoschino Femme on naisille tarkoitettu Eau de Toilette, josta tulee nopeasti uusi intohimosi, josta on mahdotonta luopua. Se lumoaa sinut heti ensimm\u00e4isest\u00e4 hetkest\u00e4 l\u00e4htien ja vakuuttaa, ett\u00e4 se ansaitsee ehdottomasti paikkansa peilip\u00f6yd\u00e4ll\u00e4si.\u2022Yl\u00e4tuoksu: galbanum, englantilainen keh\u00e4kukka, freesia, kuusama ja luumu\u2022Syd\u00e4ntuoksu: muskottip\u00e4hkin\u00e4, Neilikka, gardenia, pippuri, ylang-ylang ja ruusu\u2022Pohjatuoksu: meripihka, myski, vanilja, santelipuu ja [&hellip;]<\/p>\n","protected":false},"featured_media":109758,"comment_status":"open","ping_status":"closed","template":"","meta":{"_trash_the_other_posts":false},"product_brand":[],"product_cat":[1006,999,707,534,735],"product_tag":[3619],"berocket_brand":[1084],"class_list":{"0":"post-109770","1":"product","2":"type-product","3":"status-publish","4":"has-post-thumbnail","6":"product_cat-kampanjahinta","7":"product_cat-kampanjatarjous-naiselle","8":"product_cat-naisten-eau-de-toilette","9":"product_cat-naisten-hajuvesi","10":"product_cat-kampanjamme","11":"product_tag-moschino-femme-edt","12":"pa_brand-moschino","13":"pa_variantti-25ml","14":"berocket_brand-moschino","16":"first","17":"instock","18":"sale","19":"taxable","20":"shipping-taxable","21":"purchasable","22":"product-type-simple"},"_links":{"self":[{"href":"https:\/\/stylingagenten.com\/fi\/wp-json\/wp\/v2\/product\/109770","targetHints":{"allow":["GET"]}}],"collection":[{"href":"https:\/\/stylingagenten.com\/fi\/wp-json\/wp\/v2\/product"}],"about":[{"href":"https:\/\/stylingagenten.com\/fi\/wp-json\/wp\/v2\/types\/product"}],"replies":[{"embeddable":true,"href":"https:\/\/stylingagenten.com\/fi\/wp-json\/wp\/v2\/comments?post=109770"}],"version-history":[{"count":0,"href":"https:\/\/stylingagenten.com\/fi\/wp-json\/wp\/v2\/product\/109770\/revisions"}],"wp:featuredmedia":[{"embeddable":true,"href":"https:\/\/stylingagenten.com\/fi\/wp-json\/wp\/v2\/media\/109758"}],"wp:attachment":[{"href":"https:\/\/stylingagenten.com\/fi\/wp-json\/wp\/v2\/media?parent=109770"}],"wp:term":[{"taxonomy":"product_brand","embeddable":true,"href":"https:\/\/stylingagenten.com\/fi\/wp-json\/wp\/v2\/product_brand?post=109770"},{"taxonomy":"product_cat","embeddable":true,"href":"https:\/\/stylingagenten.com\/fi\/wp-json\/wp\/v2\/product_cat?post=109770"},{"taxonomy":"product_tag","embeddable":true,"href":"https:\/\/stylingagenten.com\/fi\/wp-json\/wp\/v2\/product_tag?post=109770"},{"taxonomy":"berocket_brand","embeddable":true,"href":"https:\/\/stylingagenten.com\/fi\/wp-json\/wp\/v2\/berocket_brand?post=109770"}],"curies":[{"name":"wp","href":"https:\/\/api.w.org\/{rel}","templated":true}]}}