{"id":109765,"date":"2025-05-18T20:53:24","date_gmt":"2025-05-18T20:53:24","guid":{"rendered":"https:\/\/staging2.stylingagenten.com\/fi\/produkt\/abercrombie-fitch-first-instinct-blue-for-her-edp-100ml\/"},"modified":"2026-03-28T19:18:32","modified_gmt":"2026-03-28T19:18:32","slug":"abercrombie-fitch-first-instinct-blue-for-her-edp-100ml","status":"publish","type":"product","link":"https:\/\/stylingagenten.com\/fi\/tuote\/abercrombie-fitch-first-instinct-blue-for-her-edp-100ml\/","title":{"rendered":"Abercrombie &amp; Fitch First Instinct Blue for Her Edp 100ml"},"content":{"rendered":"<p>Abercrombie &amp; Fitch First Instinct Blue for Her Edp 100 ml<br \/>Tuoksu, joka on saanut inspiraationsa impulsiivisesta energiasta ja &#8221;hetkess\u00e4 el\u00e4misen&#8221; asenteesta. Luonnollisesti terve tuoksukokemus, joka koskettaa kaikkia aisteja. Tuoksun nuotit keskittyv\u00e4t kontrasteihin, suolaisen meri-ilman tuoreisiin harmonioihin yhdistettyn\u00e4 auringon l\u00e4mmitt\u00e4viin makeisiin karhunvatuihin. Mieto aprikoosinektari yhdistettyn\u00e4 vaniljan ja patsuliin makeuteen. Yl\u00e4osa: suolainen meri-ilma, bergamotti, karhunvatukka <br \/>syd\u00e4n: aprikoosinektari, pioni, jasmiini <br \/>pohja: patsuli, vanilja, santelipuu<\/p>\n","protected":false},"excerpt":{"rendered":"<p>Abercrombie &amp; Fitch First Instinct Blue for Her Edp 100 mlTuoksu, joka on saanut inspiraationsa impulsiivisesta energiasta ja &#8221;hetkess\u00e4 el\u00e4misen&#8221; asenteesta. Luonnollisesti terve tuoksukokemus, joka koskettaa kaikkia aisteja. Tuoksun nuotit keskittyv\u00e4t kontrasteihin, suolaisen meri-ilman tuoreisiin harmonioihin yhdistettyn\u00e4 auringon l\u00e4mmitt\u00e4viin makeisiin karhunvatuihin. Mieto aprikoosinektari yhdistettyn\u00e4 vaniljan ja patsuliin makeuteen. Yl\u00e4osa: suolainen meri-ilma, bergamotti, karhunvatukka syd\u00e4n: aprikoosinektari, [&hellip;]<\/p>\n","protected":false},"featured_media":109755,"comment_status":"open","ping_status":"closed","template":"","meta":{"_trash_the_other_posts":false},"product_brand":[],"product_cat":[1006,999,706,534,735],"product_tag":[],"berocket_brand":[1278],"class_list":{"0":"post-109765","1":"product","2":"type-product","3":"status-publish","4":"has-post-thumbnail","6":"product_cat-kampanjahinta","7":"product_cat-kampanjatarjous-naiselle","8":"product_cat-naisten-eau-de-parfum","9":"product_cat-naisten-hajuvesi","10":"product_cat-kampanjamme","11":"pa_brand-abercrombie-fitch","12":"berocket_brand-abercrombie-fitch","14":"first","15":"instock","16":"sale","17":"taxable","18":"shipping-taxable","19":"purchasable","20":"product-type-simple"},"_links":{"self":[{"href":"https:\/\/stylingagenten.com\/fi\/wp-json\/wp\/v2\/product\/109765","targetHints":{"allow":["GET"]}}],"collection":[{"href":"https:\/\/stylingagenten.com\/fi\/wp-json\/wp\/v2\/product"}],"about":[{"href":"https:\/\/stylingagenten.com\/fi\/wp-json\/wp\/v2\/types\/product"}],"replies":[{"embeddable":true,"href":"https:\/\/stylingagenten.com\/fi\/wp-json\/wp\/v2\/comments?post=109765"}],"version-history":[{"count":0,"href":"https:\/\/stylingagenten.com\/fi\/wp-json\/wp\/v2\/product\/109765\/revisions"}],"wp:featuredmedia":[{"embeddable":true,"href":"https:\/\/stylingagenten.com\/fi\/wp-json\/wp\/v2\/media\/109755"}],"wp:attachment":[{"href":"https:\/\/stylingagenten.com\/fi\/wp-json\/wp\/v2\/media?parent=109765"}],"wp:term":[{"taxonomy":"product_brand","embeddable":true,"href":"https:\/\/stylingagenten.com\/fi\/wp-json\/wp\/v2\/product_brand?post=109765"},{"taxonomy":"product_cat","embeddable":true,"href":"https:\/\/stylingagenten.com\/fi\/wp-json\/wp\/v2\/product_cat?post=109765"},{"taxonomy":"product_tag","embeddable":true,"href":"https:\/\/stylingagenten.com\/fi\/wp-json\/wp\/v2\/product_tag?post=109765"},{"taxonomy":"berocket_brand","embeddable":true,"href":"https:\/\/stylingagenten.com\/fi\/wp-json\/wp\/v2\/berocket_brand?post=109765"}],"curies":[{"name":"wp","href":"https:\/\/api.w.org\/{rel}","templated":true}]}}