{"id":109764,"date":"2025-05-18T20:53:24","date_gmt":"2025-05-18T20:53:24","guid":{"rendered":"https:\/\/staging2.stylingagenten.com\/fi\/produkt\/moschino-cheap-chic-i-love-love-edt-30ml\/"},"modified":"2026-03-11T21:55:29","modified_gmt":"2026-03-11T21:55:29","slug":"moschino-cheap-chic-i-love-love-edt-30ml","status":"publish","type":"product","link":"https:\/\/stylingagenten.com\/fi\/tuote\/moschino-cheap-chic-i-love-love-edt-30ml\/","title":{"rendered":"Moschino Cheap &amp; Chic I Love Love Edt 30ml"},"content":{"rendered":"<p>Moschino Halvat &amp; Chic I Love Love Edt 30 ml<br \/>Onko kauniimpaa tunnetta kuin rakkaus? Kuten olla rakastunut el\u00e4m\u00e4\u00e4n? I Love Love on Moschinon lahja rakastuneille naisille. Ihana nautinnon tunne, spontaani ja j\u00e4nnitt\u00e4v\u00e4 kuin rakkaus itse ja yht\u00e4 ajaton kuin puhtaan onnen tunne. I Love Love kutsuu sinut nauttimaan el\u00e4m\u00e4st\u00e4 t\u00e4ysill\u00e4, ripauksella ironiaa ja aina hauskasti. Vastustamattoman yll\u00e4tt\u00e4v\u00e4\u00e4 kuin puhdas rakkauden autuus. Rakastu my\u00f6s Oliviaan, Cheap and Chic -tuoksusarjan ikoniin.<\/p>\n<p>Yl\u00e4tuoksu: greippi, sitruuna, punaherukat<br \/>Syd\u00e4ntuoksu: Teros, santelipuu, kaneli<br \/>Pohjatuoksu: Myski , thanaka, setri<\/p>\n","protected":false},"excerpt":{"rendered":"<p>Moschino Halvat &amp; Chic I Love Love Edt 30 mlOnko kauniimpaa tunnetta kuin rakkaus? Kuten olla rakastunut el\u00e4m\u00e4\u00e4n? I Love Love on Moschinon lahja rakastuneille naisille. Ihana nautinnon tunne, spontaani ja j\u00e4nnitt\u00e4v\u00e4 kuin rakkaus itse ja yht\u00e4 ajaton kuin puhtaan onnen tunne. I Love Love kutsuu sinut nauttimaan el\u00e4m\u00e4st\u00e4 t\u00e4ysill\u00e4, ripauksella ironiaa ja aina hauskasti. [&hellip;]<\/p>\n","protected":false},"featured_media":109754,"comment_status":"open","ping_status":"closed","template":"","meta":{"_trash_the_other_posts":false},"product_brand":[],"product_cat":[1006,999,707,534,735],"product_tag":[],"berocket_brand":[1084],"class_list":{"0":"post-109764","1":"product","2":"type-product","3":"status-publish","4":"has-post-thumbnail","6":"product_cat-kampanjahinta","7":"product_cat-kampanjatarjous-naiselle","8":"product_cat-naisten-eau-de-toilette","9":"product_cat-naisten-hajuvesi","10":"product_cat-kampanjamme","11":"pa_brand-moschino","12":"berocket_brand-moschino","14":"first","15":"instock","16":"sale","17":"taxable","18":"shipping-taxable","19":"purchasable","20":"product-type-simple"},"_links":{"self":[{"href":"https:\/\/stylingagenten.com\/fi\/wp-json\/wp\/v2\/product\/109764","targetHints":{"allow":["GET"]}}],"collection":[{"href":"https:\/\/stylingagenten.com\/fi\/wp-json\/wp\/v2\/product"}],"about":[{"href":"https:\/\/stylingagenten.com\/fi\/wp-json\/wp\/v2\/types\/product"}],"replies":[{"embeddable":true,"href":"https:\/\/stylingagenten.com\/fi\/wp-json\/wp\/v2\/comments?post=109764"}],"version-history":[{"count":0,"href":"https:\/\/stylingagenten.com\/fi\/wp-json\/wp\/v2\/product\/109764\/revisions"}],"wp:featuredmedia":[{"embeddable":true,"href":"https:\/\/stylingagenten.com\/fi\/wp-json\/wp\/v2\/media\/109754"}],"wp:attachment":[{"href":"https:\/\/stylingagenten.com\/fi\/wp-json\/wp\/v2\/media?parent=109764"}],"wp:term":[{"taxonomy":"product_brand","embeddable":true,"href":"https:\/\/stylingagenten.com\/fi\/wp-json\/wp\/v2\/product_brand?post=109764"},{"taxonomy":"product_cat","embeddable":true,"href":"https:\/\/stylingagenten.com\/fi\/wp-json\/wp\/v2\/product_cat?post=109764"},{"taxonomy":"product_tag","embeddable":true,"href":"https:\/\/stylingagenten.com\/fi\/wp-json\/wp\/v2\/product_tag?post=109764"},{"taxonomy":"berocket_brand","embeddable":true,"href":"https:\/\/stylingagenten.com\/fi\/wp-json\/wp\/v2\/berocket_brand?post=109764"}],"curies":[{"name":"wp","href":"https:\/\/api.w.org\/{rel}","templated":true}]}}