{"id":109750,"date":"2025-05-18T20:53:22","date_gmt":"2025-05-18T20:53:22","guid":{"rendered":"https:\/\/staging2.stylingagenten.com\/fi\/produkt\/moschino-cheap-chic-so-real-edt-100ml\/"},"modified":"2026-03-11T21:59:41","modified_gmt":"2026-03-11T21:59:41","slug":"moschino-cheap-chic-so-real-edt-100ml","status":"publish","type":"product","link":"https:\/\/stylingagenten.com\/fi\/tuote\/moschino-cheap-chic-so-real-edt-100ml\/","title":{"rendered":"Moschino Cheap &amp; Chic So Real Edt 100ml"},"content":{"rendered":"<p>Moschino Halvat &amp; Chic So Real Edt 100 ml<br \/>TOSI EDULLISET &amp; CHIC MOSCHINO yll\u00e4tt\u00e4\u00e4 innovatiivisilla ainesosilla. Alussa tunnet kitker\u00e4n appelsiinin kimaltelevia sointuja yhdess\u00e4 herkullisen mandariinin kanssa. Vadelma- ja herukkasorbetin vivahteet py\u00f6rist\u00e4v\u00e4t yl\u00e4tuoksua, jolle on ominaista sitrushedelmien sommottelu. Syd\u00e4ntuoksu on iloinen ja nautinnollinen: Vaaleanpunaisten pionien esittely loputtomasti vaihtelevin muodoineen sek\u00e4 ilmavat, aurinkoiset jasmiininkukat ja elegantti magnolian ripaus. T\u00e4m\u00e4 eloisa, eritt\u00e4in eloisa kukkakimppu huokuu hyvin erityist\u00e4 alkemiaa ja johtaa vastustamattoman vieh\u00e4tt\u00e4v\u00e4\u00e4n finaaliin, jossa on houkuttelevia setripuun, tammen sammal- ja ambroksaanin s\u00e4vyj\u00e4.<\/p>\n<p>Alkutuoksu: Karvaan appelsiinin harmonikka, mandariini, vadelma ja herukka. sorbetti<br \/>Syd\u00e4ntuoksu: pionit, jasmiininkukat, magnolia<br \/>Pohjatuoksu: setripuu, tamm sammal, ambroksaanin kristalleja<\/p>\n","protected":false},"excerpt":{"rendered":"<p>Moschino Halvat &amp; Chic So Real Edt 100 mlTOSI EDULLISET &amp; CHIC MOSCHINO yll\u00e4tt\u00e4\u00e4 innovatiivisilla ainesosilla. Alussa tunnet kitker\u00e4n appelsiinin kimaltelevia sointuja yhdess\u00e4 herkullisen mandariinin kanssa. Vadelma- ja herukkasorbetin vivahteet py\u00f6rist\u00e4v\u00e4t yl\u00e4tuoksua, jolle on ominaista sitrushedelmien sommottelu. Syd\u00e4ntuoksu on iloinen ja nautinnollinen: Vaaleanpunaisten pionien esittely loputtomasti vaihtelevin muodoineen sek\u00e4 ilmavat, aurinkoiset jasmiininkukat ja elegantti magnolian [&hellip;]<\/p>\n","protected":false},"featured_media":109748,"comment_status":"open","ping_status":"closed","template":"","meta":{"_trash_the_other_posts":false},"product_brand":[],"product_cat":[1006,999,707,534,735],"product_tag":[3615],"berocket_brand":[1084],"class_list":{"0":"post-109750","1":"product","2":"type-product","3":"status-publish","4":"has-post-thumbnail","6":"product_cat-kampanjahinta","7":"product_cat-kampanjatarjous-naiselle","8":"product_cat-naisten-eau-de-toilette","9":"product_cat-naisten-hajuvesi","10":"product_cat-kampanjamme","11":"product_tag-moschino-cheap-chic-so-real-edt","12":"pa_brand-moschino","13":"pa_variantti-100ml","14":"berocket_brand-moschino","16":"first","17":"instock","18":"sale","19":"taxable","20":"shipping-taxable","21":"purchasable","22":"product-type-simple"},"_links":{"self":[{"href":"https:\/\/stylingagenten.com\/fi\/wp-json\/wp\/v2\/product\/109750","targetHints":{"allow":["GET"]}}],"collection":[{"href":"https:\/\/stylingagenten.com\/fi\/wp-json\/wp\/v2\/product"}],"about":[{"href":"https:\/\/stylingagenten.com\/fi\/wp-json\/wp\/v2\/types\/product"}],"replies":[{"embeddable":true,"href":"https:\/\/stylingagenten.com\/fi\/wp-json\/wp\/v2\/comments?post=109750"}],"version-history":[{"count":0,"href":"https:\/\/stylingagenten.com\/fi\/wp-json\/wp\/v2\/product\/109750\/revisions"}],"wp:featuredmedia":[{"embeddable":true,"href":"https:\/\/stylingagenten.com\/fi\/wp-json\/wp\/v2\/media\/109748"}],"wp:attachment":[{"href":"https:\/\/stylingagenten.com\/fi\/wp-json\/wp\/v2\/media?parent=109750"}],"wp:term":[{"taxonomy":"product_brand","embeddable":true,"href":"https:\/\/stylingagenten.com\/fi\/wp-json\/wp\/v2\/product_brand?post=109750"},{"taxonomy":"product_cat","embeddable":true,"href":"https:\/\/stylingagenten.com\/fi\/wp-json\/wp\/v2\/product_cat?post=109750"},{"taxonomy":"product_tag","embeddable":true,"href":"https:\/\/stylingagenten.com\/fi\/wp-json\/wp\/v2\/product_tag?post=109750"},{"taxonomy":"berocket_brand","embeddable":true,"href":"https:\/\/stylingagenten.com\/fi\/wp-json\/wp\/v2\/berocket_brand?post=109750"}],"curies":[{"name":"wp","href":"https:\/\/api.w.org\/{rel}","templated":true}]}}