{"id":109745,"date":"2025-05-18T20:53:20","date_gmt":"2025-05-18T20:53:20","guid":{"rendered":"https:\/\/staging2.stylingagenten.com\/fi\/produkt\/marc-jacobs-perfect-intense-edp-50ml\/"},"modified":"2026-03-11T22:04:41","modified_gmt":"2026-03-11T22:04:41","slug":"marc-jacobs-perfect-intense-edp-50ml","status":"publish","type":"product","link":"https:\/\/stylingagenten.com\/fi\/tuote\/marc-jacobs-perfect-intense-edp-50ml\/","title":{"rendered":"Marc Jacobs Perfect Intense Edp 50ml"},"content":{"rendered":"<p>Marc Jacobs Perfect Intense Edp 50 ml<br \/>t\u00e4ysi. Kultainen. Rohkea.<br \/>&#8211;<br \/>Juhlista aidon, peloton ja #PerfectAsIAm olemisen kauneutta Marc Jacobsin uudella naisten tuoksulla, Perfect Intense Eau de Parfumilla.<br \/>&#8211;<br \/> Aivan kuten myydyin alkuper\u00e4inen tuoksu Perfect, Perfect Intense on saanut inspiraationsa Marc Jacobsin henkil\u00f6kohtaisesta mantrasta &#8221;I am perfect just as I am&#8221;, jota h\u00e4nen ranteessa oleva &#8221;t\u00e4ydellinen&#8221; tatuointi symboloi.<br \/>&#8211;<br \/>Kuuluu kukkaistuoksuun Perfect Intense avautuu s\u00e4teilev\u00e4n narsissin ja valkoisen y\u00f6jasmiinin kukkasuuveilla. Kultaiseksi paahdetut mantelit kohtaavat santelipuun ja antavat tuoksulle l\u00e4mpim\u00e4n, pehme\u00e4n tuoksukokemuksen. Runsas, leikkis\u00e4 tuoksu, joka kest\u00e4\u00e4 pitk\u00e4\u00e4n iholla ja sopii kaikille naisille.<br \/>&#8211;<br \/>#MJPerfect<br \/>&#8211;<br \/>Tuoksuperhe: Comfort kukkainen<br \/>Alkutuoksu: Paahdetut mantelit, vaaleanpunainen pippuri,<br \/>Syd\u00e4ntuoksu: Absoluuttinen sitruuna, jasmiini sambac<br \/>Pohjatuoksu: seesami\u00f6ljy, santelipuu, ka\u0161meraani<\/p>\n","protected":false},"excerpt":{"rendered":"<p>Marc Jacobs Perfect Intense Edp 50 mlt\u00e4ysi. Kultainen. Rohkea.&#8211;Juhlista aidon, peloton ja #PerfectAsIAm olemisen kauneutta Marc Jacobsin uudella naisten tuoksulla, Perfect Intense Eau de Parfumilla.&#8211; Aivan kuten myydyin alkuper\u00e4inen tuoksu Perfect, Perfect Intense on saanut inspiraationsa Marc Jacobsin henkil\u00f6kohtaisesta mantrasta &#8221;I am perfect just as I am&#8221;, jota h\u00e4nen ranteessa oleva &#8221;t\u00e4ydellinen&#8221; tatuointi symboloi.&#8211;Kuuluu kukkaistuoksuun [&hellip;]<\/p>\n","protected":false},"featured_media":109731,"comment_status":"open","ping_status":"closed","template":"","meta":{"_trash_the_other_posts":false},"product_brand":[],"product_cat":[1006,999,706,534,735],"product_tag":[3390],"berocket_brand":[1069],"class_list":{"0":"post-109745","1":"product","2":"type-product","3":"status-publish","4":"has-post-thumbnail","6":"product_cat-kampanjahinta","7":"product_cat-kampanjatarjous-naiselle","8":"product_cat-naisten-eau-de-parfum","9":"product_cat-naisten-hajuvesi","10":"product_cat-kampanjamme","11":"product_tag-marc-jacobs-perfect-intense-edp","12":"pa_brand-marc-jacobs","13":"pa_variantti-50ml","14":"berocket_brand-marc-jacobs","16":"first","17":"instock","18":"sale","19":"taxable","20":"shipping-taxable","21":"purchasable","22":"product-type-simple"},"_links":{"self":[{"href":"https:\/\/stylingagenten.com\/fi\/wp-json\/wp\/v2\/product\/109745","targetHints":{"allow":["GET"]}}],"collection":[{"href":"https:\/\/stylingagenten.com\/fi\/wp-json\/wp\/v2\/product"}],"about":[{"href":"https:\/\/stylingagenten.com\/fi\/wp-json\/wp\/v2\/types\/product"}],"replies":[{"embeddable":true,"href":"https:\/\/stylingagenten.com\/fi\/wp-json\/wp\/v2\/comments?post=109745"}],"version-history":[{"count":0,"href":"https:\/\/stylingagenten.com\/fi\/wp-json\/wp\/v2\/product\/109745\/revisions"}],"wp:featuredmedia":[{"embeddable":true,"href":"https:\/\/stylingagenten.com\/fi\/wp-json\/wp\/v2\/media\/109731"}],"wp:attachment":[{"href":"https:\/\/stylingagenten.com\/fi\/wp-json\/wp\/v2\/media?parent=109745"}],"wp:term":[{"taxonomy":"product_brand","embeddable":true,"href":"https:\/\/stylingagenten.com\/fi\/wp-json\/wp\/v2\/product_brand?post=109745"},{"taxonomy":"product_cat","embeddable":true,"href":"https:\/\/stylingagenten.com\/fi\/wp-json\/wp\/v2\/product_cat?post=109745"},{"taxonomy":"product_tag","embeddable":true,"href":"https:\/\/stylingagenten.com\/fi\/wp-json\/wp\/v2\/product_tag?post=109745"},{"taxonomy":"berocket_brand","embeddable":true,"href":"https:\/\/stylingagenten.com\/fi\/wp-json\/wp\/v2\/berocket_brand?post=109745"}],"curies":[{"name":"wp","href":"https:\/\/api.w.org\/{rel}","templated":true}]}}