{"id":109744,"date":"2025-05-18T20:53:20","date_gmt":"2025-05-18T20:53:20","guid":{"rendered":"https:\/\/staging2.stylingagenten.com\/fi\/produkt\/jimmy-choo-flash-edp-100ml\/"},"modified":"2026-04-09T05:48:29","modified_gmt":"2026-04-09T05:48:29","slug":"jimmy-choo-flash-edp-100ml","status":"publish","type":"product","link":"https:\/\/stylingagenten.com\/fi\/tuote\/jimmy-choo-flash-edp-100ml\/","title":{"rendered":"Jimmy Choo Flash Edp 100ml"},"content":{"rendered":"<p>Jimmy Choo&#8217;s Flash eau de parfum 100ml on tuoksu, joka s\u00e4teilee glamouria ja ylellisyytt\u00e4. Kukkainen ja hedelm\u00e4inen tuoksukoostumus luo vastustamattoman hienostuneisuuden ja itsevarmuuden auran. Sen ainutlaatuiset ominaisuudet antavat sinulle pitk\u00e4kestoisen tuoksukokemuksen, joka sopii t\u00e4ydellisesti kaikkiin tilanteisiin. Muuta arkip\u00e4iv\u00e4si juhlaksi t\u00e4ll\u00e4 Jimmy Choon upealla tuoksulla<br \/>Fragrance Notes<br \/>\u2022Yl\u00e4tuoksu: Mansikka, vaaleanpunainen pippuri ja mandariini.<br \/>\u2022Syd\u00e4ntuoksu: tuberoosi, jasmiini ja kielo.<br \/> &gt;\u2022Pohjatuoksu: Puiset nuotit ja heliotrooppi.<\/p>\n","protected":false},"excerpt":{"rendered":"<p>Jimmy Choo&#8217;s Flash eau de parfum 100ml on tuoksu, joka s\u00e4teilee glamouria ja ylellisyytt\u00e4. Kukkainen ja hedelm\u00e4inen tuoksukoostumus luo vastustamattoman hienostuneisuuden ja itsevarmuuden auran. Sen ainutlaatuiset ominaisuudet antavat sinulle pitk\u00e4kestoisen tuoksukokemuksen, joka sopii t\u00e4ydellisesti kaikkiin tilanteisiin. Muuta arkip\u00e4iv\u00e4si juhlaksi t\u00e4ll\u00e4 Jimmy Choon upealla tuoksullaFragrance Notes\u2022Yl\u00e4tuoksu: Mansikka, vaaleanpunainen pippuri ja mandariini.\u2022Syd\u00e4ntuoksu: tuberoosi, jasmiini ja kielo. &gt;\u2022Pohjatuoksu: [&hellip;]<\/p>\n","protected":false},"featured_media":109736,"comment_status":"open","ping_status":"closed","template":"","meta":{"_trash_the_other_posts":false},"product_brand":[],"product_cat":[1006,999,707,534,735],"product_tag":[],"berocket_brand":[1122],"class_list":{"0":"post-109744","1":"product","2":"type-product","3":"status-publish","4":"has-post-thumbnail","6":"product_cat-kampanjahinta","7":"product_cat-kampanjatarjous-naiselle","8":"product_cat-naisten-eau-de-toilette","9":"product_cat-naisten-hajuvesi","10":"product_cat-kampanjamme","11":"pa_brand-jimmy-choo","12":"berocket_brand-jimmy-choo","14":"first","15":"instock","16":"sale","17":"taxable","18":"shipping-taxable","19":"purchasable","20":"product-type-simple"},"_links":{"self":[{"href":"https:\/\/stylingagenten.com\/fi\/wp-json\/wp\/v2\/product\/109744","targetHints":{"allow":["GET"]}}],"collection":[{"href":"https:\/\/stylingagenten.com\/fi\/wp-json\/wp\/v2\/product"}],"about":[{"href":"https:\/\/stylingagenten.com\/fi\/wp-json\/wp\/v2\/types\/product"}],"replies":[{"embeddable":true,"href":"https:\/\/stylingagenten.com\/fi\/wp-json\/wp\/v2\/comments?post=109744"}],"version-history":[{"count":0,"href":"https:\/\/stylingagenten.com\/fi\/wp-json\/wp\/v2\/product\/109744\/revisions"}],"wp:featuredmedia":[{"embeddable":true,"href":"https:\/\/stylingagenten.com\/fi\/wp-json\/wp\/v2\/media\/109736"}],"wp:attachment":[{"href":"https:\/\/stylingagenten.com\/fi\/wp-json\/wp\/v2\/media?parent=109744"}],"wp:term":[{"taxonomy":"product_brand","embeddable":true,"href":"https:\/\/stylingagenten.com\/fi\/wp-json\/wp\/v2\/product_brand?post=109744"},{"taxonomy":"product_cat","embeddable":true,"href":"https:\/\/stylingagenten.com\/fi\/wp-json\/wp\/v2\/product_cat?post=109744"},{"taxonomy":"product_tag","embeddable":true,"href":"https:\/\/stylingagenten.com\/fi\/wp-json\/wp\/v2\/product_tag?post=109744"},{"taxonomy":"berocket_brand","embeddable":true,"href":"https:\/\/stylingagenten.com\/fi\/wp-json\/wp\/v2\/berocket_brand?post=109744"}],"curies":[{"name":"wp","href":"https:\/\/api.w.org\/{rel}","templated":true}]}}